{"id":73581,"date":"2023-01-12T21:42:01","date_gmt":"2023-01-12T20:42:01","guid":{"rendered":"https:\/\/madelinefashion.pl\/?page_id=73581"},"modified":"2023-01-12T21:42:28","modified_gmt":"2023-01-12T20:42:28","slug":"program-partnerski-wspolpraca","status":"publish","type":"page","link":"https:\/\/madelinefashion.pl\/en\/program-partnerski-wspolpraca\/","title":{"rendered":"Affiliate Program - cooperation"},"content":{"rendered":"<style>\n        body {\n            font-family: Helvetica, sans-serif;\n            background-color: #f7f7f7;\n        }<\/p>\n<p>        .btn-primary-edit {\n            background-color: #FF6500;\n            border: none;\n            text-transform: lowercase;\n            color: #FFFFFF;\n        }<\/p>\n<p>            .btn-primary-edit:hover {\n                background-color: #FF6500;\n                border: none;\n                color: #FFFFFF;\n                text-transform: lowercase;\n            }<\/p>\n<p>        .btn-secondary {\n            background-color: #fff;\n            border: none;\n            text-transform: lowercase;\n            color: #000;\n        }<\/p>\n<p>            .btn-secondary:hover {\n                background-color: #fff;\n                border: none;\n                color: #000;\n                text-transform: lowercase;\n            }<\/p>\n<p>        .container {\n            background-color: #fff;\n            margin-top: 0px;\n            padding: 0px;\n        }<\/p>\n<\/style>\n<style>\n            .imagejumbotron {\n                background-image: url('https:\/\/image.weben1.com\/lp\/609bbd46ce40f9cd343416cd.jpg');\n                background-position: center center;\n                background-repeat: no-repeat;\n                background-size: cover;\n            }\n        <\/style>\n<style>\n            .imagesecond {\n                background-image: url('https:\/\/image.weben1.com\/lp\/609a7104832c60f777ad45a5.jpg');\n                background-position: center center;\n                background-repeat: no-repeat;\n                background-size: cover;\n            }\n        <\/style>\n<div class=\"container\" style=\"margin: 0 auto; max-width: 80%;\">\n<div class=\"jumbotron imagejumbotron\" style=\"padding: 65px; text-align: center; margin-bottom: 0px; background-color: #935353; border-radius: 0;\">\n<h1 style=\"color: #ffffff; text-transform: uppercase;\">Partner Program<\/h1>\n<p><a class=\"btn btn-lg btn-primary-edit\" style=\"border-radius: 0px; font-weight: bold; padding: 15px; font-size: large;\" role=\"button\" href=\"https:\/\/webepartners.pl\/programy-partnerskie\/madeline-fashion\/\" target=\"_blank\" rel=\"noopener\">Join and earn<\/a><\/div>\n<div class=\"jumbotron\" style=\"padding: 30px; text-align: center; background-color: #c7bfbc; border-radius: 0; color: #000000;\">\n<p class=\"lead\">\n<h3>Do you have a blog, YouTube channel or Instagram account?<br \/>\nRecommend our products and earn<\/h3>\n<p><a class=\"btn btn-lg btn-secondary\" style=\"background: #FFF; border-radius: 0px; font-weight: bold; padding: 15px; font-size: large;\" role=\"button\" href=\"https:\/\/webepartners.pl\/download\/42896\/\" target=\"_blank\" rel=\"noopener\">download the manual <i class=\"fas fa-arrow-circle-down\"><\/i><\/a><\/div>\n<div class=\"row\">\n<div class=\"col-12\" style=\"text-align: center; line-height: 40px;\">\n<h1 style=\"text-transform: uppercase;\">What do you gain?<\/h1>\n<ul style=\"list-style-type: none; font-size: 1.2rem; margin-left: -40px; font-weight: bold;\">\n<li>9.00% on the value of the recommended sale<\/li>\n<li>a wide range of advertising materials<\/li>\n<li>professional help in making money online<\/li>\n<\/ul>\n<\/div>\n<\/div>\n<div class=\"jumbotron\" style=\"padding: 30px; text-align: center; margin-bottom: 0px; background-color: #c7bfbc; border-radius: 0;\">\n<h2 style=\"text-transform: uppercase; margin-bottom: 40px;\">How to start?<\/h2>\n<div class=\"row\" style=\"font-weight: bold;\">\n<div class=\"col-2\" style=\"display: inline-block; padding: 10px;\"><\/div>\n<div class=\"col-2\" style=\"display: inline-block; padding: 10px;\"><img decoding=\"async\" style=\"max-height: 50px; margin-bottom: 15px;\" src=\"https:\/\/panel.webepartners.pl\/landing\/krok1.png\" alt=\"\" title=\"\">register<\/p>\n<\/div>\n<div class=\"col-2\" style=\"display: inline-block; padding: 10px;\"><img decoding=\"async\" style=\"max-height: 50px; margin-bottom: 15px;\" src=\"https:\/\/panel.webepartners.pl\/landing\/krok2.png\" alt=\"\" title=\"\">join the program<\/p>\n<\/div>\n<div class=\"col-2\" style=\"display: inline-block; padding: 10px;\"><img decoding=\"async\" style=\"max-height: 50px; margin-bottom: 15px;\" src=\"https:\/\/panel.webepartners.pl\/landing\/krok3.png\" alt=\"\" title=\"\">insert link or banner<\/p>\n<\/div>\n<div class=\"col-2\" style=\"display: inline-block; padding: 10px;\"><img decoding=\"async\" style=\"max-height: 50px; margin-bottom: 15px;\" src=\"https:\/\/panel.webepartners.pl\/landing\/krok4.png\" alt=\"\" title=\"\">receive commissions<\/p>\n<\/div>\n<div class=\"col-2\" style=\"display: inline-block; padding: 10px;\"><\/div>\n<\/div>\n<\/div>\n<div class=\"row\">\n<div class=\"col-12\" style=\"text-align: center; margin-top: 30px; margin-bottom: 30px;\">\n<h2 style=\"text-transform: uppercase;\">Use your potential<\/h2>\n<p>recommend Madeline Fashion products and earn money on your website<\/p>\n<p><a class=\"btn btn-lg btn-primary-edit\" style=\"color: #fff; border-radius: 0px; font-weight: bold; padding: 15px; font-size: large;\" role=\"button\" href=\"https:\/\/panel.webepartners.pl\/account\/login\" target=\"_blank\" rel=\"noopener\">pay and earn<\/a><\/div>\n<\/div>\n<div class=\"row\">\n<div class=\"col-12\" style=\"margin: 0 auto;\"><img decoding=\"async\" style=\"width: 100%;\" src=\"https:\/\/image.weben1.com\/lp\/609a7104832c60f777ad45a5.jpg\" alt=\"\" title=\"\"><\/div>\n<\/div>\n<div class=\"row\">\n<div class=\"col-12\" style=\"margin-top: 30px; margin-bottom: 30px;\">\n<h1 style=\"text-align: center; text-transform: uppercase;\">Questions &amp; Answers<\/h1>\n<p style=\"padding: 20px; line-height: 1.6;\"><b style=\"font-size: 20px;\">Who supports the Madeline Fashion affiliate program?<\/b><br \/>\nThe Affiliate Program is operated by webePartners, a dedicated affiliate network for e-commerce. webePartners provides technical support for the program and free affiliate tools for publishers.<\/p>\n<p><b style=\"font-size: 20px;\">What does it mean that I earn referral commission?<\/b><br \/>\nThe commission for referrals means that for each successful sale in our store that comes to fruition from your recommendation via an affiliate link, you will receive from us <b>9,00<\/b> % of the value of this transaction.<\/p>\n<p><b style=\"font-size: 20px;\">Is there a fee to join the Madeline Fashion affiliate program?<\/b><br \/>\nNO. Access to the Madeline Fashion affiliate program and affiliate tools is always free.<\/p>\n<p><b style=\"font-size: 20px;\">Do I have to meet certain conditions to join the program?<\/b><br \/>\nNO. Anyone who wants to earn money by recommending our products as part of the affiliate program can become a publisher.<\/p>\n<p><b style=\"font-size: 20px;\"> Can I join the program if I don&#039;t have my own blog\/service?<\/b><br \/>\nYes. Thanks to affiliate links, you can recommend our products on social networks (Facebook, Instagram, Youtube, Pinterest, etc.). You can also recommend among your friends by e-mail or via messengers such as Messenger or WhatsApp.<\/p>\n<p><b style=\"font-size: 20px;\">Do I have to carry out certain activities after joining the program?<\/b><br \/>\nNO. You are in no way obliged to carry out specific actions. You decide when you operate, which products you recommend and which affiliate tools to use.<\/p>\n<div style=\"text-align: center;\"><a class=\"btn btn-lg btn-primary-edit\" style=\"color: #fff; border-radius: 0px; font-weight: bold; padding: 15px; font-size: large;\" role=\"button\" href=\"https:\/\/webepartners.pl\/download\/42896\/\" target=\"_blank\" rel=\"noopener\">download the manual <i class=\"fas fa-arrow-circle-down\"><\/i><\/a><\/div>\n<\/div>\n<\/div>\n<div class=\"jumbotron\" style=\"padding: 30px; text-align: center; margin-top: 0px; background-color: #c7bfbc; border-radius: 0; color: #000;\">\n<h1 style=\"text-transform: uppercase;\">Want to know more?<\/h1>\n<p><b>knowledge base: <\/b><a style=\"color: #000;\" href=\"https:\/\/webepartners.pl\/baza-wiedzy\/\" target=\"_blank\" rel=\"noopener\">https:\/\/webepartners.pl\/baza-wiedzy\/<\/a><br \/>\n<b>e-mail:<\/b> <span style=\"color: #000;\">bok@webepartners.pl<\/span><br \/>\n<b>tel:<\/b> <span style=\"color: #000;\">71 390 49 02<\/span><\/p>\n<\/div>\n<\/div>","protected":false},"excerpt":{"rendered":"<p>Program partnerski Do\u0142\u0105cz i zarabiaj Masz bloga, kana\u0142 YouTube lub konto na Instagramie? Polecaj nasze produkty i zarabiaj pobierz instrukcj\u0119 Co zyskujesz? 9,00% od warto\u015bci poleconej sprzeda\u017cy szeroki wyb\u00f3r materia\u0142\u00f3w reklamowych profesjonaln\u0105 pomoc w zarabianiu online Jak zacz\u0105\u0107? zarejestruj si\u0119 do\u0142\u0105cz do programu wstaw link lub baner odbieraj prowizje Wykorzystaj sw\u00f3j potencja\u0142 polecaj produkty Madeline<\/p>\n<div class=\"klb-readmore post-buttons\"><a class=\"button black outline size-sm\" href=\"https:\/\/madelinefashion.pl\/en\/program-partnerski-wspolpraca\/\">Read More <i class=\"klbth-icon-right-arrow\"><\/i><\/a><\/div>","protected":false},"author":1,"featured_media":0,"parent":0,"menu_order":0,"comment_status":"closed","ping_status":"closed","template":"","meta":{"footnotes":""},"class_list":["post-73581","page","type-page","status-publish","hentry"],"_links":{"self":[{"href":"https:\/\/madelinefashion.pl\/en\/wp-json\/wp\/v2\/pages\/73581","targetHints":{"allow":["GET"]}}],"collection":[{"href":"https:\/\/madelinefashion.pl\/en\/wp-json\/wp\/v2\/pages"}],"about":[{"href":"https:\/\/madelinefashion.pl\/en\/wp-json\/wp\/v2\/types\/page"}],"author":[{"embeddable":true,"href":"https:\/\/madelinefashion.pl\/en\/wp-json\/wp\/v2\/users\/1"}],"replies":[{"embeddable":true,"href":"https:\/\/madelinefashion.pl\/en\/wp-json\/wp\/v2\/comments?post=73581"}],"version-history":[{"count":2,"href":"https:\/\/madelinefashion.pl\/en\/wp-json\/wp\/v2\/pages\/73581\/revisions"}],"predecessor-version":[{"id":73584,"href":"https:\/\/madelinefashion.pl\/en\/wp-json\/wp\/v2\/pages\/73581\/revisions\/73584"}],"wp:attachment":[{"href":"https:\/\/madelinefashion.pl\/en\/wp-json\/wp\/v2\/media?parent=73581"}],"curies":[{"name":"wp","href":"https:\/\/api.w.org\/{rel}","templated":true}]}}