{"id":10083,"date":"2021-04-27T14:45:55","date_gmt":"2021-04-27T12:45:55","guid":{"rendered":"https:\/\/madelinefashion.pl\/?post_type=product&#038;p=10083"},"modified":"2026-03-26T12:40:37","modified_gmt":"2026-03-26T11:40:37","slug":"tunika-z-koronka-nalla-jasno-szara","status":"publish","type":"product","link":"https:\/\/madelinefashion.pl\/en\/product\/tunika-z-koronka-nalla-jasno-szara\/","title":{"rendered":"Tunic with Lace Nalla Light Gray"},"content":{"rendered":"<h3 style=\"text-align: center;\">Tunic with Lace Nalla Light Gray<\/h3>\n<p style=\"text-align: center;\"><span style=\"font-size: 10pt;\">Are you looking for a comfortable and\u00a0<strong>stylish tunic<\/strong>which you can also wear as\u00a0<a href=\"https:\/\/madelinefashion.pl\/en\/sukienki-i-kombinezony\/sukienki\/\" target=\"_blank\" rel=\"noopener\">dress<\/a>\u00a0or a tunic? Check ours\u00a0<strong>tunics\u00a0<\/strong>! Dress type <strong>petticoat with lace and tulle<\/strong>. The petticoat has a spectacular lace. Made of high quality material, perfect for<strong> sweaters, <a href=\"https:\/\/madelinefashion.pl\/en\/kurtki-i-plaszcze\/kurtki\/\">jackets<\/a>, blouses - slightly oversize cut<\/strong>. Petticoat with a semicircular neckline, on the straps. Simple, mini-length cut nicely on the body. We recommend wearing it in two variants as a dress or a petticoat. Perfect as a styling base with ours <a href=\"https:\/\/madelinefashion.pl\/en\/?s=cleo&amp;post_type=product\">jacket <\/a>suede. <strong>The petticoat is available in many colors<\/strong>. <strong>Recommended for ladies in size XS SML<\/strong> <strong>XL <\/strong>if you wear a larger size, please check the dimensions carefully.\u00a0<\/span><\/p>\n<h3 style=\"text-align: center;\">\u00a0 \u00a0 \u00a0Dimensions<\/h3>\n<ul>\n<li style=\"text-align: center;\">Total front length - 91 cm<\/li>\n<li style=\"text-align: center;\">Width from armpit to armpit - 39-56 cm<\/li>\n<li style=\"text-align: center;\">Waist width - 41-56 cm<\/li>\n<li style=\"text-align: center;\">The width at the bottom - 52-63 cm<\/li>\n<\/ul>\n<p style=\"text-align: center;\">Dimensions may slightly differ from the given +\/- 2cm. All dimensions given are measured flat.<\/p>\n<h3 style=\"text-align: center;\">Characteristics:<\/h3>\n<p align=\"center\">-slip<br \/>\n- universal<br \/>\n- Made of high quality material<br \/>\n-fashionable<br \/>\n-woman<br \/>\n-lace<br \/>\n-tulle<\/p>\n<table>\n<tbody>\n<tr>\n<td width=\"302\">Model name<\/td>\n<td width=\"302\">Nalla tunic with lace<\/td>\n<\/tr>\n<tr>\n<td width=\"302\">Color<\/td>\n<td width=\"302\">Light Gray<\/td>\n<\/tr>\n<tr>\n<td width=\"302\">Sizes<\/td>\n<td width=\"302\">Universal<\/td>\n<\/tr>\n<tr>\n<td width=\"302\">Fashion<\/td>\n<td width=\"302\">Oversize<\/td>\n<\/tr>\n<tr>\n<td width=\"302\">Material<\/td>\n<td width=\"302\">85% Viscose 5% Elastane 10 % Polyester<\/td>\n<\/tr>\n<\/tbody>\n<\/table>\n<p style=\"text-align: center;\">The model has\u00a0<strong>169<\/strong>\u00a0cm tall, wears a size every day\u00a0<strong>S.<\/strong><\/p>\n<p style=\"text-align: center;\">Bust width 91 cm<\/p>\n<p style=\"text-align: center;\">Waist width 71 cm<\/p>\n<p style=\"text-align: center;\">Hip width 96 cm<\/p>\n<p style=\"text-align: center;\">","protected":false},"excerpt":{"rendered":"<p>Tunika z Koronk\u0105 Nalla Jasno Szara Szukasz wygodnej i\u00a0stylowej Tuniki, kt\u00f3r\u0105 mo\u017cesz nosi\u0107 r\u00f3wnie\u017c jako\u00a0sukienk\u0119\u00a0lub tunik\u0119? Sprawd\u017a nasze\u00a0tuniki\u00a0! Sukienka typu halka z koronk\u0105 i tiulem. Halka posiada efektown\u0105 koronk\u0119. Wykonana z wysokiej jako\u015bci materia\u0142u idealna do swetr\u00f3w, kurtek, bluzek &#8211; fason lekko oversize.\u00a0 Halka z p\u00f3\u0142okr\u0105g\u0142ym dekoltem, na\u00a0 rami\u0105czkach. Prosty kr\u00f3j o d\u0142ugo\u015bci mini \u0142adnie<\/p>\n<div class=\"klb-readmore post-buttons\"><a class=\"button black outline size-sm\" href=\"https:\/\/madelinefashion.pl\/en\/product\/tunika-z-koronka-nalla-jasno-szara\/\">Read More <i class=\"klbth-icon-right-arrow\"><\/i><\/a><\/div>","protected":false},"featured_media":112337,"template":"","meta":[],"product_brand":[],"product_cat":[125,380],"product_tag":[296],"class_list":{"0":"post-10083","1":"product","2":"type-product","3":"status-publish","4":"has-post-thumbnail","6":"product_cat-sukienki","7":"product_cat-wyprzedaz","8":"product_tag-tuniki","10":"first","11":"outofstock","12":"sale","13":"purchasable","14":"product-type-simple"},"_links":{"self":[{"href":"https:\/\/madelinefashion.pl\/en\/wp-json\/wp\/v2\/product\/10083","targetHints":{"allow":["GET"]}}],"collection":[{"href":"https:\/\/madelinefashion.pl\/en\/wp-json\/wp\/v2\/product"}],"about":[{"href":"https:\/\/madelinefashion.pl\/en\/wp-json\/wp\/v2\/types\/product"}],"wp:featuredmedia":[{"embeddable":true,"href":"https:\/\/madelinefashion.pl\/en\/wp-json\/wp\/v2\/media\/112337"}],"wp:attachment":[{"href":"https:\/\/madelinefashion.pl\/en\/wp-json\/wp\/v2\/media?parent=10083"}],"wp:term":[{"taxonomy":"product_brand","embeddable":true,"href":"https:\/\/madelinefashion.pl\/en\/wp-json\/wp\/v2\/product_brand?post=10083"},{"taxonomy":"product_cat","embeddable":true,"href":"https:\/\/madelinefashion.pl\/en\/wp-json\/wp\/v2\/product_cat?post=10083"},{"taxonomy":"product_tag","embeddable":true,"href":"https:\/\/madelinefashion.pl\/en\/wp-json\/wp\/v2\/product_tag?post=10083"}],"curies":[{"name":"wp","href":"https:\/\/api.w.org\/{rel}","templated":true}]}}