{"id":10140,"date":"2021-04-27T19:28:03","date_gmt":"2021-04-27T17:28:03","guid":{"rendered":"https:\/\/madelinefashion.pl\/?post_type=product&#038;p=10140"},"modified":"2026-01-20T10:34:35","modified_gmt":"2026-01-20T09:34:35","slug":"bluzka-w-kwiatki-wiazana-blekitna-mossi","status":"publish","type":"product","link":"https:\/\/madelinefashion.pl\/en\/product\/bluzka-w-kwiatki-wiazana-blekitna-mossi\/","title":{"rendered":"Blouse with flowers tied in blue mossi"},"content":{"rendered":"<h3 style=\"text-align: center;\">Blouse with flowers tied in blue mossi<\/h3>\n<p style=\"text-align: center;\">A blouse with tiny flowers is a must-have item in every woman&#039;s wardrobe. <strong>Print with tiny flowers will liven up the stylization<\/strong> and will put you in a positive mood every day. The looser cut of the blouse does not restrict movement and looks very girly. Model z <strong>tied hem<\/strong> with a floral cut will work both at work and on various occasions. <strong>Mossi Flower Blouse<\/strong>\u00a0 created for energetic, open-minded women who radiate joy. Combine the blouse with <a href=\"https:\/\/madelinefashion.pl\/en\/spodnie\/\">pants<\/a> fit and stand out from the crowd. Recommended for ladies from XS to L.<\/p>\n<p>&nbsp;<\/p>\n<h3 style=\"text-align: center;\">Dimensions:<\/h3>\n<p><span style=\"font-size: 10pt;\"><span style=\"font-size: 10pt;\">\u00a0<\/span><\/span><\/p>\n<ul style=\"text-align: center;\">\n<li><span style=\"font-size: 10pt;\">\u00a0\u00a0\u00a0 overall length: 49 cm\u00a0<\/span><\/li>\n<li><span style=\"font-size: 10pt;\">\u00a0\u00a0\u00a0\u00a0\u00a0\u00a0\u00a0 width from armpit to armpit: 45 cm<\/span><span style=\"font-size: 10pt;\">\u00a0\u00a0<\/span><\/li>\n<\/ul>\n<p style=\"text-align: center;\"><span style=\"font-size: 10pt;\">Dimensions may slightly differ from the given +\/- 2cm. All dimensions given are measured flat. <strong>X2 dimension<\/strong><\/span><\/p>\n<p style=\"text-align: center;\"><span style=\"font-size: 10pt;\">\u00a0<\/span><\/p>\n<p style=\"text-align: center;\"><span style=\"font-size: 10pt;\">\u00a0<\/span><\/p>\n<table>\n<tbody>\n<tr>\n<td width=\"302\">Model name<\/td>\n<td width=\"302\">Blouse in flowers Tied Mossi<\/td>\n<\/tr>\n<tr>\n<td width=\"302\">Color<\/td>\n<td width=\"302\">Blue<\/td>\n<\/tr>\n<tr>\n<td width=\"302\">Sizes<\/td>\n<td width=\"302\">Universal<\/td>\n<\/tr>\n<tr>\n<td width=\"302\">Fashion<\/td>\n<td width=\"302\">Oversize<\/td>\n<\/tr>\n<tr>\n<td width=\"302\">Material<\/td>\n<td width=\"302\">100% Viscose<\/td>\n<\/tr>\n<\/tbody>\n<\/table>\n<p style=\"text-align: center;\"><span style=\"font-size: 10pt;\">\u00a0<\/span><\/p>\n<p style=\"text-align: center;\">The model has\u00a0<strong>169<\/strong>\u00a0cm tall, wears a size every day\u00a0<strong>S.<\/strong><\/p>\n<p style=\"text-align: center;\">The width at the bust is 92 cm<\/p>\n<p style=\"text-align: center;\">Waist width 62 cm<\/p>\n<p style=\"text-align: center;\">The width at the hips is 94 cm<\/p>\n<p style=\"text-align: center;\"><span style=\"font-size: 10pt;\">\u00a0<\/span><\/p>\n<p style=\"text-align: center;\"><span style=\"font-size: 10pt;\">\u00a0<\/span><\/p>\n<p style=\"text-align: center;\"><span style=\"font-size: 10pt;\">\u00a0<\/span><\/p>","protected":false},"excerpt":{"rendered":"<p>Bluzka w Kwiatki Wi\u0105zana B\u0142\u0119kitna Mossi Bluzka w drobne kwiatki \u00a0to obowi\u0105zkowa pozycja w garderobie ka\u017cdej kobiety. Print w drobne kwiatuszki o\u017cywi stylizacj\u0119 i pozytywnie nastroi ka\u017cdego dnia. Lu\u017aniejszy fason bluzki nie kr\u0119puje ruch\u00f3w i wygl\u0105da bardzo dziewcz\u0119co. Model z wi\u0105zanym do\u0142em o kwiecistym fasonie \u00a0sprawdzi si\u0119 zar\u00f3wno w pracy jak i podczas r\u00f3\u017cnych okazji.<\/p>\n<div class=\"klb-readmore post-buttons\"><a class=\"button black outline size-sm\" href=\"https:\/\/madelinefashion.pl\/en\/product\/bluzka-w-kwiatki-wiazana-blekitna-mossi\/\">Read More <i class=\"klbth-icon-right-arrow\"><\/i><\/a><\/div>","protected":false},"featured_media":49321,"template":"","meta":[],"product_brand":[],"product_cat":[77],"product_tag":[],"class_list":{"0":"post-10140","1":"product","2":"type-product","3":"status-publish","4":"has-post-thumbnail","6":"product_cat-bluzki","8":"first","9":"instock","10":"sale","11":"purchasable","12":"product-type-simple"},"_links":{"self":[{"href":"https:\/\/madelinefashion.pl\/en\/wp-json\/wp\/v2\/product\/10140","targetHints":{"allow":["GET"]}}],"collection":[{"href":"https:\/\/madelinefashion.pl\/en\/wp-json\/wp\/v2\/product"}],"about":[{"href":"https:\/\/madelinefashion.pl\/en\/wp-json\/wp\/v2\/types\/product"}],"wp:featuredmedia":[{"embeddable":true,"href":"https:\/\/madelinefashion.pl\/en\/wp-json\/wp\/v2\/media\/49321"}],"wp:attachment":[{"href":"https:\/\/madelinefashion.pl\/en\/wp-json\/wp\/v2\/media?parent=10140"}],"wp:term":[{"taxonomy":"product_brand","embeddable":true,"href":"https:\/\/madelinefashion.pl\/en\/wp-json\/wp\/v2\/product_brand?post=10140"},{"taxonomy":"product_cat","embeddable":true,"href":"https:\/\/madelinefashion.pl\/en\/wp-json\/wp\/v2\/product_cat?post=10140"},{"taxonomy":"product_tag","embeddable":true,"href":"https:\/\/madelinefashion.pl\/en\/wp-json\/wp\/v2\/product_tag?post=10140"}],"curies":[{"name":"wp","href":"https:\/\/api.w.org\/{rel}","templated":true}]}}