{"id":10264,"date":"2021-04-28T21:38:49","date_gmt":"2021-04-28T19:38:49","guid":{"rendered":"https:\/\/madelinefashion.pl\/?post_type=product&#038;p=10264"},"modified":"2026-04-08T10:14:27","modified_gmt":"2026-04-08T08:14:27","slug":"sukienka-trapezowa-barbie-cytrynowa","status":"publish","type":"product","link":"https:\/\/madelinefashion.pl\/en\/product\/sukienka-trapezowa-barbie-cytrynowa\/","title":{"rendered":"Barbie Lemon Trapezoidal Dress"},"content":{"rendered":"<h3 style=\"text-align: center;\">Barbie Lemon Trapezoidal Dress<\/h3>\n<p style=\"text-align: center;\">A-line dresses are timeless and their design is characterized by the letter &#039;A&#039; shape. They are narrow at the top of the shoulders and slightly flare out towards the bottom, creating<strong> trapezoidal shape<\/strong>. In its classic form, it will not have a waistline and is half-thigh long. It is characterized by a loose cut, functional and, above all, very comfortable. We will meet it in various versions and we can adapt it to our own needs. It is certainly a reliable element of any women&#039;s wardrobe. <strong>The BARBIE dress is an elegant trapezoidal dress<\/strong> is a lovely proposition for ladies in size from<strong> 36 to 50<\/strong>\u00a0 The model is also designed for plus size ladies. It definitely comes to the fore here<strong> free<\/strong> trapezoidal cut <strong>widened from the hips<\/strong>perfect for <strong>women who are rounder and more fluffy<\/strong>. Without any problems, it will mask everything that we do not want to show and wonderfully at the same time <strong>will emphasize the femininity and qualities of a female figure<\/strong>. Model with a small round neckline and <strong>3\/4 sleeves<\/strong>, slip pockets hidden on the side seams and a slightly longer back. The dress fits beautifully on the figure and despite its simplicity and modesty, it adds a sense of attractiveness and self-confidence. Extremely comfortable to wear and mega feminine, great for social gatherings, family celebrations, weddings, chimneys or going to the cinema, theater and many other occasions.<\/p>\n<h3 style=\"text-align: center;\">Dimensions:<\/h3>\n<table width=\"786\">\n<tbody>\n<tr>\n<td>SIZE<\/td>\n<td>36<\/td>\n<td>38<\/td>\n<td>40<\/td>\n<td>42<\/td>\n<td>44<\/td>\n<td>\u00a0 46<\/td>\n<td>48<\/td>\n<td>50<\/td>\n<\/tr>\n<tr>\n<td>Bust<\/td>\n<td>88<\/td>\n<td>92<\/td>\n<td>96<\/td>\n<td>100<\/td>\n<td>104<\/td>\n<td>108<\/td>\n<td>112<\/td>\n<td>114<\/td>\n<\/tr>\n<tr>\n<td>Waist<\/td>\n<td>88<\/td>\n<td>92<\/td>\n<td>96<\/td>\n<td>100<\/td>\n<td>104<\/td>\n<td>108<\/td>\n<td>114<\/td>\n<td>120<\/td>\n<\/tr>\n<tr>\n<td>Total length<br \/>\nback<\/td>\n<td>\u00a094<\/td>\n<td>94<\/td>\n<td>95<\/td>\n<td>96<\/td>\n<td>97<\/td>\n<td>97<\/td>\n<td>97<\/td>\n<td>98<\/td>\n<\/tr>\n<\/tbody>\n<\/table>\n<h3 style=\"text-align: center;\">Product characteristics:<\/h3>\n<p style=\"text-align: center;\"><span style=\"font-size: 10pt;\">- elastic material<\/span><br \/>\n<span style=\"font-size: 10pt;\">- trapezoidal<br \/>\n<\/span>- feminine<br \/>\n- Polish product<br \/>\n- classic cut<br \/>\n- A style<\/p>\n<p style=\"text-align: center;\"><span style=\"font-size: 10pt;\"><strong>\u00a0<\/strong>\u00a0<\/span><\/p>\n<p>&nbsp;<\/p>\n<table style=\"height: 166px;\" width=\"670\">\n<tbody>\n<tr>\n<td width=\"302\"><span style=\"font-size: 10pt;\">Model name<\/span><\/td>\n<td width=\"302\">Barbie A-Line Dress<\/td>\n<\/tr>\n<tr>\n<td width=\"302\"><span style=\"font-size: 10pt;\">Color<\/span><\/td>\n<td width=\"302\"><span style=\"font-size: 10pt;\">Lemon \/ Yellow<\/span><\/td>\n<\/tr>\n<tr>\n<td width=\"302\"><span style=\"font-size: 10pt;\">Fashion<\/span><\/td>\n<td width=\"302\"><span style=\"font-size: 10pt;\">Matched<\/span><\/td>\n<\/tr>\n<tr>\n<td width=\"302\"><span style=\"font-size: 10pt;\">Material<\/span><\/td>\n<td width=\"302\"><span style=\"font-size: 10pt;\">97 % Polyester 3% Elastane<\/span><\/td>\n<\/tr>\n<tr>\n<td width=\"302\"><span style=\"font-size: 10pt;\">Length<\/span><\/td>\n<td width=\"302\"><span style=\"font-size: 13.3333px;\">Above the knee\u00a0<\/span><\/td>\n<\/tr>\n<\/tbody>\n<\/table>\n<p style=\"text-align: center;\">\u00a0The model has <strong>165<\/strong> cm tall, wears a size every day\u00a0<strong>S.<\/strong><\/p>\n<div class=\"additional-details\" style=\"text-align: center;\">\n<p style=\"text-align: center;\"><span style=\"font-size: 10pt;\">\u00a0<\/span><\/p>\n<\/div>","protected":false},"excerpt":{"rendered":"<p>Sukienka Trapezowa Barbie Cytrynowa Sukienki trapezowe s\u0105 ponadczasowe, a ich fason odznacza si\u0119 kszta\u0142tem litery 'A&#8217;. S\u0105 one w\u0105skie u g\u00f3ry w ramionach i rozszerzaj\u0105 si\u0119 delikatnie ku do\u0142owi tworz\u0105c kszta\u0142t trapezu. W klasycznej formie nie b\u0119dzie posiada\u0142a wci\u0119cia w talii i d\u0142ugo\u015bci\u0105 si\u0119ga do po\u0142owy ud. Charakteryzuje j\u0105 lu\u017any kr\u00f3j, funkcjonalny i przede wszystkim<\/p>\n<div class=\"klb-readmore post-buttons\"><a class=\"button black outline size-sm\" href=\"https:\/\/madelinefashion.pl\/en\/product\/sukienka-trapezowa-barbie-cytrynowa\/\">Read More <i class=\"klbth-icon-right-arrow\"><\/i><\/a><\/div>","protected":false},"featured_media":15648,"template":"","meta":[],"product_brand":[],"product_cat":[125,559],"product_tag":[],"class_list":{"0":"post-10264","1":"product","2":"type-product","3":"status-publish","4":"has-post-thumbnail","6":"product_cat-sukienki","7":"product_cat-noworoczna-sekcja-okazji","9":"first","10":"instock","11":"product-type-variable"},"_links":{"self":[{"href":"https:\/\/madelinefashion.pl\/en\/wp-json\/wp\/v2\/product\/10264","targetHints":{"allow":["GET"]}}],"collection":[{"href":"https:\/\/madelinefashion.pl\/en\/wp-json\/wp\/v2\/product"}],"about":[{"href":"https:\/\/madelinefashion.pl\/en\/wp-json\/wp\/v2\/types\/product"}],"wp:featuredmedia":[{"embeddable":true,"href":"https:\/\/madelinefashion.pl\/en\/wp-json\/wp\/v2\/media\/15648"}],"wp:attachment":[{"href":"https:\/\/madelinefashion.pl\/en\/wp-json\/wp\/v2\/media?parent=10264"}],"wp:term":[{"taxonomy":"product_brand","embeddable":true,"href":"https:\/\/madelinefashion.pl\/en\/wp-json\/wp\/v2\/product_brand?post=10264"},{"taxonomy":"product_cat","embeddable":true,"href":"https:\/\/madelinefashion.pl\/en\/wp-json\/wp\/v2\/product_cat?post=10264"},{"taxonomy":"product_tag","embeddable":true,"href":"https:\/\/madelinefashion.pl\/en\/wp-json\/wp\/v2\/product_tag?post=10264"}],"curies":[{"name":"wp","href":"https:\/\/api.w.org\/{rel}","templated":true}]}}