{"id":1027,"date":"2019-02-27T23:08:23","date_gmt":"2019-02-27T22:08:23","guid":{"rendered":"http:\/\/serwer2078743.home.pl\/?post_type=product&#038;p=1027"},"modified":"2026-01-15T12:43:43","modified_gmt":"2026-01-15T11:43:43","slug":"plaszcz-bezowy-krotki-z-flauszu","status":"publish","type":"product","link":"https:\/\/madelinefashion.pl\/en\/product\/plaszcz-bezowy-krotki-z-flauszu\/","title":{"rendered":"Beige coat with short fleece"},"content":{"rendered":"<h3 style=\"text-align: center;\">Beige coat with short fleece<\/h3>\n<p style=\"text-align: center;\">Short beige coat<strong>\u00a0made of fleece<\/strong> this <strong>ideal\u00a0<\/strong>suggestion on\u00a0<strong>spring, autumn<\/strong>\u00a0and delicate\u00a0<strong>winter<\/strong>. It is a combination of elegance, modernity and functionality - Beige coat fits every figure. The coat is universal - it is appropriate for any occasion, it will be perfect for any occasion\u00a0<strong>time of year<\/strong>Additionally, the fact that it is made of fleece makes it fit perfectly.<\/p>\n<h3 style=\"text-align: center;\">The coat is perfect for any occasion<\/h3>\n<p style=\"text-align: center;\">The real hit is the Beige color of the coat - this color is a real hit - an exclusive choice on Madelinefashion.pl. - sets new trends in styling. The choice of many women. The color adds character to the cloak, but also allows it to be adapted to different styles, due to the fact that the colors are subdued, elegant and chic.<\/p>\n<p style=\"text-align: center;\">The coat is also available in other colors - we encourage you to familiarize yourself with our other products.<\/p>\n<p style=\"text-align: center;\">Perfect for school, work, a date or meeting with friends!<\/p>\n<p style=\"text-align: center;\"><strong>Perfect for any time and occasion!<\/strong><\/p>\n<h3 style=\"text-align: center;\">Coat dimensions<\/h3>\n<ul style=\"text-align: center;\">\n<li>total length back: 72 cm<\/li>\n<li>width from armpit to armpit: 52 cm<\/li>\n<li>sleeve length from the shoulder: 62 cm<\/li>\n<li>sleeve length from armpit: 47 cm<\/li>\n<li>recommended maximum bust circumference: 125-130 cm<\/li>\n<li>bicep width: 36 cm<\/li>\n<\/ul>\n<p style=\"text-align: center;\">Dimensions may slightly differ from the given +\/- 2cm. All dimensions given are measured flat.<\/p>\n<p style=\"text-align: center;\"><strong>\u00a0<\/strong><\/p>\n<p>&nbsp;<\/p>\n<table>\n<tbody>\n<tr>\n<td width=\"302\">Model name<\/td>\n<td width=\"302\">Fleece coat beige \/ ecru<\/td>\n<\/tr>\n<tr>\n<td width=\"302\">Color<\/td>\n<td width=\"302\">Beige<\/td>\n<\/tr>\n<tr>\n<td width=\"302\">Sizes<\/td>\n<td width=\"302\">Universal<\/td>\n<\/tr>\n<tr>\n<td width=\"302\">Fashion<\/td>\n<td width=\"302\">Fitted \/ Waisted<\/td>\n<\/tr>\n<tr>\n<td width=\"302\">Hood<\/td>\n<td width=\"302\">Without the hood<\/td>\n<\/tr>\n<tr>\n<td width=\"302\">Warmed up<\/td>\n<td width=\"302\">Uninsulated<\/td>\n<\/tr>\n<tr>\n<td width=\"302\">Material<\/td>\n<td width=\"302\">Petersham<\/td>\n<\/tr>\n<\/tbody>\n<\/table>\n<p>&nbsp;<\/p>\n<p style=\"text-align: center;\">\u00a0The model has\u00a0<strong>169<\/strong>\u00a0cm tall, wears a size every day\u00a0<strong>S.<\/strong><\/p>\n<p style=\"text-align: center;\">The width at the bust is 92 cm<\/p>\n<p style=\"text-align: center;\">Waist width 62 cm<\/p>\n<p style=\"text-align: center;\">The width at the hips is 94 cm<\/p>","protected":false},"excerpt":{"rendered":"<p>P\u0142aszcz Be\u017cowy Kr\u00f3tki z Flauszu Be\u017cowy p\u0142aszcz kr\u00f3tki\u00a0z flauszu to idealna\u00a0propozycja na\u00a0wiosn\u0119, jesie\u0144\u00a0i delikatn\u0105\u00a0zim\u0119. Jest to po\u0142\u0105czenie elegancji, nowoczesno\u015bci i funkcjonalno\u015bci \u2013 Be\u017cowy p\u0142aszczyk wpisuje si\u0119 w ka\u017cd\u0105 sylwetk\u0119. P\u0142aszcz jest uniwersalny \u2013 jest stosowny na ka\u017cd\u0105 okazj\u0119, \u015bwietnie sprawdzi si\u0119 w ka\u017cdej\u00a0porze roku, dodatkowo wykonanie z flauszu sprawia, \u017ce idealnie si\u0119 uk\u0142ada. P\u0142aszczyk idealny<\/p>\n<div class=\"klb-readmore post-buttons\"><a class=\"button black outline size-sm\" href=\"https:\/\/madelinefashion.pl\/en\/product\/plaszcz-bezowy-krotki-z-flauszu\/\">Read More <i class=\"klbth-icon-right-arrow\"><\/i><\/a><\/div>","protected":false},"featured_media":31244,"template":"","meta":[],"product_brand":[],"product_cat":[119,395,279],"product_tag":[510],"class_list":{"0":"post-1027","1":"product","2":"type-product","3":"status-publish","4":"has-post-thumbnail","6":"product_cat-plaszcze-krotkie","7":"product_cat-nowosci","8":"product_cat-plaszcze-wiosenne","9":"product_tag-plaszcze-flauszowe","11":"first","12":"outofstock","13":"sale","14":"purchasable","15":"product-type-simple"},"_links":{"self":[{"href":"https:\/\/madelinefashion.pl\/en\/wp-json\/wp\/v2\/product\/1027","targetHints":{"allow":["GET"]}}],"collection":[{"href":"https:\/\/madelinefashion.pl\/en\/wp-json\/wp\/v2\/product"}],"about":[{"href":"https:\/\/madelinefashion.pl\/en\/wp-json\/wp\/v2\/types\/product"}],"wp:featuredmedia":[{"embeddable":true,"href":"https:\/\/madelinefashion.pl\/en\/wp-json\/wp\/v2\/media\/31244"}],"wp:attachment":[{"href":"https:\/\/madelinefashion.pl\/en\/wp-json\/wp\/v2\/media?parent=1027"}],"wp:term":[{"taxonomy":"product_brand","embeddable":true,"href":"https:\/\/madelinefashion.pl\/en\/wp-json\/wp\/v2\/product_brand?post=1027"},{"taxonomy":"product_cat","embeddable":true,"href":"https:\/\/madelinefashion.pl\/en\/wp-json\/wp\/v2\/product_cat?post=1027"},{"taxonomy":"product_tag","embeddable":true,"href":"https:\/\/madelinefashion.pl\/en\/wp-json\/wp\/v2\/product_tag?post=1027"}],"curies":[{"name":"wp","href":"https:\/\/api.w.org\/{rel}","templated":true}]}}