{"id":10322,"date":"2021-04-28T22:55:49","date_gmt":"2021-04-28T20:55:49","guid":{"rendered":"https:\/\/madelinefashion.pl\/?post_type=product&#038;p=10322"},"modified":"2026-01-20T10:34:33","modified_gmt":"2026-01-20T09:34:33","slug":"bluzka-koronkowa-tesla-pudrowy-roz","status":"publish","type":"product","link":"https:\/\/madelinefashion.pl\/en\/product\/bluzka-koronkowa-tesla-pudrowy-roz\/","title":{"rendered":"Tesla Lace Blouse Powder Pink"},"content":{"rendered":"<h3 style=\"text-align: center;\">Tesla Lace Blouse Powder Pink<\/h3>\n<p style=\"text-align: center;\"><span style=\"font-size: 10pt;\">Tesla Lace Blouse in powder pink color is a perfect proposition both for everyday and everyday use <strong>holiday getaways!<\/strong> The asymmetrical blouse is made of the highest quality cotton material, the whole thing looks very <strong>feminine<\/strong>. Lace blouse<strong>\u00a0in the style of a boho <\/strong>is a perfect proposition for warm spring and summer days. It is also perfect as <strong>pareo for a swimsuit.<\/strong> We recommend wearing this model with shorts. Pleasant to the touch cotton material and a looser cut look great. The oversized design makes the 100% comfortable.<strong> Guipure translucent material emphasizes the female beauty<\/strong> and broadcasts <strong>character styling<\/strong>. Asymmetrical openwork blouse available in our store in several colors. <strong>Recommended<\/strong> for ladies in size <strong>XS SML<\/strong>\u00a0 <strong>XL<\/strong> in case of wearing a larger size, please refer to the table below.<\/span><\/p>\n<h3 style=\"text-align: center;\">Dimensions:<\/h3>\n<ul style=\"text-align: center;\">\n<li><span style=\"font-size: 10pt;\">\u00a0\u00a0\u00a0\u00a0\u00a0\u00a0\u00a0 \u00a0\u00a0\u00a0\u00a0\u00a0\u00a0\u00a0 overall length: 70 cm<br \/>\n<\/span><\/li>\n<li>total side length: 80 cm<\/li>\n<li><span style=\"font-size: 10pt;\">\u00a0\u00a0\u00a0\u00a0\u00a0\u00a0\u00a0 \u00a0\u00a0\u00a0\u00a0\u00a0\u00a0\u00a0 width from armpit to armpit: 54-59 cm<br \/>\n<\/span><\/li>\n<li>sleeve length from armpit: 24 cm<br \/>\nsleeve length from shoulder: 40 cm<\/li>\n<li><\/li>\n<\/ul>\n<p style=\"text-align: center;\"><span style=\"font-size: 10pt;\">Dimensions may slightly differ from the given +\/- 2cm. All dimensions given are measured flat. X2 dimension<\/span><\/p>\n<p style=\"text-align: center;\"><span style=\"font-size: 10pt;\">\u00a0<\/span><\/p>\n<p style=\"text-align: center;\"><span style=\"font-size: 10pt;\"><strong>\u00a0<\/strong>\u00a0<\/span><\/p>\n<p>&nbsp;<\/p>\n<table>\n<tbody>\n<tr>\n<td width=\"302\"><span style=\"font-size: 10pt;\">Model name<\/span><\/td>\n<td width=\"302\">Tesla lace blouse<\/td>\n<\/tr>\n<tr>\n<td width=\"302\"><span style=\"font-size: 10pt;\">Color<\/span><\/td>\n<td width=\"302\">Powder Pink<\/td>\n<\/tr>\n<tr>\n<td width=\"302\"><span style=\"font-size: 10pt;\">Fashion<\/span><\/td>\n<td width=\"302\"><span style=\"font-size: 10pt;\">Oversize<\/span><\/td>\n<\/tr>\n<tr>\n<td width=\"302\"><span style=\"font-size: 10pt;\">Composition<\/span><\/td>\n<td width=\"302\"><span style=\"font-size: 10pt;\">100% Cotton\u00a0<\/span><\/td>\n<\/tr>\n<tr>\n<td width=\"302\"><span style=\"font-size: 10pt;\">Length<\/span><\/td>\n<td width=\"302\"><span style=\"font-size: 10pt;\">Up to mid-thigh<\/span><\/td>\n<\/tr>\n<\/tbody>\n<\/table>\n<p style=\"text-align: center;\"><span style=\"font-size: 10pt;\">\u00a0<\/span><\/p>\n<div class=\"additional-details\" style=\"text-align: center;\">\n<p>\u00a0The model has\u00a0<strong>169<\/strong>\u00a0cm tall, wears a size every day\u00a0<strong>S.<\/strong><\/p>\n<p>The width at the bust is 92 cm<\/p>\n<p>Waist width 62 cm<\/p>\n<p>The width at the hips is 94 cm<\/p>\n<p style=\"text-align: center;\"><span style=\"font-size: 10pt;\">\u00a0<\/span><\/p>\n<p style=\"text-align: center;\"><span style=\"font-size: 10pt;\">\u00a0<\/span><\/p>\n<\/div>","protected":false},"excerpt":{"rendered":"<p>Bluzka Koronkowa Tesla Pudrowy R\u00f3\u017c Bluzka Koronkowa Tesla w kolorze pudrowego r\u00f3\u017cu to idealna\u00a0 propozycja zar\u00f3wno na co dzie\u0144 jak i na wakacyjne wypady ! Bluzka asymetryczna wykonana jest z najwy\u017cszej jako\u015bci bawe\u0142nianego materia\u0142u, ca\u0142o\u015b\u0107 wygl\u0105da bardzo kobieco. Bluzka koronkowa\u00a0w stylu boho to idealna propozycja na ciep\u0142e wiosenne i letnie dni. Idealnie sprawdzi si\u0119 r\u00f3wnie\u017c<\/p>\n<div class=\"klb-readmore post-buttons\"><a class=\"button black outline size-sm\" href=\"https:\/\/madelinefashion.pl\/en\/product\/bluzka-koronkowa-tesla-pudrowy-roz\/\">Read More <i class=\"klbth-icon-right-arrow\"><\/i><\/a><\/div>","protected":false},"featured_media":50005,"template":"","meta":[],"product_brand":[],"product_cat":[77],"product_tag":[],"class_list":{"0":"post-10322","1":"product","2":"type-product","3":"status-publish","4":"has-post-thumbnail","6":"product_cat-bluzki","8":"first","9":"instock","10":"sale","11":"purchasable","12":"product-type-simple"},"_links":{"self":[{"href":"https:\/\/madelinefashion.pl\/en\/wp-json\/wp\/v2\/product\/10322","targetHints":{"allow":["GET"]}}],"collection":[{"href":"https:\/\/madelinefashion.pl\/en\/wp-json\/wp\/v2\/product"}],"about":[{"href":"https:\/\/madelinefashion.pl\/en\/wp-json\/wp\/v2\/types\/product"}],"wp:featuredmedia":[{"embeddable":true,"href":"https:\/\/madelinefashion.pl\/en\/wp-json\/wp\/v2\/media\/50005"}],"wp:attachment":[{"href":"https:\/\/madelinefashion.pl\/en\/wp-json\/wp\/v2\/media?parent=10322"}],"wp:term":[{"taxonomy":"product_brand","embeddable":true,"href":"https:\/\/madelinefashion.pl\/en\/wp-json\/wp\/v2\/product_brand?post=10322"},{"taxonomy":"product_cat","embeddable":true,"href":"https:\/\/madelinefashion.pl\/en\/wp-json\/wp\/v2\/product_cat?post=10322"},{"taxonomy":"product_tag","embeddable":true,"href":"https:\/\/madelinefashion.pl\/en\/wp-json\/wp\/v2\/product_tag?post=10322"}],"curies":[{"name":"wp","href":"https:\/\/api.w.org\/{rel}","templated":true}]}}