{"id":1035,"date":"2019-03-14T10:13:10","date_gmt":"2019-03-14T09:13:10","guid":{"rendered":"http:\/\/serwer2078743.home.pl\/?post_type=product&#038;p=1035"},"modified":"2026-01-15T12:43:42","modified_gmt":"2026-01-15T11:43:42","slug":"plaszcz-czerwony-plus-size-z-flauszu","status":"publish","type":"product","link":"https:\/\/madelinefashion.pl\/en\/product\/plaszcz-czerwony-plus-size-z-flauszu\/","title":{"rendered":"Red Plus Size Coat with Fleece"},"content":{"rendered":"<h2 style=\"text-align: center;\">Red Plus Size Coat with Fleece<\/h2>\n<p style=\"text-align: center;\">The color red is an eye-catcher every time it appears in seasonal collections. Timeless color - <strong>always in fashion<\/strong> . One creation can be the focal point to create the styling on <strong>many different occasions<\/strong>. The red fleece coat is a real hit of the season. It is a combination of elegance, modernity and functionality. <strong>Fleece coat<\/strong> - is real <strong>best seller<\/strong> on offer <strong>MadelineFashion<\/strong>. Why? They are the perfect combination <strong>style, elegance<\/strong> and <strong>low price<\/strong>. Many of our clients choose fleece coats, because for the price of a cotton coat they can buy several different models, in different colors, thanks to which they have much more freedom in <strong>creating different styles! <\/strong>Size <strong>universal Plus Size <\/strong>\u00a0recommended for\u00a0 <strong>Mr<\/strong> wearing<strong> size<\/strong> <strong>44,46,48,50<\/strong> which is a huge advantage of this model. In the offer <strong>we have<\/strong> also <strong>smaller<\/strong> recommended for SML XL. In our online store you will find this product in a variety of colors for an unbeatable price <strong>low price<\/strong>.<\/p>\n<h3 style=\"text-align: center;\">The dimensions of the Plus Size coat<\/h3>\n<ul style=\"text-align: center;\">\n<li style=\"text-align: center;\"><span style=\"background-color: #ffffff;\">total length back: 90 cm\u00a0<\/span><\/li>\n<li style=\"text-align: center;\"><span style=\"background-color: #ffffff;\">width from armpit to armpit: 59 cm\u00a0<\/span><\/li>\n<li style=\"text-align: center;\"><span style=\"background-color: #ffffff;\">sleeve length from the shoulder: 62 cm<\/span><\/li>\n<li style=\"text-align: center;\"><span style=\"background-color: #ffffff;\">sleeve length from armpit: 47 cm<\/span><\/li>\n<li style=\"text-align: center;\"><span style=\"background-color: #ffffff;\">recommended maximum bust circumference: 130-145 cm<\/span><\/li>\n<li style=\"text-align: center;\"><span style=\"background-color: #ffffff;\">bicep width: 39 cm<\/span><\/li>\n<\/ul>\n<p style=\"text-align: center;\">Dimensions may slightly differ from the given +\/- 2cm. All dimensions given are measured flat.<\/p>\n<p style=\"text-align: center;\"><strong>\u00a0<\/strong><\/p>\n<table width=\"617\">\n<tbody>\n<tr>\n<td width=\"302\">Model name<\/td>\n<td width=\"302\">Plus Size fleece coat<\/td>\n<\/tr>\n<tr>\n<td width=\"302\">Color<\/td>\n<td width=\"302\">Red<\/td>\n<\/tr>\n<tr>\n<td width=\"302\">Collection<\/td>\n<td width=\"302\">Spring \/ Autumn \/ Winter<\/td>\n<\/tr>\n<tr>\n<td width=\"302\">Sizes<\/td>\n<td width=\"302\">Universal (Plus Size)<\/td>\n<\/tr>\n<tr>\n<td width=\"302\">Fashion<\/td>\n<td width=\"302\">Oversize<\/td>\n<\/tr>\n<tr>\n<td width=\"302\">Hood<\/td>\n<td width=\"302\">Without the hood<\/td>\n<\/tr>\n<tr>\n<td width=\"302\">Warmed up<\/td>\n<td width=\"302\">Uninsulated<\/td>\n<\/tr>\n<tr>\n<td width=\"302\">Material<\/td>\n<td width=\"302\">Petersham<\/td>\n<\/tr>\n<\/tbody>\n<\/table>\n<p style=\"text-align: center;\">\u00a0The model has\u00a0<strong>173<\/strong>\u00a0cm tall in size <strong>Plus Size<\/strong><\/p>","protected":false},"excerpt":{"rendered":"<p>P\u0142aszcz Czerwony Plus Size z Flauszu Kolor czerwony przyci\u0105ga wzrok za ka\u017cdym razem, gdy tylko pojawia si\u0119 w sezonowych kolekcjach. Ponadczasowy kolor &#8211; zawsze w modzie . Jedna kreacja mo\u017ce by\u0107 g\u0142\u00f3wnym punktem do stworzenia stylizacji na wiele r\u00f3\u017cnych okazji. Czerwony p\u0142aszcz z flauszu to prawdziwy hit sezonu . Jest to po\u0142\u0105czenie elegancji, nowoczesno\u015bci i<\/p>\n<div class=\"klb-readmore post-buttons\"><a class=\"button black outline size-sm\" href=\"https:\/\/madelinefashion.pl\/en\/product\/plaszcz-czerwony-plus-size-z-flauszu\/\">Read More <i class=\"klbth-icon-right-arrow\"><\/i><\/a><\/div>","protected":false},"featured_media":6618,"template":"","meta":[],"product_brand":[],"product_cat":[102,279],"product_tag":[510],"class_list":{"0":"post-1035","1":"product","2":"type-product","3":"status-publish","4":"has-post-thumbnail","6":"product_cat-plaszcze-plus-size","7":"product_cat-plaszcze-wiosenne","8":"product_tag-plaszcze-flauszowe","10":"first","11":"instock","12":"sale","13":"purchasable","14":"product-type-simple"},"_links":{"self":[{"href":"https:\/\/madelinefashion.pl\/en\/wp-json\/wp\/v2\/product\/1035","targetHints":{"allow":["GET"]}}],"collection":[{"href":"https:\/\/madelinefashion.pl\/en\/wp-json\/wp\/v2\/product"}],"about":[{"href":"https:\/\/madelinefashion.pl\/en\/wp-json\/wp\/v2\/types\/product"}],"wp:featuredmedia":[{"embeddable":true,"href":"https:\/\/madelinefashion.pl\/en\/wp-json\/wp\/v2\/media\/6618"}],"wp:attachment":[{"href":"https:\/\/madelinefashion.pl\/en\/wp-json\/wp\/v2\/media?parent=1035"}],"wp:term":[{"taxonomy":"product_brand","embeddable":true,"href":"https:\/\/madelinefashion.pl\/en\/wp-json\/wp\/v2\/product_brand?post=1035"},{"taxonomy":"product_cat","embeddable":true,"href":"https:\/\/madelinefashion.pl\/en\/wp-json\/wp\/v2\/product_cat?post=1035"},{"taxonomy":"product_tag","embeddable":true,"href":"https:\/\/madelinefashion.pl\/en\/wp-json\/wp\/v2\/product_tag?post=1035"}],"curies":[{"name":"wp","href":"https:\/\/api.w.org\/{rel}","templated":true}]}}