{"id":103768,"date":"2023-09-18T16:08:39","date_gmt":"2023-09-18T14:08:39","guid":{"rendered":"https:\/\/madelinefashion.pl\/?post_type=product&#038;p=103768"},"modified":"2026-03-26T12:39:19","modified_gmt":"2026-03-26T11:39:19","slug":"sukienka-jagoda-dluga-czarna","status":"publish","type":"product","link":"https:\/\/madelinefashion.pl\/en\/product\/sukienka-jagoda-dluga-czarna\/","title":{"rendered":"Berry Dress Long Black"},"content":{"rendered":"<h3 style=\"text-align: center;\">Berry Dress Long Black<\/h3>\n<p style=\"text-align: center;\"><span style=\"font-size: 10pt;\"><strong>\u00a0Beautiful long evening dress<\/strong> made of airy material with a lace top decorated with wonderful embroidery and decorations in the form of sparkling crystals. It beautifully displays feminine shapes - the bottom of the dress is made entirely of flowing material.\u00a0 <\/span><span style=\"font-size: 10pt;\"><strong>The dress exposes the back beautifully - the V-shaped neckline<\/strong>\u00a0 both at the front and rear. The dress has cups sewn in at the front, so you do not need to wear a bra. Dress in a set with a delicate material that can be put on the shoulders. Made and sewn in Poland. <\/span>Dress\u00a0<strong>Black berry <\/strong>in the maxi version it is an ideal proposition for demanding women. We know how important it is for everyone <b>of us <\/b>there is an appropriately selected creation.\u00a0<strong>Dresses\u00a0<\/strong><b>occasional<\/b> they should be adjusted to the type of beauty, figure and, above all, they should provide 100 % of comfort. This ensures that the creation will fulfill its role in the 100% - it will catch the eye.<br \/>\n<span style=\"font-size: 10pt;\">Available in sizes <strong>XS SML XL XXL XXXL<\/strong> . Dresses <strong>Pretty Women<\/strong> is an excellent choice for a wedding, prom, New Year&#039;s Eve and other elegant special events. Available in our e-shop in several color variants, so do not hesitate and choose the one that is perfect for you. If you can&#039;t decide which color, <strong>size<\/strong> is the best for you, <strong>contact us<\/strong> through <a href=\"https:\/\/www.facebook.com\/madelinefashionbutik\" target=\"_blank\" rel=\"noopener\">Facebook<\/a> or <a href=\"https:\/\/madelinefashion.pl\/en\/kontakt\/\">phone<\/a>. If the size is not available on the website, please contact us.\u00a0<\/span><\/p>\n<h3 style=\"text-align: center;\">DRESS DIMENSIONS:<\/h3>\n<table width=\"556\">\n<tbody>\n<tr>\n<td width=\"202\"><strong>SIZE<\/strong><\/td>\n<td><strong>Bust<\/strong><\/td>\n<td><strong>Waist<\/strong><\/td>\n<td><strong>Hips<\/strong><\/td>\n<\/tr>\n<tr>\n<td width=\"202\"><strong>34<\/strong><\/td>\n<td>84-86<\/td>\n<td>64<\/td>\n<td>\u00a0Any<\/td>\n<\/tr>\n<tr>\n<td width=\"202\"><strong>36<\/strong><\/td>\n<td>88-90<\/td>\n<td>68<\/td>\n<td>\u00a0Any<\/td>\n<\/tr>\n<tr>\n<td width=\"202\"><strong>38<\/strong><\/td>\n<td>92-94<\/td>\n<td>72<\/td>\n<td>\u00a0Any<\/td>\n<\/tr>\n<tr>\n<td width=\"202\"><strong>40<\/strong><\/td>\n<td>96-98<\/td>\n<td>76<\/td>\n<td>\u00a0Any<\/td>\n<\/tr>\n<tr>\n<td width=\"202\"><strong>42<\/strong><\/td>\n<td>100-104<\/td>\n<td>80<\/td>\n<td>\u00a0Any<\/td>\n<\/tr>\n<tr>\n<td width=\"202\"><strong>44<\/strong><\/td>\n<td>102-106<\/td>\n<td>86<\/td>\n<td>\u00a0Any<\/td>\n<\/tr>\n<tr>\n<td width=\"202\"><strong>46<\/strong><\/td>\n<td>106-110<\/td>\n<td>88<\/td>\n<td>\u00a0Any<\/td>\n<\/tr>\n<\/tbody>\n<\/table>\n<p>&nbsp;<\/p>\n<p>&nbsp;<\/p>\n<p style=\"text-align: center;\"><span style=\"font-size: 10pt;\"><span style=\"font-size: 10pt;\">The dress is also available in <\/span><strong style=\"font-size: 10pt;\">other color variants<\/strong><span style=\"font-size: 10pt;\"> - we encourage you to familiarize yourself with our other products.\u00a0<\/span>total length approx. 157 cm\u00a0\u00a0<\/span>(the dress can be shortened on your own)<\/p>\n<p style=\"text-align: center;\"><span style=\"font-size: 10pt;\">Dimensions may slightly differ from the given +\/- 2cm.\u00a0<\/span><\/p>\n<p style=\"text-align: center;\"><span style=\"font-size: 10pt;\"><strong>\u00a0<\/strong>\u00a0<\/span><\/p>\n<table width=\"618\">\n<tbody>\n<tr>\n<td width=\"302\">Model name<\/td>\n<td width=\"302\">Long Blueberry Dress<\/td>\n<\/tr>\n<tr>\n<td width=\"302\">Color<\/td>\n<td width=\"302\">Black<\/td>\n<\/tr>\n<tr>\n<td width=\"302\">Mark<\/td>\n<td width=\"302\">Pretty Women<\/td>\n<\/tr>\n<tr>\n<td width=\"302\">Sizes<\/td>\n<td width=\"302\">34 36 38 40 42 44 46<\/td>\n<\/tr>\n<tr>\n<td width=\"302\">Fashion<\/td>\n<td width=\"302\">Matched<\/td>\n<\/tr>\n<tr>\n<td width=\"302\">Material<\/td>\n<td width=\"302\">Viscose, Polyester, Cotton<\/td>\n<\/tr>\n<tr>\n<td width=\"302\">Length<\/td>\n<td width=\"302\">To the ground<\/td>\n<\/tr>\n<\/tbody>\n<\/table>\n<p style=\"text-align: center;\"><span style=\"font-size: 10pt;\">\u00a0<\/span><\/p>\n<p>&nbsp;<\/p>\n<p style=\"text-align: center;\"><span style=\"font-size: 10pt;\">In order to match <strong>perfect dresses<\/strong> we invite you to contact us by phone or contact us <a href=\"https:\/\/www.facebook.com\/madelinefashionbutik\" target=\"_blank\" rel=\"noopener\">Facebook<\/a> .<\/span><br \/>\n<span style=\"font-size: 10pt;\">Our team will help <strong>Choose the right one<\/strong> . <strong>We can make each dress at the request of the buyer\u00a0<\/strong><strong>measure carefully.\u00a0<\/strong><\/span><\/p>\n<div class=\"additional-details\" style=\"text-align: center;\">\n<p style=\"text-align: center;\"><span style=\"font-size: 10pt;\">\u00a0<\/span><\/p>\n<\/div>","protected":false},"excerpt":{"rendered":"<p>Sukienka Jagoda D\u0142uga Czarna \u00a0Pi\u0119kna d\u0142uga suknia wieczorowa ze zwiewnego materia\u0142u z koronkow\u0105 g\u00f3r\u0105 zdobion\u0105 cudownymi haftami oraz zdobieniami w postaci mieni\u0105cych si\u0119 kryszta\u0142k\u00f3w. Pi\u0119knie eksponuje kobiece kszta\u0142ty- d\u00f3\u0142 sukienki wykonany w ca\u0142o\u015bci z lej\u0105cego si\u0119 materia\u0142u.\u00a0 Sukienka pi\u0119knie eksponuje plecy\u00a0 &#8211; dekolt w kszta\u0142cie litery V\u00a0 zar\u00f3wno z przodu jak i ty\u0142u . Sukienka<\/p>\n<div class=\"klb-readmore post-buttons\"><a class=\"button black outline size-sm\" href=\"https:\/\/madelinefashion.pl\/en\/product\/sukienka-jagoda-dluga-czarna\/\">Read More <i class=\"klbth-icon-right-arrow\"><\/i><\/a><\/div>","protected":false},"featured_media":118547,"template":"","meta":[],"product_brand":[],"product_cat":[124,395,559,564,568],"product_tag":[213,257,385,163],"class_list":{"0":"post-103768","1":"product","2":"type-product","3":"status-publish","4":"has-post-thumbnail","6":"product_cat-sukienki-okolicznosciowe","7":"product_cat-nowosci","8":"product_cat-noworoczna-sekcja-okazji","9":"product_cat-sukienki-plus-size","10":"product_cat-sukienki-rozkloszowane-szyfonowe","11":"product_tag-sukienka-czarna","12":"product_tag-madelinefashion","13":"product_tag-plus-size","14":"product_tag-sukienki-dlugie","16":"first","17":"instock","18":"sale","19":"purchasable","20":"product-type-variable"},"_links":{"self":[{"href":"https:\/\/madelinefashion.pl\/en\/wp-json\/wp\/v2\/product\/103768","targetHints":{"allow":["GET"]}}],"collection":[{"href":"https:\/\/madelinefashion.pl\/en\/wp-json\/wp\/v2\/product"}],"about":[{"href":"https:\/\/madelinefashion.pl\/en\/wp-json\/wp\/v2\/types\/product"}],"wp:featuredmedia":[{"embeddable":true,"href":"https:\/\/madelinefashion.pl\/en\/wp-json\/wp\/v2\/media\/118547"}],"wp:attachment":[{"href":"https:\/\/madelinefashion.pl\/en\/wp-json\/wp\/v2\/media?parent=103768"}],"wp:term":[{"taxonomy":"product_brand","embeddable":true,"href":"https:\/\/madelinefashion.pl\/en\/wp-json\/wp\/v2\/product_brand?post=103768"},{"taxonomy":"product_cat","embeddable":true,"href":"https:\/\/madelinefashion.pl\/en\/wp-json\/wp\/v2\/product_cat?post=103768"},{"taxonomy":"product_tag","embeddable":true,"href":"https:\/\/madelinefashion.pl\/en\/wp-json\/wp\/v2\/product_tag?post=103768"}],"curies":[{"name":"wp","href":"https:\/\/api.w.org\/{rel}","templated":true}]}}