{"id":10387,"date":"2021-04-29T00:34:03","date_gmt":"2021-04-28T22:34:03","guid":{"rendered":"https:\/\/madelinefashion.pl\/?post_type=product&#038;p=10387"},"modified":"2026-01-20T10:34:32","modified_gmt":"2026-01-20T09:34:32","slug":"bluzka-na-ramiaczkach-z-napisami-memories-zolty","status":"publish","type":"product","link":"https:\/\/madelinefashion.pl\/en\/product\/bluzka-na-ramiaczkach-z-napisami-memories-zolty\/","title":{"rendered":"Yellow Blouse with Straps Memories"},"content":{"rendered":"<h3 style=\"text-align: center;\">Yellow Blouse with Straps Memories<\/h3>\n<p style=\"text-align: center;\"><b>Yellow Strappy Blouse with Memories Inscriptions. <\/b>Thanks to it, you will create an unforgettable stylization. Another offer of the most fashionable blouses with straps with inscriptions this season. We recommend! Shaded cotton blouse in a universal size, recommended from S to XL.<\/p>\n<h2 style=\"text-align: center;\">Dimensions:<\/h2>\n<ul style=\"text-align: center;\">\n<li style=\"list-style-type: none;\">\n<ul>\n<li style=\"list-style-type: none;\">\n<ul>\n<li>Total length front: 60 cm<\/li>\n<li>Width from armpit to armpit: 43 - 53 cm<\/li>\n<li>Bottom width: 48-55 cm<\/li>\n<\/ul>\n<p>&nbsp;<\/li>\n<\/ul>\n<\/li>\n<\/ul>\n<p style=\"text-align: center;\">Dimensions may slightly differ from the given +\/- 2cm. All dimensions given are measured flat.<\/p>\n<p style=\"text-align: center;\"><span style=\"font-size: 10pt;\">\u00a0<\/span><\/p>\n<p style=\"text-align: center;\"><span style=\"font-size: 10pt;\">\u00a0<\/span><\/p>\n<table width=\"608\">\n<tbody>\n<tr>\n<td width=\"302\">Model name<\/td>\n<td width=\"302\">Strappy Blouse with Memories inscriptions<\/td>\n<\/tr>\n<tr>\n<td width=\"302\">Color<\/td>\n<td width=\"302\">Yellow<\/td>\n<\/tr>\n<tr>\n<td width=\"302\">Sizes<\/td>\n<td width=\"302\">Universal<\/td>\n<\/tr>\n<tr>\n<td width=\"302\">Fashion<\/td>\n<td width=\"302\">Oversize<\/td>\n<\/tr>\n<tr>\n<td width=\"302\">Material<\/td>\n<td width=\"302\">100% Cotton<\/td>\n<\/tr>\n<\/tbody>\n<\/table>\n<p style=\"text-align: center;\"><span style=\"font-size: 10pt;\">\u00a0<\/span><\/p>\n<div class=\"tabs tabs-bb clear mb-80\">\n<div class=\"tab-content\">\n<div id=\"tab-description\" class=\"tab-pane fade in woocommerce-Tabs-panel--description active\">\n<p style=\"text-align: center;\">The model has\u00a0<strong>169<\/strong>\u00a0cm tall, wears a size every day\u00a0<strong>S.<\/strong><\/p>\n<p style=\"text-align: center;\">The width at the bust is 92 cm<\/p>\n<p style=\"text-align: center;\">Waist width 62 cm<\/p>\n<p style=\"text-align: center;\">The width at the hips is 94 cm<\/p>\n<\/div>\n<\/div>\n<\/div>","protected":false},"excerpt":{"rendered":"<p>Bluzka Na Rami\u0105czkach z Napisami Memories \u017b\u00f3\u0142ty Bluzka Na Rami\u0105czkach z Napisami Memories w kolorze \u017b\u00f3\u0142tym. Dzi\u0119ki niej stworzysz niezapomnian\u0105 stylizacj\u0119. Kolejna ju\u017c propozycja najmodniejszych w tym sezonie bluzek\u00a0 na rami\u0105czkach z napisami. Polecamy! Bluzka bawe\u0142niana cieniowana w rozmiarze\u00a0 uniwersalnym zalecana od S do XL. Wymiary: D\u0142ugo\u015b\u0107 ca\u0142kowita prz\u00f3d : 60 cm Szeroko\u015b\u0107 od pachy<\/p>\n<div class=\"klb-readmore post-buttons\"><a class=\"button black outline size-sm\" href=\"https:\/\/madelinefashion.pl\/en\/product\/bluzka-na-ramiaczkach-z-napisami-memories-zolty\/\">Read More <i class=\"klbth-icon-right-arrow\"><\/i><\/a><\/div>","protected":false},"featured_media":52332,"template":"","meta":[],"product_brand":[],"product_cat":[77,85],"product_tag":[292],"class_list":{"0":"post-10387","1":"product","2":"type-product","3":"status-publish","4":"has-post-thumbnail","6":"product_cat-bluzki","7":"product_cat-t-shirty","8":"product_tag-topy","10":"first","11":"instock","12":"sale","13":"purchasable","14":"product-type-simple"},"_links":{"self":[{"href":"https:\/\/madelinefashion.pl\/en\/wp-json\/wp\/v2\/product\/10387","targetHints":{"allow":["GET"]}}],"collection":[{"href":"https:\/\/madelinefashion.pl\/en\/wp-json\/wp\/v2\/product"}],"about":[{"href":"https:\/\/madelinefashion.pl\/en\/wp-json\/wp\/v2\/types\/product"}],"wp:featuredmedia":[{"embeddable":true,"href":"https:\/\/madelinefashion.pl\/en\/wp-json\/wp\/v2\/media\/52332"}],"wp:attachment":[{"href":"https:\/\/madelinefashion.pl\/en\/wp-json\/wp\/v2\/media?parent=10387"}],"wp:term":[{"taxonomy":"product_brand","embeddable":true,"href":"https:\/\/madelinefashion.pl\/en\/wp-json\/wp\/v2\/product_brand?post=10387"},{"taxonomy":"product_cat","embeddable":true,"href":"https:\/\/madelinefashion.pl\/en\/wp-json\/wp\/v2\/product_cat?post=10387"},{"taxonomy":"product_tag","embeddable":true,"href":"https:\/\/madelinefashion.pl\/en\/wp-json\/wp\/v2\/product_tag?post=10387"}],"curies":[{"name":"wp","href":"https:\/\/api.w.org\/{rel}","templated":true}]}}