{"id":1039,"date":"2019-03-14T10:18:34","date_gmt":"2019-03-14T09:18:34","guid":{"rendered":"http:\/\/serwer2078743.home.pl\/?post_type=product&#038;p=1039"},"modified":"2026-01-15T12:43:42","modified_gmt":"2026-01-15T11:43:42","slug":"plaszcz-cappuccino-jasne-plus-size-z-flauszu","status":"publish","type":"product","link":"https:\/\/madelinefashion.pl\/en\/product\/plaszcz-cappuccino-jasne-plus-size-z-flauszu\/","title":{"rendered":"Bright Plus Size Cappuccino Coat made of Fleece"},"content":{"rendered":"<h3 style=\"text-align: center;\">Bright Plus Size Cappuccino Coat made of Fleece<\/h3>\n<p style=\"text-align: center;\">\u00a0<strong>A modern, elegant and stylish fleece coat<\/strong>that fits every figure and is suitable for all occasions i <strong>every season of the year<\/strong>. Thanks to the structure of the material, it will work better <strong>on colder days and during transitional periods.<\/strong> Size <strong>universal Plus Size <\/strong>\u00a0recommended for\u00a0 <strong>Mr<\/strong> wearing<strong> size<\/strong> <strong>44,46,48,50<\/strong> which is a huge advantage of this model. In the offer <strong>we have<\/strong> also <strong>smaller<\/strong> recommended for SML XL. The coat is also available in other colors - we encourage you to see our other products in our e-shop. You can use our coats for <strong>most<\/strong> yours <strong>styling<\/strong>, due to the fact that the colors are subdued, <strong>elegant<\/strong> and chic.<\/p>\n<h3 style=\"text-align: center;\">Plus Size Coat Dimensions:<\/h3>\n<ul style=\"text-align: center;\">\n<li>total length back: 90 cm<\/li>\n<li>width from armpit to armpit: 59 cm<\/li>\n<li>sleeve length from the shoulder: 62 cm<\/li>\n<li>sleeve length from armpit: 47 cm<\/li>\n<li>recommended maximum bust circumference: 130-145 cm<\/li>\n<li>bicep width: 39 cm<\/li>\n<\/ul>\n<p style=\"text-align: center;\">Dimensions may slightly differ from the given +\/- 2cm. All dimensions given are measured flat.<\/p>\n<table>\n<tbody>\n<tr>\n<td width=\"302\">Model name<\/td>\n<td width=\"302\">Plus Size Cappuccino Bright coat<\/td>\n<\/tr>\n<tr>\n<td width=\"302\">Color<\/td>\n<td width=\"302\">cappuccino<\/td>\n<\/tr>\n<tr>\n<td width=\"302\">Collection<\/td>\n<td width=\"302\">Spring \/ Autumn \/ Winter<\/td>\n<\/tr>\n<tr>\n<td width=\"302\">Sizes<\/td>\n<td width=\"302\">Universal (Plus Size)<\/td>\n<\/tr>\n<tr>\n<td width=\"302\">Fashion<\/td>\n<td width=\"302\">Oversize<\/td>\n<\/tr>\n<tr>\n<td width=\"302\">Hood<\/td>\n<td width=\"302\">Without the hood<\/td>\n<\/tr>\n<tr>\n<td width=\"302\">Warmed up<\/td>\n<td width=\"302\">Uninsulated<\/td>\n<\/tr>\n<tr>\n<td width=\"302\">Material<\/td>\n<td width=\"302\">Petersham<\/td>\n<\/tr>\n<\/tbody>\n<\/table>\n<p style=\"text-align: center;\">","protected":false},"excerpt":{"rendered":"<p>P\u0142aszcz Cappuccino Jasne Plus Size z Flauszu \u00a0Nowoczesny, elegancki i stylowy p\u0142aszcz flauszowy, kt\u00f3ry wpisuje si\u0119 w ka\u017cd\u0105 sylwetk\u0119 i jest stosowny na ka\u017cd\u0105 okazj\u0119 i ka\u017cd\u0105 por\u0119 roku. Dzi\u0119ki strukturze materia\u0142u\u00a0 lepiej sprawdzi si\u0119 w ch\u0142odniejsze dni i okresy przej\u015bciowe. Rozmiar uniwersalny Plus Size \u00a0zalecany dla\u00a0 Pa\u0144 nosz\u0105cych rozmiar 44,46,48,50 co jest ogromnym atutem<\/p>\n<div class=\"klb-readmore post-buttons\"><a class=\"button black outline size-sm\" href=\"https:\/\/madelinefashion.pl\/en\/product\/plaszcz-cappuccino-jasne-plus-size-z-flauszu\/\">Read More <i class=\"klbth-icon-right-arrow\"><\/i><\/a><\/div>","protected":false},"featured_media":60983,"template":"","meta":[],"product_brand":[],"product_cat":[102,279],"product_tag":[510],"class_list":{"0":"post-1039","1":"product","2":"type-product","3":"status-publish","4":"has-post-thumbnail","6":"product_cat-plaszcze-plus-size","7":"product_cat-plaszcze-wiosenne","8":"product_tag-plaszcze-flauszowe","10":"first","11":"instock","12":"sale","13":"purchasable","14":"product-type-simple"},"_links":{"self":[{"href":"https:\/\/madelinefashion.pl\/en\/wp-json\/wp\/v2\/product\/1039","targetHints":{"allow":["GET"]}}],"collection":[{"href":"https:\/\/madelinefashion.pl\/en\/wp-json\/wp\/v2\/product"}],"about":[{"href":"https:\/\/madelinefashion.pl\/en\/wp-json\/wp\/v2\/types\/product"}],"wp:featuredmedia":[{"embeddable":true,"href":"https:\/\/madelinefashion.pl\/en\/wp-json\/wp\/v2\/media\/60983"}],"wp:attachment":[{"href":"https:\/\/madelinefashion.pl\/en\/wp-json\/wp\/v2\/media?parent=1039"}],"wp:term":[{"taxonomy":"product_brand","embeddable":true,"href":"https:\/\/madelinefashion.pl\/en\/wp-json\/wp\/v2\/product_brand?post=1039"},{"taxonomy":"product_cat","embeddable":true,"href":"https:\/\/madelinefashion.pl\/en\/wp-json\/wp\/v2\/product_cat?post=1039"},{"taxonomy":"product_tag","embeddable":true,"href":"https:\/\/madelinefashion.pl\/en\/wp-json\/wp\/v2\/product_tag?post=1039"}],"curies":[{"name":"wp","href":"https:\/\/api.w.org\/{rel}","templated":true}]}}