{"id":1043,"date":"2019-03-14T10:22:12","date_gmt":"2019-03-14T09:22:12","guid":{"rendered":"http:\/\/serwer2078743.home.pl\/?post_type=product&#038;p=1043"},"modified":"2026-03-20T13:04:14","modified_gmt":"2026-03-20T12:04:14","slug":"plaszcz-jasno-szary-melanz-plus-size-z-flauszu","status":"publish","type":"product","link":"https:\/\/madelinefashion.pl\/en\/product\/plaszcz-jasno-szary-melanz-plus-size-z-flauszu\/","title":{"rendered":"Light Gray Heather Plus Size Coat with Fleece"},"content":{"rendered":"<h2 style=\"text-align: center;\">Light Gray Heather Plus Size Coat with Fleece<\/h2>\n<p style=\"text-align: center;\"><strong>Gray coat<\/strong> this <strong>must-have<\/strong> in every woman&#039;s wardrobe! It is the perfect complement to many styles. It is a combination of elegance, modernity and functionality - Gray <strong>coat<\/strong> fits into any stylization. Size <strong>universal Plus Size <\/strong>\u00a0recommended for\u00a0 <strong>Mr<\/strong> wearing<strong> size<\/strong> <strong>44,46,48,50<\/strong> which is a huge advantage of this model. In the offer <strong>we have<\/strong> also <strong>smaller<\/strong> recommended for SML XL. In our online store you will find this product in a variety of colors for unbeatable <strong>low price<\/strong>.<\/p>\n<h2 style=\"text-align: center;\">The coat is perfect for any occasion<\/h2>\n<p style=\"text-align: center;\">Successful women in high positions know perfectly well what colors to wear in order to inspire confidence and look professional in any situation. The coat is also available in other colors - we encourage you to familiarize yourself with our other products.<\/p>\n<p style=\"text-align: center;\">Perfect for school, work, a date or meeting with friends!<\/p>\n<h2 style=\"text-align: center;\">Plus Size Coat Dimensions:<\/h2>\n<ul style=\"text-align: center;\">\n<li style=\"text-align: center;\">total length back: 90 cm<\/li>\n<li style=\"text-align: center;\">width from armpit to armpit: 59 cm<\/li>\n<li style=\"text-align: center;\">sleeve length from the shoulder: 62 cm<\/li>\n<li style=\"text-align: center;\">sleeve length from armpit: 47 cm<\/li>\n<li style=\"text-align: center;\">recommended maximum bust circumference: 130-145 cm<\/li>\n<li style=\"text-align: center;\">bicep width: 39 cm<\/li>\n<\/ul>\n<p style=\"text-align: center;\">Dimensions may slightly differ from the given +\/- 2cm. All dimensions given are measured flat.<\/p>\n<p style=\"text-align: center;\"><strong>\u00a0<\/strong><\/p>\n<table width=\"616\">\n<tbody>\n<tr>\n<td width=\"302\">Model name<\/td>\n<td width=\"302\">Plus Size fleece coat<\/td>\n<\/tr>\n<tr>\n<td width=\"302\">Color<\/td>\n<td width=\"302\">Light Gray Melange<\/td>\n<\/tr>\n<tr>\n<td width=\"302\">Collection<\/td>\n<td width=\"302\">Spring \/ Autumn \/ Winter<\/td>\n<\/tr>\n<tr>\n<td width=\"302\">Sizes<\/td>\n<td width=\"302\">Universal (Plus Size)<\/td>\n<\/tr>\n<tr>\n<td width=\"302\">Fashion<\/td>\n<td width=\"302\">Oversize<\/td>\n<\/tr>\n<tr>\n<td width=\"302\">Hood<\/td>\n<td width=\"302\">Without the hood<\/td>\n<\/tr>\n<tr>\n<td width=\"302\">Warmed up<\/td>\n<td width=\"302\">Uninsulated<\/td>\n<\/tr>\n<tr>\n<td width=\"302\">Material<\/td>\n<td width=\"302\">Petersham<\/td>\n<\/tr>\n<\/tbody>\n<\/table>\n<p style=\"text-align: center;\">\u00a0The model has\u00a0<strong>173<\/strong>\u00a0cm tall in size <strong>Plus Size<\/strong><\/p>","protected":false},"excerpt":{"rendered":"<p>P\u0142aszcz Jasno Szary Melan\u017c Plus Size z Flauszu Szary p\u0142aszcz to must-have w szafie ka\u017cdej kobiety! Jest to idealne dope\u0142nienie wielu stylizacji. Jest to po\u0142\u0105czenie elegancji, nowoczesno\u015bci i funkcjonalno\u015bci \u2013 Szary p\u0142aszczyk wpisuje si\u0119 w ka\u017cd\u0105 stylizacj\u0119. Rozmiar uniwersalny Plus Size \u00a0zalecany dla\u00a0 Pa\u0144 nosz\u0105cych rozmiar 44,46,48,50 co jest ogromnym atutem tego modelu. W ofercie<\/p>\n<div class=\"klb-readmore post-buttons\"><a class=\"button black outline size-sm\" href=\"https:\/\/madelinefashion.pl\/en\/product\/plaszcz-jasno-szary-melanz-plus-size-z-flauszu\/\">Read More <i class=\"klbth-icon-right-arrow\"><\/i><\/a><\/div>","protected":false},"featured_media":6647,"template":"","meta":[],"product_brand":[],"product_cat":[102,279],"product_tag":[510],"class_list":{"0":"post-1043","1":"product","2":"type-product","3":"status-publish","4":"has-post-thumbnail","6":"product_cat-plaszcze-plus-size","7":"product_cat-plaszcze-wiosenne","8":"product_tag-plaszcze-flauszowe","10":"first","11":"outofstock","12":"sale","13":"purchasable","14":"product-type-simple"},"_links":{"self":[{"href":"https:\/\/madelinefashion.pl\/en\/wp-json\/wp\/v2\/product\/1043","targetHints":{"allow":["GET"]}}],"collection":[{"href":"https:\/\/madelinefashion.pl\/en\/wp-json\/wp\/v2\/product"}],"about":[{"href":"https:\/\/madelinefashion.pl\/en\/wp-json\/wp\/v2\/types\/product"}],"wp:featuredmedia":[{"embeddable":true,"href":"https:\/\/madelinefashion.pl\/en\/wp-json\/wp\/v2\/media\/6647"}],"wp:attachment":[{"href":"https:\/\/madelinefashion.pl\/en\/wp-json\/wp\/v2\/media?parent=1043"}],"wp:term":[{"taxonomy":"product_brand","embeddable":true,"href":"https:\/\/madelinefashion.pl\/en\/wp-json\/wp\/v2\/product_brand?post=1043"},{"taxonomy":"product_cat","embeddable":true,"href":"https:\/\/madelinefashion.pl\/en\/wp-json\/wp\/v2\/product_cat?post=1043"},{"taxonomy":"product_tag","embeddable":true,"href":"https:\/\/madelinefashion.pl\/en\/wp-json\/wp\/v2\/product_tag?post=1043"}],"curies":[{"name":"wp","href":"https:\/\/api.w.org\/{rel}","templated":true}]}}