{"id":10447,"date":"2021-04-30T15:02:57","date_gmt":"2021-04-30T13:02:57","guid":{"rendered":"https:\/\/madelinefashion.pl\/?post_type=product&#038;p=10447"},"modified":"2026-01-20T10:34:30","modified_gmt":"2026-01-20T09:34:30","slug":"top-koronkowy-kaya-czarny","status":"publish","type":"product","link":"https:\/\/madelinefashion.pl\/en\/product\/top-koronkowy-kaya-czarny\/","title":{"rendered":"Kaya Black Lace Top"},"content":{"rendered":"<h3 style=\"text-align: center;\">Kaya Black Lace Top<\/h3>\n<p><strong>Lace top <\/strong>in Black <strong>,\u00a0<\/strong>this <strong>unusual model<\/strong>in which you will feel very much <strong>feminine<\/strong>. It looks great with our models\u00a0 <a href=\"https:\/\/madelinefashion.pl\/en\/spodnie\/\">pants<\/a> with a high waist and shorts. The whole blouse is made of high-quality light lace, in addition, the blouse has stiffening for the bust. The lace blouse has an elastic band on the back and adjustable lace straps, thanks to which it fits perfectly to the body. A subtle model refined in every detail. Trimmed with beautiful, high-quality <strong>guipure<\/strong>. Lace top <em>\u00a0<\/em>looks great with\u00a0<a href=\"https:\/\/madelinefashion.pl\/en\/spodnie\/\">shorts<\/a>,\u00a0<a href=\"https:\/\/madelinefashion.pl\/en\/spodnie\/\">jeans<\/a> or a skirt - models that you can also find in our store. Top perfect for ladies in size <strong>\u00a0XS SM L.<\/strong><\/p>\n<h2 style=\"text-align: center;\">\u00a0 \u00a0 \u00a0Dimensions:<\/h2>\n<ul style=\"text-align: center;\">\n<li>overall length: 42 cm<\/li>\n<li>width from armpit to armpit: 36-45 cm<\/li>\n<li><\/li>\n<li><\/li>\n<\/ul>\n<p style=\"text-align: center;\">Dimensions may slightly differ from the given +\/- 2cm. All dimensions given are measured flat. X2 dimension<\/p>\n<table>\n<tbody>\n<tr>\n<td width=\"302\">Model name<\/td>\n<td width=\"302\">Kaya Lace Top<\/td>\n<\/tr>\n<tr>\n<td width=\"302\">Color<\/td>\n<td width=\"302\">Black<\/td>\n<\/tr>\n<tr>\n<td width=\"302\">Sizes<\/td>\n<td width=\"302\">Universal<\/td>\n<\/tr>\n<tr>\n<td width=\"302\">Fashion<\/td>\n<td width=\"302\">Matched<\/td>\n<\/tr>\n<tr>\n<td width=\"302\">Material<\/td>\n<td width=\"302\">100 % Polyester<\/td>\n<\/tr>\n<\/tbody>\n<\/table>\n<p>&nbsp;<\/p>\n<p>&nbsp;<\/p>\n<p style=\"text-align: center;\">The model has\u00a0<strong>169<\/strong>\u00a0cm tall, wears a size every day\u00a0<strong>S.<\/strong><\/p>\n<p style=\"text-align: center;\">The width at the bust is 92 cm<\/p>\n<p style=\"text-align: center;\">Waist width 62 cm<\/p>\n<p style=\"text-align: center;\">The width at the hips is 94 cm<\/p>\n<p style=\"text-align: center;\">","protected":false},"excerpt":{"rendered":"<p>Top Koronkowy Kaya Czarny Top koronkowy w kolorze Czarnym ,\u00a0to niezwyk\u0142y model, w kt\u00f3rym poczujesz si\u0119 bardzo kobieco. \u015awietnie prezentuje si\u0119 z naszymi modelami\u00a0 spodni z wysokim stanem oraz z szortami. Ca\u0142o\u015b\u0107 bluzki wykonana jest z wysokiej jako\u015bci lekkiej koronki, dodatkowo bluzeczka posiada usztywnienia na biust. Bluzka koronkowa posiada gumk\u0119 na plecach oraz regulowane rami\u0105czka<\/p>\n<div class=\"klb-readmore post-buttons\"><a class=\"button black outline size-sm\" href=\"https:\/\/madelinefashion.pl\/en\/product\/top-koronkowy-kaya-czarny\/\">Read More <i class=\"klbth-icon-right-arrow\"><\/i><\/a><\/div>","protected":false},"featured_media":49686,"template":"","meta":[],"product_brand":[],"product_cat":[77,395],"product_tag":[292],"class_list":{"0":"post-10447","1":"product","2":"type-product","3":"status-publish","4":"has-post-thumbnail","6":"product_cat-bluzki","7":"product_cat-nowosci","8":"product_tag-topy","10":"first","11":"instock","12":"sale","13":"purchasable","14":"product-type-simple"},"_links":{"self":[{"href":"https:\/\/madelinefashion.pl\/en\/wp-json\/wp\/v2\/product\/10447","targetHints":{"allow":["GET"]}}],"collection":[{"href":"https:\/\/madelinefashion.pl\/en\/wp-json\/wp\/v2\/product"}],"about":[{"href":"https:\/\/madelinefashion.pl\/en\/wp-json\/wp\/v2\/types\/product"}],"wp:featuredmedia":[{"embeddable":true,"href":"https:\/\/madelinefashion.pl\/en\/wp-json\/wp\/v2\/media\/49686"}],"wp:attachment":[{"href":"https:\/\/madelinefashion.pl\/en\/wp-json\/wp\/v2\/media?parent=10447"}],"wp:term":[{"taxonomy":"product_brand","embeddable":true,"href":"https:\/\/madelinefashion.pl\/en\/wp-json\/wp\/v2\/product_brand?post=10447"},{"taxonomy":"product_cat","embeddable":true,"href":"https:\/\/madelinefashion.pl\/en\/wp-json\/wp\/v2\/product_cat?post=10447"},{"taxonomy":"product_tag","embeddable":true,"href":"https:\/\/madelinefashion.pl\/en\/wp-json\/wp\/v2\/product_tag?post=10447"}],"curies":[{"name":"wp","href":"https:\/\/api.w.org\/{rel}","templated":true}]}}