{"id":1045,"date":"2019-03-14T10:24:19","date_gmt":"2019-03-14T09:24:19","guid":{"rendered":"http:\/\/serwer2078743.home.pl\/?post_type=product&#038;p=1045"},"modified":"2026-01-15T12:43:41","modified_gmt":"2026-01-15T11:43:41","slug":"plaszcz-czarny-plus-size-z-flauszu","status":"publish","type":"product","link":"https:\/\/madelinefashion.pl\/en\/product\/plaszcz-czarny-plus-size-z-flauszu\/","title":{"rendered":"Black Plus Size Coat with Fleece"},"content":{"rendered":"<h2 style=\"text-align: center;\">Black Plus Size Coat with Fleece<\/h2>\n<p style=\"text-align: center;\"><strong>Black coat<\/strong> this <strong>must-have<\/strong> in every woman&#039;s wardrobe! It is the perfect complement to many styles. It is a combination of elegance, modernity and functionality - the black coat fits into any styling. <strong>Black coat<\/strong> is universal - you can use the coat for <strong>styling:<\/strong>\u00a0 elegant and sporty, <strong>it will be perfect at any time of the year<\/strong>Additionally, the fact that it is made of fleece makes it fit perfectly. The coat is perfect for any occasion. Successful women in high positions know perfectly well what colors to wear in order to inspire confidence and<strong>\u00a0look professional<\/strong>\u00a0in any situation. In fashion, you like everything black. You choose\u00a0<strong>black clothes<\/strong>\u00a0and extras. Even if you don&#039;t drink black coffee, this color is your everyday companion. You are\u00a0<strong>black lover<\/strong>which is experiencing its great renaissance. Size <strong>universal Plus Size <\/strong>\u00a0recommended for\u00a0 <strong>Mr<\/strong> wearing<strong> size<\/strong> <strong>44,46,48,50<\/strong> which is a huge advantage of this model. In the offer <strong>we have<\/strong> also <strong>smaller<\/strong> recommended for SML XL. In our online store you will find this product in a variety of colors for unbeatable <strong>low price<\/strong>.<\/p>\n<h2 style=\"text-align: center;\">Coat dimensions<\/h2>\n<ul style=\"text-align: center;\">\n<li>total length back: 90 cm<\/li>\n<li>width from armpit to armpit: 59 cm<\/li>\n<li>sleeve length from the shoulder: 62 cm<\/li>\n<li>sleeve length from armpit: 47 cm<\/li>\n<li>recommended maximum bust circumference: 130-145 cm<\/li>\n<li>bicep width: 39 cm<\/li>\n<\/ul>\n<p style=\"text-align: center;\">The dimensions may be slightly different from the given +\/- 2cm. All dimensions given are measured flat.<\/p>\n<table width=\"620\">\n<tbody>\n<tr>\n<td width=\"302\">Model name<\/td>\n<td width=\"302\">Plus fleece coat<\/td>\n<\/tr>\n<tr>\n<td width=\"302\">Color<\/td>\n<td width=\"302\">Black<\/td>\n<\/tr>\n<tr>\n<td width=\"302\">Collection<\/td>\n<td width=\"302\">Spring \/ Autumn \/ Winter<\/td>\n<\/tr>\n<tr>\n<td width=\"302\">Sizes<\/td>\n<td width=\"302\">Universal (Plus Size)<\/td>\n<\/tr>\n<tr>\n<td width=\"302\">Fashion<\/td>\n<td width=\"302\">Fitted \/ Waisted<\/td>\n<\/tr>\n<tr>\n<td width=\"302\">Hood<\/td>\n<td width=\"302\">Without the hood<\/td>\n<\/tr>\n<tr>\n<td width=\"302\">Pockets<\/td>\n<td width=\"302\">Yes<\/td>\n<\/tr>\n<tr>\n<td width=\"302\">Material<\/td>\n<td width=\"302\">Petersham<\/td>\n<\/tr>\n<\/tbody>\n<\/table>\n<p style=\"text-align: center;\">\u00a0The model has\u00a0<strong>173<\/strong>\u00a0cm tall in size <strong>Plus Size<\/strong><\/p>","protected":false},"excerpt":{"rendered":"<p>P\u0142aszcz Czarny Plus Size z Flauszu Czarny p\u0142aszcz to must-have w szafie ka\u017cdej kobiety! Jest to idealne dope\u0142nienie wielu stylizacji. Jest to po\u0142\u0105czenie elegancji, nowoczesno\u015bci i funkcjonalno\u015bci \u2013 Czarny \u00a0p\u0142aszczyk wpisuje si\u0119 w ka\u017cd\u0105 stylizacj\u0119. P\u0142aszcz czarny jest uniwersalny \u2013 wykorzystasz p\u0142aszcz do stylizacji:\u00a0 eleganckich i tych sportowych , \u015bwietnie sprawdzi si\u0119 w ka\u017cdej porze<\/p>\n<div class=\"klb-readmore post-buttons\"><a class=\"button black outline size-sm\" href=\"https:\/\/madelinefashion.pl\/en\/product\/plaszcz-czarny-plus-size-z-flauszu\/\">Read More <i class=\"klbth-icon-right-arrow\"><\/i><\/a><\/div>","protected":false},"featured_media":6656,"template":"","meta":[],"product_brand":[],"product_cat":[102,279],"product_tag":[510],"class_list":{"0":"post-1045","1":"product","2":"type-product","3":"status-publish","4":"has-post-thumbnail","6":"product_cat-plaszcze-plus-size","7":"product_cat-plaszcze-wiosenne","8":"product_tag-plaszcze-flauszowe","10":"first","11":"outofstock","12":"sale","13":"purchasable","14":"product-type-simple"},"_links":{"self":[{"href":"https:\/\/madelinefashion.pl\/en\/wp-json\/wp\/v2\/product\/1045","targetHints":{"allow":["GET"]}}],"collection":[{"href":"https:\/\/madelinefashion.pl\/en\/wp-json\/wp\/v2\/product"}],"about":[{"href":"https:\/\/madelinefashion.pl\/en\/wp-json\/wp\/v2\/types\/product"}],"wp:featuredmedia":[{"embeddable":true,"href":"https:\/\/madelinefashion.pl\/en\/wp-json\/wp\/v2\/media\/6656"}],"wp:attachment":[{"href":"https:\/\/madelinefashion.pl\/en\/wp-json\/wp\/v2\/media?parent=1045"}],"wp:term":[{"taxonomy":"product_brand","embeddable":true,"href":"https:\/\/madelinefashion.pl\/en\/wp-json\/wp\/v2\/product_brand?post=1045"},{"taxonomy":"product_cat","embeddable":true,"href":"https:\/\/madelinefashion.pl\/en\/wp-json\/wp\/v2\/product_cat?post=1045"},{"taxonomy":"product_tag","embeddable":true,"href":"https:\/\/madelinefashion.pl\/en\/wp-json\/wp\/v2\/product_tag?post=1045"}],"curies":[{"name":"wp","href":"https:\/\/api.w.org\/{rel}","templated":true}]}}