{"id":1049,"date":"2019-03-14T10:30:27","date_gmt":"2019-03-14T09:30:27","guid":{"rendered":"http:\/\/serwer2078743.home.pl\/?post_type=product&#038;p=1049"},"modified":"2026-01-15T12:43:41","modified_gmt":"2026-01-15T11:43:41","slug":"plaszcz-zolty-plus-size-z-flauszu","status":"publish","type":"product","link":"https:\/\/madelinefashion.pl\/en\/product\/plaszcz-zolty-plus-size-z-flauszu\/","title":{"rendered":"Yellow Plus Size Coat with Fleece"},"content":{"rendered":"<h2 style=\"text-align: center;\">Yellow Plus Size Coat with Fleece<\/h2>\n<p style=\"text-align: center;\"><strong>Plus Size Yellow Pastel Tied Coat<\/strong> fleece is an undisputed bestseller in spring and autumn stylizations. <strong>Fleece coat<\/strong> - is real <strong>best seller<\/strong> on offer <strong>MadelineFashion<\/strong>. Why? They are the perfect combination <strong>style, elegance<\/strong> and <strong>low price<\/strong>. Many of our clients choose fleece coats, because for the price of a cotton coat they can buy several different models, in different colors, thanks to which they have much more freedom in <strong>creating different styles!<\/strong> It will be perfect at any time of the year, in addition, the fact that it is made of fleece makes it perfectly arranged. Size <strong>universal Plus Size <\/strong>\u00a0recommended for\u00a0 <strong>Mr<\/strong> wearing<strong> size<\/strong> <strong>44,46,48,50.<\/strong>\u00a0In the offer <strong>we have<\/strong> also smaller<strong> tied coats\u00a0<\/strong> Recommended for SML XL. In our online store<strong> you will find this product in various color variants<\/strong>\u00a0 to be unbeatable <strong>low price<\/strong>. If you cannot decide which color \/ size is best for you, please feel free to contact us through <strong>Facebook<\/strong> or phone<\/p>\n<h2 style=\"text-align: center;\">The coat is perfect for any occasion<\/h2>\n<h2 style=\"text-align: center;\">Plus Size Coat Dimensions:<\/h2>\n<ul style=\"text-align: center;\">\n<li>total length back: 90 cm<\/li>\n<li>width from armpit to armpit: 59 cm<\/li>\n<li>sleeve length from the shoulder: 62 cm<\/li>\n<li>sleeve length from armpit: 47 cm<\/li>\n<li>recommended maximum bust circumference: 130-145 cm<\/li>\n<li>bicep width: 39 cm<\/li>\n<\/ul>\n<p style=\"text-align: center;\">Dimensions may slightly differ from the given +\/- 2cm. All dimensions given are measured flat.<\/p>\n<table width=\"614\">\n<tbody>\n<tr>\n<td width=\"302\">Model name<\/td>\n<td width=\"302\">Plus Size fleece coat<\/td>\n<\/tr>\n<tr>\n<td width=\"302\">Color<\/td>\n<td width=\"302\">Yellow<\/td>\n<\/tr>\n<tr>\n<td width=\"302\">Collection<\/td>\n<td width=\"302\">Spring \/ Autumn \/ Winter<\/td>\n<\/tr>\n<tr>\n<td width=\"302\">Sizes<\/td>\n<td width=\"302\">Universal Plus Size<\/td>\n<\/tr>\n<tr>\n<td width=\"302\">Fashion<\/td>\n<td width=\"302\">Oversize<\/td>\n<\/tr>\n<tr>\n<td width=\"302\">Hood<\/td>\n<td width=\"302\">Without the hood<\/td>\n<\/tr>\n<tr>\n<td width=\"302\">Warmed up<\/td>\n<td width=\"302\">Uninsulated<\/td>\n<\/tr>\n<tr>\n<td width=\"302\">Material<\/td>\n<td width=\"302\">Petersham<\/td>\n<\/tr>\n<\/tbody>\n<\/table>\n<p style=\"text-align: center;\">\u00a0The model has\u00a0<strong>173<\/strong>\u00a0cm tall in size <strong>Plus Size<\/strong><\/p>\n<p style=\"text-align: center;\">","protected":false},"excerpt":{"rendered":"<p>P\u0142aszcz \u017b\u00f3\u0142ty Plus Size z Flauszu \u017b\u00f3\u0142ty pastelowy p\u0142aszcz wi\u0105zany\u00a0 Plus Size z flauszu to niekwestionowany bestseler w wiosennych i jesiennych stylizacjach. P\u0142aszcz flauszowy \u2013 jest prawdziwym bestsellerem w ofercie MadelineFashion. Dlaczego? S\u0105 idealnym po\u0142\u0105czeniem stylu, elegancji oraz niskiej ceny. Wiele z naszych klientek wybiera p\u0142aszcze flauszowe, bo w cenie bawe\u0142nianego p\u0142aszcza mog\u0105 kupi\u0107 kilka<\/p>\n<div class=\"klb-readmore post-buttons\"><a class=\"button black outline size-sm\" href=\"https:\/\/madelinefashion.pl\/en\/product\/plaszcz-zolty-plus-size-z-flauszu\/\">Read More <i class=\"klbth-icon-right-arrow\"><\/i><\/a><\/div>","protected":false},"featured_media":6676,"template":"","meta":[],"product_brand":[],"product_cat":[102,279],"product_tag":[510],"class_list":{"0":"post-1049","1":"product","2":"type-product","3":"status-publish","4":"has-post-thumbnail","6":"product_cat-plaszcze-plus-size","7":"product_cat-plaszcze-wiosenne","8":"product_tag-plaszcze-flauszowe","10":"first","11":"instock","12":"sale","13":"purchasable","14":"product-type-simple"},"_links":{"self":[{"href":"https:\/\/madelinefashion.pl\/en\/wp-json\/wp\/v2\/product\/1049","targetHints":{"allow":["GET"]}}],"collection":[{"href":"https:\/\/madelinefashion.pl\/en\/wp-json\/wp\/v2\/product"}],"about":[{"href":"https:\/\/madelinefashion.pl\/en\/wp-json\/wp\/v2\/types\/product"}],"wp:featuredmedia":[{"embeddable":true,"href":"https:\/\/madelinefashion.pl\/en\/wp-json\/wp\/v2\/media\/6676"}],"wp:attachment":[{"href":"https:\/\/madelinefashion.pl\/en\/wp-json\/wp\/v2\/media?parent=1049"}],"wp:term":[{"taxonomy":"product_brand","embeddable":true,"href":"https:\/\/madelinefashion.pl\/en\/wp-json\/wp\/v2\/product_brand?post=1049"},{"taxonomy":"product_cat","embeddable":true,"href":"https:\/\/madelinefashion.pl\/en\/wp-json\/wp\/v2\/product_cat?post=1049"},{"taxonomy":"product_tag","embeddable":true,"href":"https:\/\/madelinefashion.pl\/en\/wp-json\/wp\/v2\/product_tag?post=1049"}],"curies":[{"name":"wp","href":"https:\/\/api.w.org\/{rel}","templated":true}]}}