{"id":10515,"date":"2021-05-01T12:49:47","date_gmt":"2021-05-01T10:49:47","guid":{"rendered":"https:\/\/madelinefashion.pl\/?post_type=product&#038;p=10515"},"modified":"2026-03-26T12:40:37","modified_gmt":"2026-03-26T11:40:37","slug":"bluzka-szyfonowa-celine-khaki","status":"publish","type":"product","link":"https:\/\/madelinefashion.pl\/en\/product\/bluzka-szyfonowa-celine-khaki\/","title":{"rendered":"Celine Khaki Chiffon Blouse"},"content":{"rendered":"<h3 style=\"text-align: center;\">Celine Khaki Chiffon Blouse<\/h3>\n<p style=\"text-align: center;\"><strong>Chiffon blouse<\/strong> Celine Khaki is a universal model that you can use in many styles. Model with frills at the shoulders. A blouse made of light, airy material, perfect for spring and summer days. In combination with our ramones, you can also use it in autumn stylizations. One size fits all recommended from <strong>S to XL<\/strong>. The model is available in many colors.<\/p>\n<h3 style=\"text-align: center;\">\u00a0 \u00a0 \u00a0Dimensions:<\/h3>\n<ul style=\"text-align: center;\">\n<li><span style=\"font-size: 10pt;\">\u00a0\u00a0\u00a0\u00a0\u00a0\u00a0\u00a0 total length at the front: 63 cm<br \/>\n<\/span><\/li>\n<li>total length back: 67 cm<\/li>\n<li><span style=\"font-size: 10pt;\">\u00a0\u00a0\u00a0\u00a0\u00a0\u00a0\u00a0 width from armpit to armpit: 48 cm -53 cm<\/span><\/li>\n<li><span style=\"font-size: 10pt;\">\u00a0 \u00a0 \u00a0 \u00a0 recommended maximum bust circumference: 106 cm<\/span><\/li>\n<\/ul>\n<p style=\"text-align: center;\"><span style=\"font-size: 10pt;\">Dimensions may slightly differ from the given +\/- 2cm. All dimensions given are measured flat.<\/span><\/p>\n<p style=\"text-align: center;\"><span style=\"font-size: 10pt;\">\u00a0<\/span><\/p>\n<p style=\"text-align: center;\"><span style=\"font-size: 10pt;\">\u00a0<\/span><\/p>\n<table>\n<tbody>\n<tr>\n<td width=\"302\">Model name<\/td>\n<td width=\"302\">Celine Chiffon Blouse<\/td>\n<\/tr>\n<tr>\n<td width=\"302\">Color<\/td>\n<td width=\"302\">Khaki<\/td>\n<\/tr>\n<tr>\n<td width=\"302\">Sizes<\/td>\n<td width=\"302\">Universal<\/td>\n<\/tr>\n<tr>\n<td width=\"302\">Fashion<\/td>\n<td width=\"302\">Oversize<\/td>\n<\/tr>\n<tr>\n<td width=\"302\">Material<\/td>\n<td width=\"302\">95 % Polyester 5% Castane<\/td>\n<\/tr>\n<\/tbody>\n<\/table>\n<p style=\"text-align: center;\"><span style=\"font-size: 10pt;\">\u00a0<\/span><\/p>\n<p style=\"text-align: center;\">The model has\u00a0<strong>165<\/strong>\u00a0cm tall, he wears it every day\u00a0<strong>size S.<\/strong><\/p>\n<p style=\"text-align: center;\"><span style=\"font-size: 10pt;\">\u00a0<\/span><\/p>","protected":false},"excerpt":{"rendered":"<p>Bluzka Szyfonowa Celine Khaki Bluzka Szyfonowa Celine Khaki to uniwersalny model, kt\u00f3ry wykorzystasz w wielu stylizacjach. Model z falbankami przy ramionach. Bluzka wykonana z lekkiego przewiewnego materia\u0142u idealna na wiosenne i letnie dni. W po\u0142\u0105czniu\u00a0 z naszymi ramoneskami mo\u017cesz j\u0105 r\u00f3wnie\u017c wykorzysta\u0107 j\u0105 w jesiennych stylizacjach. Rozmiar uniwersalny zalecany od S do XL. Model dost\u0119pny<\/p>\n<div class=\"klb-readmore post-buttons\"><a class=\"button black outline size-sm\" href=\"https:\/\/madelinefashion.pl\/en\/product\/bluzka-szyfonowa-celine-khaki\/\">Read More <i class=\"klbth-icon-right-arrow\"><\/i><\/a><\/div>","protected":false},"featured_media":10506,"template":"","meta":[],"product_brand":[],"product_cat":[77,380],"product_tag":[],"class_list":{"0":"post-10515","1":"product","2":"type-product","3":"status-publish","4":"has-post-thumbnail","6":"product_cat-bluzki","7":"product_cat-wyprzedaz","9":"first","10":"instock","11":"sale","12":"purchasable","13":"product-type-simple"},"_links":{"self":[{"href":"https:\/\/madelinefashion.pl\/en\/wp-json\/wp\/v2\/product\/10515","targetHints":{"allow":["GET"]}}],"collection":[{"href":"https:\/\/madelinefashion.pl\/en\/wp-json\/wp\/v2\/product"}],"about":[{"href":"https:\/\/madelinefashion.pl\/en\/wp-json\/wp\/v2\/types\/product"}],"wp:featuredmedia":[{"embeddable":true,"href":"https:\/\/madelinefashion.pl\/en\/wp-json\/wp\/v2\/media\/10506"}],"wp:attachment":[{"href":"https:\/\/madelinefashion.pl\/en\/wp-json\/wp\/v2\/media?parent=10515"}],"wp:term":[{"taxonomy":"product_brand","embeddable":true,"href":"https:\/\/madelinefashion.pl\/en\/wp-json\/wp\/v2\/product_brand?post=10515"},{"taxonomy":"product_cat","embeddable":true,"href":"https:\/\/madelinefashion.pl\/en\/wp-json\/wp\/v2\/product_cat?post=10515"},{"taxonomy":"product_tag","embeddable":true,"href":"https:\/\/madelinefashion.pl\/en\/wp-json\/wp\/v2\/product_tag?post=10515"}],"curies":[{"name":"wp","href":"https:\/\/api.w.org\/{rel}","templated":true}]}}