{"id":10527,"date":"2021-05-01T13:51:10","date_gmt":"2021-05-01T11:51:10","guid":{"rendered":"https:\/\/madelinefashion.pl\/?post_type=product&#038;p=10527"},"modified":"2026-01-20T10:34:30","modified_gmt":"2026-01-20T09:34:30","slug":"bluzka-koronkowa-candit-czarna","status":"publish","type":"product","link":"https:\/\/madelinefashion.pl\/en\/product\/bluzka-koronkowa-candit-czarna\/","title":{"rendered":"Candit Black Lace Blouse"},"content":{"rendered":"<h3 style=\"text-align: center;\">Candit Black Lace Blouse<\/h3>\n<p style=\"text-align: center;\"><span style=\"font-size: 10pt;\"><strong>Candit Black Lace Blouse\u00a0<\/strong> is a model that will be perfect for various ceremonies with a skirt and jacket, as well as with trousers or shorts in everyday stylizations. The blouse is made of lace material, fastened at the back with a full zip. The front top has a delicate cotton lining under the lace. A model in which you will not pass unnoticed. Recommended for ladies in size <strong>XS, S, M, L<\/strong><\/span><\/p>\n<h3 style=\"text-align: center;\">Dimensions:<\/h3>\n<ul style=\"text-align: center;\">\n<li>overall length: 58 cm<\/li>\n<li>width from armpit to armpit: 43-52 cm<\/li>\n<li>width at the waist: 35-38 cm<\/li>\n<li><\/li>\n<\/ul>\n<p style=\"text-align: center;\">Dimensions may slightly differ from the given +\/- 2cm. All dimensions given are measured flat. X2 dimension<\/p>\n<p style=\"text-align: center;\"><span style=\"font-size: 10pt;\">\u00a0<\/span><\/p>\n<p style=\"text-align: center;\"><span style=\"font-size: 10pt;\">\u00a0<\/span><\/p>\n<table width=\"621\">\n<tbody>\n<tr>\n<td width=\"302\">Model name<\/td>\n<td width=\"302\">Lace blouse Candit<\/td>\n<\/tr>\n<tr>\n<td width=\"302\">Color<\/td>\n<td width=\"302\">Black<\/td>\n<\/tr>\n<tr>\n<td width=\"302\">Sizes<\/td>\n<td width=\"302\">Universal<\/td>\n<\/tr>\n<tr>\n<td width=\"302\">Fashion<\/td>\n<td width=\"302\">Oversize<\/td>\n<\/tr>\n<tr>\n<td width=\"302\">Material<\/td>\n<td width=\"302\">95 % Polyester 5% Cotton<\/td>\n<\/tr>\n<\/tbody>\n<\/table>\n<p>&nbsp;<\/p>\n<div class=\"tabs tabs-bb clear mb-80\">\n<div class=\"tab-content\">\n<div id=\"tab-description\" class=\"tab-pane fade in woocommerce-Tabs-panel--description active\">\n<p style=\"text-align: center;\">The model has\u00a0<strong>169<\/strong>\u00a0cm tall, wears a size every day\u00a0<strong>S.<\/strong><\/p>\n<p style=\"text-align: center;\">The width at the bust is 92 cm<\/p>\n<p style=\"text-align: center;\">Waist width 62 cm<\/p>\n<p style=\"text-align: center;\">The width at the hips is 94 cm<\/p>\n<\/div>\n<\/div>\n<\/div>","protected":false},"excerpt":{"rendered":"<p>Bluzka Koronkowa Candit Czarna Bluzka Koronkowa Candit Czarna\u00a0 to model, kt\u00f3ry idealnie sprawdzi si\u0119 na r\u00f3\u017cne uroczysto\u015bci do sp\u00f3dnicy i pod \u017cakiet, a tak\u017ce do spodni czy szort\u00f3w w codziennych stylizacjach. Bluzka wykonana z koronkowego materia\u0142u zapinana z ty\u0142u po ca\u0142o\u015bci na zamek.\u00a0 Top z przodu posiada delikatn\u0105 bawe\u0142nian\u0105 podszewk\u0119 pod koronk\u0105. Model, w kt\u00f3rym<\/p>\n<div class=\"klb-readmore post-buttons\"><a class=\"button black outline size-sm\" href=\"https:\/\/madelinefashion.pl\/en\/product\/bluzka-koronkowa-candit-czarna\/\">Read More <i class=\"klbth-icon-right-arrow\"><\/i><\/a><\/div>","protected":false},"featured_media":52282,"template":"","meta":[],"product_brand":[],"product_cat":[77],"product_tag":[252],"class_list":{"0":"post-10527","1":"product","2":"type-product","3":"status-publish","4":"has-post-thumbnail","6":"product_cat-bluzki","7":"product_tag-bluzka-czarna","9":"first","10":"instock","11":"sale","12":"purchasable","13":"product-type-simple"},"_links":{"self":[{"href":"https:\/\/madelinefashion.pl\/en\/wp-json\/wp\/v2\/product\/10527","targetHints":{"allow":["GET"]}}],"collection":[{"href":"https:\/\/madelinefashion.pl\/en\/wp-json\/wp\/v2\/product"}],"about":[{"href":"https:\/\/madelinefashion.pl\/en\/wp-json\/wp\/v2\/types\/product"}],"wp:featuredmedia":[{"embeddable":true,"href":"https:\/\/madelinefashion.pl\/en\/wp-json\/wp\/v2\/media\/52282"}],"wp:attachment":[{"href":"https:\/\/madelinefashion.pl\/en\/wp-json\/wp\/v2\/media?parent=10527"}],"wp:term":[{"taxonomy":"product_brand","embeddable":true,"href":"https:\/\/madelinefashion.pl\/en\/wp-json\/wp\/v2\/product_brand?post=10527"},{"taxonomy":"product_cat","embeddable":true,"href":"https:\/\/madelinefashion.pl\/en\/wp-json\/wp\/v2\/product_cat?post=10527"},{"taxonomy":"product_tag","embeddable":true,"href":"https:\/\/madelinefashion.pl\/en\/wp-json\/wp\/v2\/product_tag?post=10527"}],"curies":[{"name":"wp","href":"https:\/\/api.w.org\/{rel}","templated":true}]}}