{"id":106187,"date":"2023-10-14T12:06:20","date_gmt":"2023-10-14T10:06:20","guid":{"rendered":"https:\/\/madelinefashion.pl\/?post_type=product&#038;p=106187"},"modified":"2026-03-01T12:58:02","modified_gmt":"2026-03-01T11:58:02","slug":"kolczyki-kola-srebrne-zdobione-ko99","status":"publish","type":"product","link":"https:\/\/madelinefashion.pl\/en\/product\/kolczyki-kola-srebrne-zdobione-ko99\/","title":{"rendered":"Decorated Silver Hoop Earrings KO99"},"content":{"rendered":"<h3 style=\"text-align: center;\" align=\"CENTER\">Decorated Silver Hoop Earrings KO99<\/h3>\n<p style=\"text-align: center;\">Hoop earrings, adorned with crystals, made of surgical\/stainless steel. Earring diameter: approx. 5 cm. Closure: closed stud.<\/p>\n<p style=\"text-align: center;\">We know perfectly well that properly fitted surgical steel earrings can work wonders not only in terms of appearance but also comfort and safety. Firstly, they beautifully slim and brighten the face, reducing its age and perfectly accentuating the entire look. Secondly, thanks to the highest quality materials, they minimize the risk of allergies and the unpleasant symptoms associated with them.<\/p>\n<p style=\"text-align: center;\"><strong>Learn the secret of women who catch the eye with fashionable jewelry and create great outfits with it!<\/strong><\/p>\n<p class=\"p2\" style=\"text-align: center;\">","protected":false},"excerpt":{"rendered":"<p>Kolczyki Ko\u0142a Srebrne Zdobione KO99 Kolczyki ko\u0142a, zdobione kryszta\u0142kami , wykonane ze stali chirurgicznej \/ szlachetnej. \u015arednica kolczyka ok. 5 cm. Rodzaj zapi\u0119cia: sztyft zamkni\u0119ty. Doskonale wiemy, \u017ce odpowiednio dopasowane kolczyki ze stali chirurgicznej potrafi\u0105 zdzia\u0142a\u0107 prawdziwe cuda nie tylko pod wzgl\u0119dem wizualnym, ale tak\u017ce wygody i bezpiecze\u0144stwa. Po pierwsze pi\u0119kne wysmuklaj\u0105 i roz\u015bwietlaj\u0105 twarz,<\/p>\n<div class=\"klb-readmore post-buttons\"><a class=\"button black outline size-sm\" href=\"https:\/\/madelinefashion.pl\/en\/product\/kolczyki-kola-srebrne-zdobione-ko99\/\">Read More <i class=\"klbth-icon-right-arrow\"><\/i><\/a><\/div>","protected":false},"featured_media":106171,"template":"","meta":[],"product_brand":[],"product_cat":[519],"product_tag":[],"class_list":{"0":"post-106187","1":"product","2":"type-product","3":"status-publish","4":"has-post-thumbnail","6":"product_cat-bizuteria-damska","8":"first","9":"instock","10":"sale","11":"purchasable","12":"product-type-simple"},"_links":{"self":[{"href":"https:\/\/madelinefashion.pl\/en\/wp-json\/wp\/v2\/product\/106187","targetHints":{"allow":["GET"]}}],"collection":[{"href":"https:\/\/madelinefashion.pl\/en\/wp-json\/wp\/v2\/product"}],"about":[{"href":"https:\/\/madelinefashion.pl\/en\/wp-json\/wp\/v2\/types\/product"}],"wp:featuredmedia":[{"embeddable":true,"href":"https:\/\/madelinefashion.pl\/en\/wp-json\/wp\/v2\/media\/106171"}],"wp:attachment":[{"href":"https:\/\/madelinefashion.pl\/en\/wp-json\/wp\/v2\/media?parent=106187"}],"wp:term":[{"taxonomy":"product_brand","embeddable":true,"href":"https:\/\/madelinefashion.pl\/en\/wp-json\/wp\/v2\/product_brand?post=106187"},{"taxonomy":"product_cat","embeddable":true,"href":"https:\/\/madelinefashion.pl\/en\/wp-json\/wp\/v2\/product_cat?post=106187"},{"taxonomy":"product_tag","embeddable":true,"href":"https:\/\/madelinefashion.pl\/en\/wp-json\/wp\/v2\/product_tag?post=106187"}],"curies":[{"name":"wp","href":"https:\/\/api.w.org\/{rel}","templated":true}]}}