{"id":106190,"date":"2023-10-14T12:25:03","date_gmt":"2023-10-14T10:25:03","guid":{"rendered":"https:\/\/madelinefashion.pl\/?post_type=product&#038;p=106190"},"modified":"2026-03-01T12:58:02","modified_gmt":"2026-03-01T11:58:02","slug":"kolczyki-kwiaty-rozowe-021","status":"publish","type":"product","link":"https:\/\/madelinefashion.pl\/en\/product\/kolczyki-kwiaty-rozowe-021\/","title":{"rendered":"Pink Flower Earrings 021"},"content":{"rendered":"<h3 style=\"text-align: center;\" align=\"CENTER\">Pink Flower Earrings 021<\/h3>\n<p style=\"text-align: center;\">Beautiful flower earrings, chain-style, made of metal and silk. Earring length: approximately 8 cm.<br \/>\nColor: gold, dirty pink.<br \/>\nVery elegant and feminine earrings are a perfect and unique addition to any outfit.<\/p>\n<p style=\"text-align: center;\"><strong>Learn the secret of women who catch the eye with fashionable jewelry and create great outfits with it!<\/strong><\/p>\n<p class=\"p2\" style=\"text-align: center;\">","protected":false},"excerpt":{"rendered":"<p>Kolczyki Kwiaty R\u00f3\u017cowe 021 \u015aliczne kolczyki kwiaty, \u0142a\u0144cuszki, wykonane z metalu oraz jedwabiu. D\u0142ugo\u015b\u0107 kolczyk\u00f3w ok: 8 cm. Kolor: z\u0142oty, brudny r\u00f3\u017c. Bardzo eleganckie i kobiece kolczyki stanowi\u0105 idealny i niepowtarzalny dodatek ka\u017cdej kreacji. Poznaj sekret kobiet, kt\u00f3re przyci\u0105gaj\u0105 wzrok modn\u0105 bi\u017cuteri\u0105 i tworz\u0105 z ni\u0105 super styl\u00f3wki!<\/p>","protected":false},"featured_media":106181,"template":"","meta":[],"product_brand":[],"product_cat":[519],"product_tag":[],"class_list":{"0":"post-106190","1":"product","2":"type-product","3":"status-publish","4":"has-post-thumbnail","6":"product_cat-bizuteria-damska","8":"first","9":"instock","10":"sale","11":"purchasable","12":"product-type-simple"},"_links":{"self":[{"href":"https:\/\/madelinefashion.pl\/en\/wp-json\/wp\/v2\/product\/106190","targetHints":{"allow":["GET"]}}],"collection":[{"href":"https:\/\/madelinefashion.pl\/en\/wp-json\/wp\/v2\/product"}],"about":[{"href":"https:\/\/madelinefashion.pl\/en\/wp-json\/wp\/v2\/types\/product"}],"wp:featuredmedia":[{"embeddable":true,"href":"https:\/\/madelinefashion.pl\/en\/wp-json\/wp\/v2\/media\/106181"}],"wp:attachment":[{"href":"https:\/\/madelinefashion.pl\/en\/wp-json\/wp\/v2\/media?parent=106190"}],"wp:term":[{"taxonomy":"product_brand","embeddable":true,"href":"https:\/\/madelinefashion.pl\/en\/wp-json\/wp\/v2\/product_brand?post=106190"},{"taxonomy":"product_cat","embeddable":true,"href":"https:\/\/madelinefashion.pl\/en\/wp-json\/wp\/v2\/product_cat?post=106190"},{"taxonomy":"product_tag","embeddable":true,"href":"https:\/\/madelinefashion.pl\/en\/wp-json\/wp\/v2\/product_tag?post=106190"}],"curies":[{"name":"wp","href":"https:\/\/api.w.org\/{rel}","templated":true}]}}