{"id":10625,"date":"2021-05-01T15:46:00","date_gmt":"2021-05-01T13:46:00","guid":{"rendered":"https:\/\/madelinefashion.pl\/?post_type=product&#038;p=10625"},"modified":"2025-09-09T10:35:25","modified_gmt":"2025-09-09T08:35:25","slug":"sukienka-z-falbankami-bloom-pudrowy-roz","status":"publish","type":"product","link":"https:\/\/madelinefashion.pl\/en\/product\/sukienka-z-falbankami-bloom-pudrowy-roz\/","title":{"rendered":"Dress with frills Bloom Powder Pink"},"content":{"rendered":"<h3 style=\"text-align: center;\">Dress with frills Bloom Powder Pink<\/h3>\n<p style=\"text-align: center;\">Dress with frills Bloom Powder Pink - captivating with its cut and color <strong>dress <\/strong>flared with frills. <b>Elastic bands on the shoulders and waist allow the dress to be perfectly matched to the figure<\/b>. A model with a charming, light cut with a frill and a bow tie at the waist. Our dress is a proposal for loving ladies<strong>\u00a0light, airy, girly dresses.<\/strong> Short sleeves finished with welts and delicate frills, and the bottom of the dress is slightly flared and decorated with frills. The dress is an ideal proposition for <strong>warm spring and summer<\/strong> days.\u00a0<strong>Bestseller model at a low price<\/strong>. Model recommended for ladies in size SML XL<\/p>\n<h3 style=\"text-align: center;\">Dimensions:<\/h3>\n<ul style=\"text-align: center;\">\n<li>width from armpit to armpit: 39-55 cm<\/li>\n<li>overall length: 89 cm<\/li>\n<li>width at the waist: 28-47 cm<\/li>\n<li>sleeve length from armpit: 10 cm<\/li>\n<\/ul>\n<h3 style=\"text-align: center;\">Characteristics:<\/h3>\n<p>&nbsp;<\/p>\n<ul style=\"text-align: center;\">\n<li>light<\/li>\n<li>airy<\/li>\n<li>flounce<\/li>\n<li>feminine<\/li>\n<\/ul>\n<p style=\"text-align: center;\">\u00a0The model has\u00a0<strong>165<\/strong>\u00a0cm tall, wears a size every day\u00a0<strong>S.<\/strong><\/p>\n<p style=\"text-align: center;\">","protected":false},"excerpt":{"rendered":"<p>Sukienka z Falbankami Bloom Pudrowy R\u00f3\u017c Sukienka z Falbankami Bloom Pudrowy R\u00f3\u017c &#8211; to urzekaj\u0105ca krojem i kolorem sukienka rozkloszowana z falbankami. Gumki w ramionach i pasie pozwala na idealne dopasowanie sukienki do figury. Model o uroczym lekkim fasonie z falbank\u0105 i wi\u0105zaniem na kokardk\u0119 w pasie. Nasza sukienka jest propozycj\u0105 dla Pa\u0144 kochaj\u0105cych\u00a0lekkie, zwiewne,<\/p>\n<div class=\"klb-readmore post-buttons\"><a class=\"button black outline size-sm\" href=\"https:\/\/madelinefashion.pl\/en\/product\/sukienka-z-falbankami-bloom-pudrowy-roz\/\">Read More <i class=\"klbth-icon-right-arrow\"><\/i><\/a><\/div>","protected":false},"featured_media":10621,"template":"","meta":[],"product_brand":[],"product_cat":[125],"product_tag":[],"class_list":{"0":"post-10625","1":"product","2":"type-product","3":"status-publish","4":"has-post-thumbnail","6":"product_cat-sukienki","8":"first","9":"instock","10":"purchasable","11":"product-type-simple"},"_links":{"self":[{"href":"https:\/\/madelinefashion.pl\/en\/wp-json\/wp\/v2\/product\/10625","targetHints":{"allow":["GET"]}}],"collection":[{"href":"https:\/\/madelinefashion.pl\/en\/wp-json\/wp\/v2\/product"}],"about":[{"href":"https:\/\/madelinefashion.pl\/en\/wp-json\/wp\/v2\/types\/product"}],"wp:featuredmedia":[{"embeddable":true,"href":"https:\/\/madelinefashion.pl\/en\/wp-json\/wp\/v2\/media\/10621"}],"wp:attachment":[{"href":"https:\/\/madelinefashion.pl\/en\/wp-json\/wp\/v2\/media?parent=10625"}],"wp:term":[{"taxonomy":"product_brand","embeddable":true,"href":"https:\/\/madelinefashion.pl\/en\/wp-json\/wp\/v2\/product_brand?post=10625"},{"taxonomy":"product_cat","embeddable":true,"href":"https:\/\/madelinefashion.pl\/en\/wp-json\/wp\/v2\/product_cat?post=10625"},{"taxonomy":"product_tag","embeddable":true,"href":"https:\/\/madelinefashion.pl\/en\/wp-json\/wp\/v2\/product_tag?post=10625"}],"curies":[{"name":"wp","href":"https:\/\/api.w.org\/{rel}","templated":true}]}}