{"id":106629,"date":"2023-10-20T14:27:23","date_gmt":"2023-10-20T12:27:23","guid":{"rendered":"https:\/\/madelinefashion.pl\/?post_type=product&#038;p=106629"},"modified":"2026-02-16T15:02:24","modified_gmt":"2026-02-16T14:02:24","slug":"czarne-botki-z-kieszonkami-z-lancuchem","status":"publish","type":"product","link":"https:\/\/madelinefashion.pl\/en\/product\/czarne-botki-z-kieszonkami-z-lancuchem\/","title":{"rendered":"Black Ankle Boots with Chain Pockets"},"content":{"rendered":"<h3 style=\"text-align: center;\">Black Ankle Boots with Chain Pockets<\/h3>\n<p style=\"text-align: center;\"><strong>Black Ankle Boots with Chain Pockets\u00a0<\/strong> posiadaj\u0105 modn\u0105 kieszonk\u0119 na boku.\u00a0 Buty zasuwane s\u0105 wi\u0105zane i zasuwane na zamek. Przyczepiona paskiem kieszonka posiada ozdobny \u0142a\u0144cuch i tak\u017ce zapinana jest na suwak. Botki \u015bwietnie prezentuj\u0105 si\u0119 na nodze i s\u0105 doskona\u0142ym prze\u0142amaniem ca\u0142ej stylizacji. Botki s\u0105 uniwersalne, mo\u017cesz nosi\u0107 je gdzie tylko chcesz, poniewa\u017c \u015bwietnie sprawdz\u0105 si\u0119 na wiele okazji.<\/p>\n<p style=\"text-align: center;\">They will be a great addition to everyday styling!<\/p>\n<h3 style=\"text-align: center;\">Characteristics<\/h3>\n<ul>\n<li style=\"text-align: center;\"><b>Color<\/b>: Black<\/li>\n<li style=\"text-align: center;\"><b>The nose<\/b>: Round<\/li>\n<li style=\"text-align: center;\"><b>Clasp<\/b>: Suwak<\/li>\n<li style=\"text-align: center;\"><b>Outer material<\/b>: Eco leather<\/li>\n<li style=\"text-align: center;\"><b>Warming<\/b>: Yes<\/li>\n<li style=\"text-align: center;\"><b>Heel<\/b>: Flat<\/li>\n<li style=\"text-align: center;\"><b>Heel height<\/b>: 5cm<\/li>\n<li style=\"text-align: center;\"><b>Insert<\/b>: Insulated<\/li>\n<li style=\"text-align: center;\"><b>Shoe height<\/b>: 26cm<\/li>\n<li style=\"text-align: center;\"><b>Additional features<\/b>: \u0141a\u0144cuch<\/li>\n<\/ul>\n<table width=\"540\">\n<thead>\n<tr>\n<td width=\"216\"><strong>EU size<\/strong><\/td>\n<td width=\"316\"><strong>The length of the insert<\/strong><\/td>\n<\/tr>\n<\/thead>\n<tbody>\n<tr>\n<td width=\"216\"><strong>36<\/strong><\/td>\n<td width=\"316\">23.5 cm<\/td>\n<\/tr>\n<tr>\n<td width=\"216\"><strong>37<\/strong><\/td>\n<td width=\"316\">24 cm<\/td>\n<\/tr>\n<tr>\n<td width=\"216\"><strong>38<\/strong><\/td>\n<td width=\"316\">24.5 cm<\/td>\n<\/tr>\n<tr>\n<td width=\"216\"><strong>39<\/strong><\/td>\n<td width=\"316\">25.3 cm<\/td>\n<\/tr>\n<tr>\n<td width=\"216\"><strong>40<\/strong><\/td>\n<td width=\"316\">26 cm<\/td>\n<\/tr>\n<tr>\n<td width=\"216\"><strong>41<\/strong><\/td>\n<td width=\"316\">26.5 cm<\/td>\n<\/tr>\n<\/tbody>\n<\/table>\n<div class=\"wrap-content\">\n<div class=\"main-container container\">\n<div class=\"row\">\n<section class=\"main-content sidebar-left-false\">\n<div class=\"product-page page\">\n<div class=\"page-content\">\n<div id=\"ProductSizing\" class=\"product-sizing modal fade in\" tabindex=\"-1\" role=\"dialog\" aria-hidden=\"false\">\n<div class=\"modal-dialog\">\n<div class=\"modal-content\">\n<div class=\"widget html_editor\">\n<p>&nbsp;<\/p>\n<\/div>\n<p>&nbsp;<\/p>\n<\/div>\n<\/div>\n<\/div>\n<\/div>\n<\/div>\n<\/section>\n<\/div>\n<\/div>\n<\/div>\n<div class=\"wrap-footer\">\n<footer class=\"\">\n<div class=\"container\">\n<div class=\"footer-newsletter-box\"><\/div>\n<\/div>\n<\/footer>\n<\/div>\n<table>\n<tbody>\n<tr>\n<td width=\"302\">Model name<\/td>\n<td width=\"302\">Czarne Botki Z Kieszonkami Z \u0141a\u0144cuchem QT30<\/td>\n<\/tr>\n<tr>\n<td width=\"302\">Color<\/td>\n<td width=\"302\">Black<\/td>\n<\/tr>\n<tr>\n<td width=\"302\">Sizes<\/td>\n<td width=\"302\">36 37\u00a0 38\u00a0 39 40 41<\/td>\n<\/tr>\n<tr>\n<td width=\"302\">Material<\/td>\n<td width=\"302\">Eco-leather<\/td>\n<\/tr>\n<tr>\n<td width=\"302\">Warming<\/td>\n<td width=\"302\">Yes<\/td>\n<\/tr>\n<tr>\n<td width=\"302\">Clasp<\/td>\n<td width=\"302\">Lace-up \/ Zipper<\/td>\n<\/tr>\n<tr>\n<td width=\"302\">Collection<\/td>\n<td width=\"302\">Autumn winter<\/td>\n<\/tr>\n<\/tbody>\n<\/table>\n<div class=\"tabs tabs-bb clear mb-80\">\n<div class=\"tab-content\">\n<div id=\"tab-description\" class=\"tab-pane fade in woocommerce-Tabs-panel--description active\">\n<p style=\"text-align: center;\">\n<\/div>\n<\/div>\n<\/div>\n<section class=\"up-sells upsells products mb-80\"><\/section>\n<p style=\"text-align: left;\">Kod produktu: QT30<\/p>","protected":false},"excerpt":{"rendered":"<p>Czarne Botki Z Kieszonkami Z \u0141a\u0144cuchem Czarne Botki Z Kieszonkami Z \u0141a\u0144cuchem\u00a0 posiadaj\u0105 modn\u0105 kieszonk\u0119 na boku.\u00a0 Buty zasuwane s\u0105 wi\u0105zane i zasuwane na zamek. Przyczepiona paskiem kieszonka posiada ozdobny \u0142a\u0144cuch i tak\u017ce zapinana jest na suwak. Botki \u015bwietnie prezentuj\u0105 si\u0119 na nodze i s\u0105 doskona\u0142ym prze\u0142amaniem ca\u0142ej stylizacji. Botki s\u0105 uniwersalne, mo\u017cesz nosi\u0107 je<\/p>\n<div class=\"klb-readmore post-buttons\"><a class=\"button black outline size-sm\" href=\"https:\/\/madelinefashion.pl\/en\/product\/czarne-botki-z-kieszonkami-z-lancuchem\/\">Read More <i class=\"klbth-icon-right-arrow\"><\/i><\/a><\/div>","protected":false},"featured_media":106624,"template":"","meta":[],"product_brand":[],"product_cat":[400,395],"product_tag":[492],"class_list":{"0":"post-106629","1":"product","2":"type-product","3":"status-publish","4":"has-post-thumbnail","6":"product_cat-buty","7":"product_cat-nowosci","8":"product_tag-botki","10":"first","11":"instock","12":"sale","13":"purchasable","14":"product-type-variable"},"_links":{"self":[{"href":"https:\/\/madelinefashion.pl\/en\/wp-json\/wp\/v2\/product\/106629","targetHints":{"allow":["GET"]}}],"collection":[{"href":"https:\/\/madelinefashion.pl\/en\/wp-json\/wp\/v2\/product"}],"about":[{"href":"https:\/\/madelinefashion.pl\/en\/wp-json\/wp\/v2\/types\/product"}],"wp:featuredmedia":[{"embeddable":true,"href":"https:\/\/madelinefashion.pl\/en\/wp-json\/wp\/v2\/media\/106624"}],"wp:attachment":[{"href":"https:\/\/madelinefashion.pl\/en\/wp-json\/wp\/v2\/media?parent=106629"}],"wp:term":[{"taxonomy":"product_brand","embeddable":true,"href":"https:\/\/madelinefashion.pl\/en\/wp-json\/wp\/v2\/product_brand?post=106629"},{"taxonomy":"product_cat","embeddable":true,"href":"https:\/\/madelinefashion.pl\/en\/wp-json\/wp\/v2\/product_cat?post=106629"},{"taxonomy":"product_tag","embeddable":true,"href":"https:\/\/madelinefashion.pl\/en\/wp-json\/wp\/v2\/product_tag?post=106629"}],"curies":[{"name":"wp","href":"https:\/\/api.w.org\/{rel}","templated":true}]}}