{"id":106651,"date":"2023-10-20T15:07:49","date_gmt":"2023-10-20T13:07:49","guid":{"rendered":"https:\/\/madelinefashion.pl\/?post_type=product&#038;p=106651"},"modified":"2026-02-16T15:02:24","modified_gmt":"2026-02-16T14:02:24","slug":"czarne-botki-na-transparentnym-klepsydrowym-obcasie","status":"publish","type":"product","link":"https:\/\/madelinefashion.pl\/en\/product\/czarne-botki-na-transparentnym-klepsydrowym-obcasie\/","title":{"rendered":"Black Ankle Boots with Transparent Hourglass Heels"},"content":{"rendered":"<h3 style=\"text-align: center;\">Black Ankle Boots with Transparent Hourglass Heels<\/h3>\n<p style=\"text-align: center;\"><strong>Black Ankle Boots with Transparent Hourglass Heels <\/strong>They&#039;re the perfect solution for more important social gatherings. Incredibly comfortable thanks to their optimal contouring for a woman&#039;s delicate foot and soft, comfortable insole. These transparent high-heel ankle boots easily complement a variety of elegant outfits. <strong>Outer material - ecological suede. <\/strong>Moreover, they are very effective at keeping feet at a comfortable temperature. They will be a great addition to both everyday and more formal outfits.<\/p>\n<h3 style=\"text-align: center;\">Characteristics:<\/h3>\n<ul>\n<li style=\"text-align: center;\">Classic suede boots - elegance and pleasure to use<\/li>\n<li style=\"text-align: center;\">Fashionable - recommended by bloggers<\/li>\n<li style=\"text-align: center;\">Heel 10.5 cm<\/li>\n<li style=\"text-align: center;\">Comfortable - you will spend the whole day in them comfortably<\/li>\n<li style=\"text-align: center;\">Classic look - universal and timeless design<\/li>\n<li class=\"mb-12\" style=\"text-align: center;\"><span class=\"r-gray-700-color\">Color \u2013 c<\/span>black<\/li>\n<li class=\"mb-12\" style=\"text-align: center;\" data-key=\"type-of-heel\"><span class=\"r-gray-700-color\">Heel type \u2013 s<\/span>pin<\/li>\n<li class=\"mb-12\" style=\"text-align: center;\" data-key=\"shoe-insert-padding\"><span class=\"r-gray-700-color\">Insole\/Lining \u2013 m<\/span>textile material<\/li>\n<li class=\"mb-12\" style=\"text-align: center;\" data-key=\"cloth\"><span class=\"r-gray-700-color\">Material \u2013 e<\/span>fur coat<\/li>\n<li class=\"mb-12\" style=\"text-align: center;\" data-key=\"nose-of-shoe\"><span class=\"r-gray-700-color\">Shoe toe \u2013 s<\/span>pointed<\/li>\n<li class=\"mb-12\" style=\"text-align: center;\" data-key=\"clasp\"><span class=\"r-gray-700-color\">Clasp \u2013 with<\/span>instant lock<\/li>\n<li class=\"mb-12\" style=\"text-align: center;\" data-key=\"season\"><span class=\"r-gray-700-color\">Season \u2013 with<\/span>Ima, Autumn<\/li>\n<\/ul>\n<p>&nbsp;<\/p>\n<p>&nbsp;<\/p>\n<div class=\"mb-12\" data-key=\"season\"><\/div>\n<table width=\"540\">\n<thead>\n<tr>\n<td width=\"216\"><strong>EU size<\/strong><\/td>\n<td width=\"316\"><strong>The length of the insert<\/strong><\/td>\n<\/tr>\n<\/thead>\n<tbody>\n<tr>\n<td width=\"216\"><strong>36<\/strong><\/td>\n<td width=\"316\">24.5 cm<\/td>\n<\/tr>\n<tr>\n<td width=\"216\"><strong>37<\/strong><\/td>\n<td width=\"316\">25 cm<\/td>\n<\/tr>\n<tr>\n<td width=\"216\"><strong>38<\/strong><\/td>\n<td width=\"316\">25.5 cm<\/td>\n<\/tr>\n<tr>\n<td width=\"216\"><strong>39<\/strong><\/td>\n<td width=\"316\">26.5 cm<\/td>\n<\/tr>\n<tr>\n<td width=\"216\"><strong>40<\/strong><\/td>\n<td width=\"316\">27 cm<\/td>\n<\/tr>\n<tr>\n<td width=\"216\"><strong>41<\/strong><\/td>\n<td width=\"316\">27.5 cm<\/td>\n<\/tr>\n<\/tbody>\n<\/table>\n<div class=\"wrap-content\">\n<div class=\"main-container container\">\n<div class=\"row\">\n<section class=\"main-content sidebar-left-false\">\n<div class=\"product-page page\">\n<div class=\"page-content\">\n<div id=\"ProductSizing\" class=\"product-sizing modal fade in\" tabindex=\"-1\" role=\"dialog\" aria-hidden=\"false\">\n<div class=\"modal-dialog\">\n<div class=\"modal-content\">\n<div class=\"widget html_editor\">\n<p>&nbsp;<\/p>\n<\/div>\n<p>&nbsp;<\/p>\n<\/div>\n<\/div>\n<\/div>\n<\/div>\n<\/div>\n<\/section>\n<\/div>\n<\/div>\n<\/div>\n<div class=\"wrap-footer\">\n<footer class=\"\">\n<div class=\"container\">\n<div class=\"footer-newsletter-box\"><\/div>\n<\/div>\n<\/footer>\n<\/div>\n<table>\n<tbody>\n<tr>\n<td width=\"302\">Model name<\/td>\n<td width=\"302\">Black Ankle Boots with Transparent Hourglass Heels JD2202<\/td>\n<\/tr>\n<tr>\n<td width=\"302\">Color<\/td>\n<td width=\"302\">Black<\/td>\n<\/tr>\n<tr>\n<td width=\"302\">Sizes<\/td>\n<td width=\"302\">36 37\u00a0 38\u00a0 39 40 41<\/td>\n<\/tr>\n<tr>\n<td width=\"302\">Material<\/td>\n<td width=\"302\">Suede - ecological<\/td>\n<\/tr>\n<tr>\n<td width=\"302\">Warming<\/td>\n<td width=\"302\">Yes<\/td>\n<\/tr>\n<tr>\n<td width=\"302\">Clasp<\/td>\n<td width=\"302\">Lock<\/td>\n<\/tr>\n<tr>\n<td width=\"302\">Collection<\/td>\n<td width=\"302\">Spring \/ Autumn \/ Winter<\/td>\n<\/tr>\n<\/tbody>\n<\/table>\n<div class=\"tabs tabs-bb clear mb-80\">\n<div class=\"tab-content\">\n<div id=\"tab-description\" class=\"tab-pane fade in woocommerce-Tabs-panel--description active\">\n<p style=\"text-align: center;\">\n<\/div>\n<\/div>\n<\/div>\n<section class=\"up-sells upsells products mb-80\"><\/section>\n<p style=\"text-align: left;\">Product code: JD2202<\/p>","protected":false},"excerpt":{"rendered":"<p>Czarne Botki Na Transparentnym Klepsydrowym Obcasie Czarne Botki Na Transparentnym Klepsydrowym Obcasie to doskona\u0142e rozwi\u0105zanie na wa\u017cniejsze spotkania towarzyskie. Niezwykle wygodne dzi\u0119ki zastosowaniu optymalnego wyprofilowania do kobiecej delikatnej stopy oraz mi\u0119kkiej i przyjemnej wk\u0142adce. Botki na transparentnej szpilce z \u0142atwo\u015bci\u0105 dopasujesz do licznych eleganckich stylizacji. Materia\u0142 zewn\u0119trzny &#8211; zamsz ekologiczny. Ponadto s\u0105 w stanie bardzo<\/p>\n<div class=\"klb-readmore post-buttons\"><a class=\"button black outline size-sm\" href=\"https:\/\/madelinefashion.pl\/en\/product\/czarne-botki-na-transparentnym-klepsydrowym-obcasie\/\">Read More <i class=\"klbth-icon-right-arrow\"><\/i><\/a><\/div>","protected":false},"featured_media":106649,"template":"","meta":[],"product_brand":[],"product_cat":[400,395],"product_tag":[492],"class_list":{"0":"post-106651","1":"product","2":"type-product","3":"status-publish","4":"has-post-thumbnail","6":"product_cat-buty","7":"product_cat-nowosci","8":"product_tag-botki","10":"first","11":"instock","12":"sale","13":"purchasable","14":"product-type-variable"},"_links":{"self":[{"href":"https:\/\/madelinefashion.pl\/en\/wp-json\/wp\/v2\/product\/106651","targetHints":{"allow":["GET"]}}],"collection":[{"href":"https:\/\/madelinefashion.pl\/en\/wp-json\/wp\/v2\/product"}],"about":[{"href":"https:\/\/madelinefashion.pl\/en\/wp-json\/wp\/v2\/types\/product"}],"wp:featuredmedia":[{"embeddable":true,"href":"https:\/\/madelinefashion.pl\/en\/wp-json\/wp\/v2\/media\/106649"}],"wp:attachment":[{"href":"https:\/\/madelinefashion.pl\/en\/wp-json\/wp\/v2\/media?parent=106651"}],"wp:term":[{"taxonomy":"product_brand","embeddable":true,"href":"https:\/\/madelinefashion.pl\/en\/wp-json\/wp\/v2\/product_brand?post=106651"},{"taxonomy":"product_cat","embeddable":true,"href":"https:\/\/madelinefashion.pl\/en\/wp-json\/wp\/v2\/product_cat?post=106651"},{"taxonomy":"product_tag","embeddable":true,"href":"https:\/\/madelinefashion.pl\/en\/wp-json\/wp\/v2\/product_tag?post=106651"}],"curies":[{"name":"wp","href":"https:\/\/api.w.org\/{rel}","templated":true}]}}