{"id":107555,"date":"2023-10-30T12:02:28","date_gmt":"2023-10-30T11:02:28","guid":{"rendered":"https:\/\/madelinefashion.pl\/?post_type=product&#038;p=107555"},"modified":"2026-02-20T14:57:07","modified_gmt":"2026-02-20T13:57:07","slug":"sweter-polgolf-alpaka-ignes-camel","status":"publish","type":"product","link":"https:\/\/madelinefashion.pl\/en\/product\/sweter-polgolf-alpaka-ignes-camel\/","title":{"rendered":"Ignes Camel Alpaca Turtleneck Sweater"},"content":{"rendered":"<h3 style=\"text-align: center;\">Ignes Camel Alpaca Turtleneck Sweater<\/h3>\n<p style=\"text-align: center;\">You fell in love with alpaca coats so much that, in order to meet your expectations, the newest sweater model has appeared. <strong>Mega stylish alpaca sweater<\/strong>\u00a0with long sleeves <strong>finished welt<\/strong> - made of the highest quality yarn. <span style=\"font-size: 10pt;\"><strong>Alpaca sweater is an inseparable element of every wardrobe!\u00a0 <\/strong><\/span><strong>Soft sweater with <span style=\"font-size: 10pt;\">\u00a0half-turtleneck,<\/span>\u00a0s<\/strong>a great sweater made of a nice, soft, fluffy, slightly elastic fabric. Loose and comfortable cut with long sleeves. Perfect for everyday use and as an original version. It goes well with many things: jeans, a pencil skirt, a girly skirt, elegant pants. <span style=\"font-size: 10pt;\"><strong>Our model is an ideal proposition for autumn and winter days, it will look great in everyday stylizations.\u00a0<\/strong> The product is available in several color variants. One size fits all recommended from <strong>S to XL<\/strong><\/span><\/p>\n<p>&nbsp;<\/p>\n<h3 style=\"text-align: center;\">Characteristics.<\/h3>\n<ul>\n<li style=\"text-align: center;\">Oversize<\/li>\n<li style=\"text-align: center;\">Incredibly soft and pleasant to the body<\/li>\n<li style=\"text-align: center;\">Fleshy and wonderful<\/li>\n<li style=\"text-align: center;\">Half-golf<\/li>\n<li style=\"text-align: center;\">Long Sleeve<\/li>\n<\/ul>\n<h3 style=\"text-align: center;\">Dimensions:<\/h3>\n<ul style=\"text-align: center;\">\n<li>Overall length: 69 cm<\/li>\n<li>Width from armpit to: 48-67 cm<\/li>\n<li>Sleeve length from the shoulder: 66 cm<\/li>\n<li>Sleeve length from armpit: 43 cm<\/li>\n<\/ul>\n<p style=\"text-align: center;\"><span style=\"font-size: 10pt;\">Dimensions may slightly differ from the given +\/- 2cm. All dimensions given are measured flat.<\/span><\/p>\n<p style=\"text-align: center;\"><span style=\"font-size: 10pt;\"><strong>\u00a0<\/strong>\u00a0<\/span><\/p>\n<table width=\"610\">\n<tbody>\n<tr>\n<td width=\"302\">Model name<\/td>\n<td width=\"302\">Ignes Alpaca Turtleneck Sweater<\/td>\n<\/tr>\n<tr>\n<td width=\"302\">Color<\/td>\n<td width=\"302\">Camel<\/td>\n<\/tr>\n<tr>\n<td width=\"302\">Sizes<\/td>\n<td width=\"302\">Universal<\/td>\n<\/tr>\n<tr>\n<td width=\"302\">Fashion<\/td>\n<td width=\"302\">Oversize<\/td>\n<\/tr>\n<tr>\n<td width=\"302\">Collection<\/td>\n<td width=\"302\">Fall Winter Spring<\/td>\n<\/tr>\n<tr>\n<td width=\"302\">Warmed up<\/td>\n<td width=\"302\">Uninsulated<\/td>\n<\/tr>\n<tr>\n<td width=\"302\">Material<\/td>\n<td width=\"302\">100% Polyamide<\/td>\n<\/tr>\n<\/tbody>\n<\/table>\n<div class=\"additional-details\" style=\"text-align: center;\">\n<div class=\"tabs tabs-bb clear mb-80\">\n<div class=\"tab-content\">\n<div id=\"tab-description\" class=\"tab-pane fade in woocommerce-Tabs-panel--description active\">\n<p>The model has\u00a0<strong>169<\/strong>\u00a0cm tall, wears a size every day\u00a0<strong>S.<\/strong><\/p>\n<p>Bust width 91 cm<\/p>\n<p>Waist width 71 cm<\/p>\n<p>Hip width 96 cm<\/p>\n<p>&nbsp;<\/p>\n<\/div>\n<\/div>\n<\/div>\n<section class=\"up-sells upsells products mb-80\"><\/section>\n<\/div>","protected":false},"excerpt":{"rendered":"<p>Sweter P\u00f3\u0142golf Alpaka Ignes Camel Tak pokocha\u0142y\u015bcie p\u0142aszcze alpaki, \u017ce wychodz\u0105c naprzeciw Waszym oczekiwaniom pojawi\u0142 si\u0119 najnowszy model swetra. Mega stylowy sweter alpaka\u00a0z d\u0142ugim r\u0119kawem zako\u0144czonym \u015bci\u0105gaczem &#8211; wykonany z najwy\u017cszej jako\u015bci prz\u0119dzy. Sweter alpaka to nieod\u0142\u0105czny element ka\u017cdej garderoby!\u00a0 Mi\u0119kki sweter z \u00a0p\u00f3\u0142golfem,\u00a0\u015bwietny sweterek wykonany z przyjemnej, mi\u0119kkiej, puszystej, lekko elastycznej dzianiny. Lu\u017any i<\/p>\n<div class=\"klb-readmore post-buttons\"><a class=\"button black outline size-sm\" href=\"https:\/\/madelinefashion.pl\/en\/product\/sweter-polgolf-alpaka-ignes-camel\/\">Read More <i class=\"klbth-icon-right-arrow\"><\/i><\/a><\/div>","protected":false},"featured_media":585512,"template":"","meta":[],"product_brand":[],"product_cat":[78],"product_tag":[],"class_list":{"0":"post-107555","1":"product","2":"type-product","3":"status-publish","4":"has-post-thumbnail","6":"product_cat-swetry-damskie","8":"first","9":"instock","10":"purchasable","11":"product-type-simple"},"_links":{"self":[{"href":"https:\/\/madelinefashion.pl\/en\/wp-json\/wp\/v2\/product\/107555","targetHints":{"allow":["GET"]}}],"collection":[{"href":"https:\/\/madelinefashion.pl\/en\/wp-json\/wp\/v2\/product"}],"about":[{"href":"https:\/\/madelinefashion.pl\/en\/wp-json\/wp\/v2\/types\/product"}],"wp:featuredmedia":[{"embeddable":true,"href":"https:\/\/madelinefashion.pl\/en\/wp-json\/wp\/v2\/media\/585512"}],"wp:attachment":[{"href":"https:\/\/madelinefashion.pl\/en\/wp-json\/wp\/v2\/media?parent=107555"}],"wp:term":[{"taxonomy":"product_brand","embeddable":true,"href":"https:\/\/madelinefashion.pl\/en\/wp-json\/wp\/v2\/product_brand?post=107555"},{"taxonomy":"product_cat","embeddable":true,"href":"https:\/\/madelinefashion.pl\/en\/wp-json\/wp\/v2\/product_cat?post=107555"},{"taxonomy":"product_tag","embeddable":true,"href":"https:\/\/madelinefashion.pl\/en\/wp-json\/wp\/v2\/product_tag?post=107555"}],"curies":[{"name":"wp","href":"https:\/\/api.w.org\/{rel}","templated":true}]}}