{"id":107600,"date":"2023-10-30T13:12:01","date_gmt":"2023-10-30T12:12:01","guid":{"rendered":"https:\/\/madelinefashion.pl\/?post_type=product&#038;p=107600"},"modified":"2026-01-15T12:42:58","modified_gmt":"2026-01-15T11:42:58","slug":"plaszcz-zapinany-z-kolnierzem-dalia-czarny","status":"publish","type":"product","link":"https:\/\/madelinefashion.pl\/en\/product\/plaszcz-zapinany-z-kolnierzem-dalia-czarny\/","title":{"rendered":"Black Dalia Buttoned Coat with Collar"},"content":{"rendered":"<h3 style=\"text-align: center;\">Black Dalia Buttoned Coat with Collar<\/h3>\n<p style=\"text-align: center;\"><strong>Coat<\/strong>\u00a0buttoned lining is real <strong>season hit<\/strong>. A combination of elegance, modernity, and functionality, this coat complements any silhouette and style. Available in four colors, it will make you stand out from the crowd. , <strong>it will be perfect at any time of the year<\/strong>. The cape has pockets on the sides. Button fastening, which are golden in color. Each seam of the coat is trimmed with a thread of the same color. The coat is perfect for any occasion. In our online store you will find this product in<strong> different color variants<\/strong>\u00a0 to be unbeatable <strong>low price<\/strong>. It fits any style, for everyday wear, but thanks to the right accessories, you can also create an original outfit for an evening romantic walk and a business trip. The model is suitable for ladies wearing size <strong>SML XL<\/strong><strong> XXL <\/strong>If you cannot decide which color, size is best for you, please contact us through <strong>Facebook<\/strong> or phone.<\/p>\n<h3 style=\"text-align: center;\">Coat dimensions:<\/h3>\n<p style=\"text-align: center;\"><strong>SIZE S <\/strong><\/p>\n<ul style=\"text-align: center;\">\n<li>total length 88.5 cm<\/li>\n<li>from armpit to armpit 48-53 cm<\/li>\n<li>waist 41-45 cm<\/li>\n<li>sleeve from the armpit 44 cm<\/li>\n<li>sleeve from shoulder 59 cm<br \/>\nhips 47cm \u2013 51 cm<\/li>\n<\/ul>\n<p style=\"text-align: center;\"><strong>SIZE M <\/strong><\/p>\n<ul style=\"text-align: center;\">\n<li>total length 89 cm<\/li>\n<li>from armpit to armpit 50 \u2013 55 cm<\/li>\n<li>waist 43 \u2013 47 cm<\/li>\n<li>sleeve from the armpit 44 cm<\/li>\n<li>sleeve from the shoulder 60 cm<br \/>\nhips 49 cm \u2013 53 cm<\/li>\n<li><\/li>\n<\/ul>\n<p style=\"text-align: center;\"><strong>SIZE L <\/strong><\/p>\n<ul style=\"text-align: center;\">\n<li>total length 89 cm<\/li>\n<li>from armpit to armpit 52 \u2013 57 cm<\/li>\n<li>waist 45-49 cm<\/li>\n<li>sleeve from the armpit 44 cm<\/li>\n<li>sleeve from the shoulder 61 cm<br \/>\nhips 51 cm \u2013 55 cm<\/li>\n<li><\/li>\n<\/ul>\n<p style=\"text-align: center;\"><strong>SIZE XL <\/strong><\/p>\n<ul style=\"text-align: center;\">\n<li>total length 89.5 cm<\/li>\n<li>from armpit to armpit 54 \u2013 59 cm<\/li>\n<li>waist 47-51 cm<\/li>\n<li>sleeve from the armpit 44 cm<\/li>\n<li>sleeve from the shoulder 62 cm<br \/>\nhips 53cm \u2013 57 cm<\/li>\n<\/ul>\n<p style=\"text-align: center;\"><strong>SIZE XXL<\/strong><\/p>\n<ul style=\"text-align: center;\">\n<li>total length 89.5 cm<\/li>\n<li>from armpit to armpit 56-62 cm<\/li>\n<li>waist 48-55 cm<\/li>\n<li>sleeve from the armpit 44 cm<\/li>\n<li>sleeve from the shoulder 63 cm<br \/>\nhips 56 cm \u2013 60 cm<\/li>\n<\/ul>\n<ul style=\"text-align: center;\">\n<li><\/li>\n<\/ul>\n<p style=\"text-align: center;\">Dimensions may slightly differ from the given +\/- 2cm. All dimensions given are measured flat.<\/p>\n<p style=\"text-align: center;\"><strong>\u00a0<\/strong><\/p>\n<table width=\"499\">\n<tbody>\n<tr>\n<td width=\"302\">Model name<\/td>\n<td width=\"302\">Dalia Buttoned Coat with Collar<\/td>\n<\/tr>\n<tr>\n<td width=\"302\">Color<\/td>\n<td width=\"302\">Black<\/td>\n<\/tr>\n<tr>\n<td width=\"302\">Collection<\/td>\n<td width=\"302\">Fall \/ Winter \/ Spring<\/td>\n<\/tr>\n<tr>\n<td width=\"302\">Sizes<\/td>\n<td width=\"302\">Universal<\/td>\n<\/tr>\n<tr>\n<td width=\"302\">Fashion<\/td>\n<td width=\"302\">Oversize<\/td>\n<\/tr>\n<tr>\n<td width=\"302\">Hood<\/td>\n<td width=\"302\">Without the hood<\/td>\n<\/tr>\n<tr>\n<td width=\"302\">Warmed up<\/td>\n<td width=\"302\">Lining<\/td>\n<\/tr>\n<tr>\n<td width=\"302\">Material<\/td>\n<td width=\"302\">93% Polyester 7% Lana<\/td>\n<\/tr>\n<\/tbody>\n<\/table>\n<p>&nbsp;<\/p>\n<p style=\"text-align: center;\">The model has\u00a0<strong>169<\/strong>\u00a0cm tall, wears a size every day\u00a0<strong>S.<\/strong><\/p>\n<p style=\"text-align: center;\">Bust width 91 cm<\/p>\n<p style=\"text-align: center;\">Waist width 71 cm<\/p>\n<p style=\"text-align: center;\">Hip width 96 cm<\/p>","protected":false},"excerpt":{"rendered":"<p>P\u0142aszcz Zapinany Z Ko\u0142nierzem Dalia Czarny P\u0142aszcz\u00a0z podszewk\u0105 zapinany na guziki\u00a0 to prawdziwy hit sezonu. Jest to po\u0142\u0105czenie elegancji, nowoczesno\u015bci i funkcjonalno\u015bci \u2013 p\u0142aszczyk wpisuje si\u0119 w ka\u017cd\u0105 sylwetk\u0119 i stylizacj\u0119. P\u0142aszcz w 4 kolorach pozwoli Ci wyr\u00f3\u017cni\u0107 si\u0119 z t\u0142umu , \u015bwietnie sprawdzi si\u0119 w ka\u017cdej porze roku. Narzutka posiada kieszenie po bokach. Zapi\u0119cie<\/p>\n<div class=\"klb-readmore post-buttons\"><a class=\"button black outline size-sm\" href=\"https:\/\/madelinefashion.pl\/en\/product\/plaszcz-zapinany-z-kolnierzem-dalia-czarny\/\">Read More <i class=\"klbth-icon-right-arrow\"><\/i><\/a><\/div>","protected":false},"featured_media":107577,"template":"","meta":[],"product_brand":[],"product_cat":[118,279],"product_tag":[],"class_list":{"0":"post-107600","1":"product","2":"type-product","3":"status-publish","4":"has-post-thumbnail","6":"product_cat-plaszcze","7":"product_cat-plaszcze-wiosenne","8":"pa_rozmiar-xl","9":"pa_rozmiar-xxl","10":"pa_rozmiar-s","11":"pa_rozmiar-m","12":"pa_rozmiar-l","14":"first","15":"outofstock","16":"product-type-variable"},"_links":{"self":[{"href":"https:\/\/madelinefashion.pl\/en\/wp-json\/wp\/v2\/product\/107600","targetHints":{"allow":["GET"]}}],"collection":[{"href":"https:\/\/madelinefashion.pl\/en\/wp-json\/wp\/v2\/product"}],"about":[{"href":"https:\/\/madelinefashion.pl\/en\/wp-json\/wp\/v2\/types\/product"}],"wp:featuredmedia":[{"embeddable":true,"href":"https:\/\/madelinefashion.pl\/en\/wp-json\/wp\/v2\/media\/107577"}],"wp:attachment":[{"href":"https:\/\/madelinefashion.pl\/en\/wp-json\/wp\/v2\/media?parent=107600"}],"wp:term":[{"taxonomy":"product_brand","embeddable":true,"href":"https:\/\/madelinefashion.pl\/en\/wp-json\/wp\/v2\/product_brand?post=107600"},{"taxonomy":"product_cat","embeddable":true,"href":"https:\/\/madelinefashion.pl\/en\/wp-json\/wp\/v2\/product_cat?post=107600"},{"taxonomy":"product_tag","embeddable":true,"href":"https:\/\/madelinefashion.pl\/en\/wp-json\/wp\/v2\/product_tag?post=107600"}],"curies":[{"name":"wp","href":"https:\/\/api.w.org\/{rel}","templated":true}]}}