{"id":10788,"date":"2021-05-03T14:15:21","date_gmt":"2021-05-03T12:15:21","guid":{"rendered":"https:\/\/madelinefashion.pl\/?post_type=product&#038;p=10788"},"modified":"2025-10-01T07:35:19","modified_gmt":"2025-10-01T05:35:19","slug":"szorty-jeansowe-rozkloszowane-beautiful-fuksja","status":"publish","type":"product","link":"https:\/\/madelinefashion.pl\/en\/product\/szorty-jeansowe-rozkloszowane-beautiful-fuksja\/","title":{"rendered":"Beautiful Fuchsia Flared Denim Shorts"},"content":{"rendered":"<h3 style=\"text-align: center;\">Beautiful Fuchsia Flared Denim Shorts<\/h3>\n<p style=\"text-align: center;\"><span style=\"vertical-align: inherit;\"><span style=\"vertical-align: inherit;\"><strong>Beautiful Flared Denim Shorts<\/strong>\u00a0 is a fashionable element that cannot be missing in your wardrobe. <\/span><span style=\"vertical-align: inherit;\">Shorts made of <\/span><\/span><strong><span style=\"vertical-align: inherit;\"><span style=\"vertical-align: inherit;\">high-quality material with a high waist. <\/span><\/span><\/strong><span style=\"vertical-align: inherit;\"><span style=\"vertical-align: inherit;\">Shorts that will undoubtedly <strong>he will add<\/strong>\u00a0unique <strong>character<\/strong>. <\/span><span style=\"vertical-align: inherit;\">Are very comfortable<\/span><\/span><span style=\"vertical-align: inherit;\"><span style=\"vertical-align: inherit;\"> and easy to combine, they can be easily combined with our blouses, shirts or bodysuits - which you will also find in our <a href=\"https:\/\/madelinefashion.pl\/en\/swetry\/\">e-shop.<\/a>\u00a0 <strong>Shorts with a higher waist<\/strong> With <strong>decorative stripe\u00a0<\/strong> they will steal every woman&#039;s heart. Short legs will emphasize and <strong>optically lengthen the legs<\/strong>. <\/span><\/span>Denim<strong> wide shorts<\/strong> it&#039;s fantastic <strong>summer proposition! Shorts <\/strong>they own <strong>widened legs<\/strong> optically slim thighs and hips. The shorts are fastened with a button and a zipper. <strong>Beautiful, feminine shorts will suit any styling. <\/strong><span style=\"vertical-align: inherit;\"><span style=\"vertical-align: inherit;\">Complete your wardrobe with this one <strong>best-selling model<\/strong>. <\/span><\/span><span style=\"vertical-align: inherit;\"><span style=\"vertical-align: inherit;\">If you have any further questions about this product, please do not hesitate to contact us by phone or Facebook. Follow the new trends with\u00a0<strong>Madelinefashion.\u00a0<\/strong>Universal size shorts recommended for ladies in size <strong>XS SM<\/strong> <strong>L.<\/strong> in case of wearing a larger size, please see the dimensions:\u00a0<\/span><\/span><\/p>\n<p>&nbsp;<\/p>\n<h3 style=\"text-align: center;\"><span style=\"vertical-align: inherit;\"><span style=\"vertical-align: inherit;\">Pants dimensions:<\/span><\/span><\/h3>\n<ul>\n<li style=\"text-align: center;\">Overall length: 38 cm<\/li>\n<li style=\"text-align: center;\">Inside leg length: 8 cm<\/li>\n<li style=\"text-align: center;\">Waist width: 37-42 cm<\/li>\n<li style=\"text-align: center;\">Waist: 33 cm<\/li>\n<\/ul>\n<p style=\"text-align: center;\"><span style=\"vertical-align: inherit;\"><span style=\"vertical-align: inherit;\">Dimensions may vary from the given +\/- 2cm. <\/span><span style=\"vertical-align: inherit;\">All dimensions given are measured flat.<strong> X2 dimension<\/strong><\/span><\/span><\/p>\n<h3 style=\"text-align: center;\"><span style=\"vertical-align: inherit;\"><span style=\"vertical-align: inherit;\"><strong><br \/>\n<\/strong>Characteristics:<strong><br \/>\n<\/strong><\/span><\/span><\/h3>\n<p>&nbsp;<\/p>\n<ul>\n<li style=\"text-align: center;\">light<\/li>\n<li style=\"text-align: center;\">denim<\/li>\n<li style=\"text-align: center;\">short<\/li>\n<li style=\"text-align: center;\">flared<\/li>\n<li style=\"text-align: center;\">fastened with a zipper and a button<\/li>\n<li style=\"text-align: center;\">loose<\/li>\n<\/ul>\n<p style=\"text-align: center;\">The model has\u00a0<strong>169<\/strong>\u00a0cm tall, wears a size every day\u00a0<strong>S.<\/strong><\/p>\n<p style=\"text-align: center;\">The width at the bust is 92 cm<\/p>\n<p style=\"text-align: center;\">Waist width 62 cm<\/p>\n<p style=\"text-align: center;\">The width at the hips is 94 cm<\/p>\n<p style=\"text-align: center;\">","protected":false},"excerpt":{"rendered":"<p>Szorty Jeansowe Rozkloszowane Beautiful Fuksja Szorty Jeansowe Rozkloszowane Beautiful\u00a0 to modny element, kt\u00f3rego nie mo\u017ce zabrakn\u0105\u0107 w Twojej garderobie. Spodenki wykonane z wysokiej jako\u015bci materia\u0142u z wysokim stanem. Kr\u00f3tkie spodenki, kt\u00f3re bez w\u0105tpienia doda\u00a0niepowtarzalnego charakteru. S\u0105 bardzo wygodne oraz \u0142atwe w \u0142\u0105czeniu, bez problemu mo\u017cna je po\u0142\u0105czy\u0107 z naszymi bluzkami, koszulami czy bodami-\u00a0 kt\u00f3re r\u00f3wnie\u017c<\/p>\n<div class=\"klb-readmore post-buttons\"><a class=\"button black outline size-sm\" href=\"https:\/\/madelinefashion.pl\/en\/product\/szorty-jeansowe-rozkloszowane-beautiful-fuksja\/\">Read More <i class=\"klbth-icon-right-arrow\"><\/i><\/a><\/div>","protected":false},"featured_media":41694,"template":"","meta":[],"product_brand":[],"product_cat":[83,395],"product_tag":[425],"class_list":{"0":"post-10788","1":"product","2":"type-product","3":"status-publish","4":"has-post-thumbnail","6":"product_cat-spodnie","7":"product_cat-nowosci","8":"product_tag-spodenki","9":"pa_rozmiar-34-42-142","10":"pa_rozmiar-34-42-36-2","11":"pa_rozmiar-34-42-38-2","12":"pa_rozmiar-34-42-40-2","13":"pa_rozmiar-34-42-42-2","15":"first","16":"instock","17":"purchasable","18":"product-type-simple"},"_links":{"self":[{"href":"https:\/\/madelinefashion.pl\/en\/wp-json\/wp\/v2\/product\/10788","targetHints":{"allow":["GET"]}}],"collection":[{"href":"https:\/\/madelinefashion.pl\/en\/wp-json\/wp\/v2\/product"}],"about":[{"href":"https:\/\/madelinefashion.pl\/en\/wp-json\/wp\/v2\/types\/product"}],"wp:featuredmedia":[{"embeddable":true,"href":"https:\/\/madelinefashion.pl\/en\/wp-json\/wp\/v2\/media\/41694"}],"wp:attachment":[{"href":"https:\/\/madelinefashion.pl\/en\/wp-json\/wp\/v2\/media?parent=10788"}],"wp:term":[{"taxonomy":"product_brand","embeddable":true,"href":"https:\/\/madelinefashion.pl\/en\/wp-json\/wp\/v2\/product_brand?post=10788"},{"taxonomy":"product_cat","embeddable":true,"href":"https:\/\/madelinefashion.pl\/en\/wp-json\/wp\/v2\/product_cat?post=10788"},{"taxonomy":"product_tag","embeddable":true,"href":"https:\/\/madelinefashion.pl\/en\/wp-json\/wp\/v2\/product_tag?post=10788"}],"curies":[{"name":"wp","href":"https:\/\/api.w.org\/{rel}","templated":true}]}}