{"id":107903,"date":"2023-11-02T11:50:20","date_gmt":"2023-11-02T10:50:20","guid":{"rendered":"https:\/\/madelinefashion.pl\/?post_type=product&#038;p=107903"},"modified":"2026-01-20T10:33:21","modified_gmt":"2026-01-20T09:33:21","slug":"bluzka-z-dlugim-rekawem-krotka-glen-czarna","status":"publish","type":"product","link":"https:\/\/madelinefashion.pl\/en\/product\/bluzka-z-dlugim-rekawem-krotka-glen-czarna\/","title":{"rendered":"Glen Black Long Sleeve Short Blouse"},"content":{"rendered":"<h3 style=\"text-align: center;\">Glen Black Long Sleeve Short Blouse<\/h3>\n<p style=\"text-align: center;\">Blouse With Long Sleeves Short White. Go for an outfit with a claw. Flexible fabric adapts perfectly to the figure. Selected for many spring and summer stylizations. <strong>A model you will fall in love with<\/strong>. You can wear it with shorts, jeans, or a skirt. This short blouse is made of satin.<strong>\u00a0material<\/strong> It has beautiful puffed sleeves with cuffs and buttons. A stiffened, corset top, <strong>Mega Feminine, sensual sexy Top <\/strong>European product of very good quality.<strong>\u00a0<\/strong>Size\u00a0<strong>universal recommended<\/strong>\u00a0for ladies in sizes from<strong> XS to L\u00a0 \u00a0<\/strong>A wide range of colors will allow you to choose a top that will emphasize your character!<\/p>\n<h3 style=\"text-align: center;\">Dimensions<\/h3>\n<ul style=\"text-align: center;\">\n<li>total length: 36 cm<\/li>\n<li>width from armpit to armpit 38-48 cm<\/li>\n<li>sleeve length from armpit: 46 cm<\/li>\n<li>sleeve length from shoulder: 63cm<br \/>\nwaist: 31-41 cm<\/li>\n<\/ul>\n<p style=\"text-align: center;\">Dimensions may slightly differ from the given +\/- 2cm. All dimensions given are measured flat. <strong>X2 dimension<\/strong><\/p>\n<p style=\"text-align: center;\"><strong>\u00a0<\/strong><\/p>\n<table width=\"623\">\n<tbody>\n<tr>\n<td width=\"302\">Model name<\/td>\n<td width=\"302\">Glen Long Sleeve Short Blouse<\/td>\n<\/tr>\n<tr>\n<td width=\"302\">Color<\/td>\n<td width=\"302\">Black<\/td>\n<\/tr>\n<tr>\n<td width=\"302\">Collection<\/td>\n<td width=\"302\">Spring Summer Autumn<\/td>\n<\/tr>\n<tr>\n<td width=\"302\">Sizes<\/td>\n<td width=\"302\">Universal<\/td>\n<\/tr>\n<tr>\n<td width=\"302\">Fashion<\/td>\n<td width=\"302\">Matched<\/td>\n<\/tr>\n<tr>\n<td width=\"302\">Cleavage<\/td>\n<td width=\"302\">V<\/td>\n<\/tr>\n<tr>\n<td width=\"302\">Bust stiffening cups<\/td>\n<td width=\"302\">Yes<\/td>\n<\/tr>\n<tr>\n<td width=\"302\">Material<\/td>\n<td width=\"302\">100% Polyester<\/td>\n<\/tr>\n<\/tbody>\n<\/table>\n<p>&nbsp;<\/p>\n<p style=\"text-align: center;\">The model has\u00a0<strong>169<\/strong>\u00a0cm tall, wears a size every day\u00a0<strong>S.<\/strong><\/p>\n<p style=\"text-align: center;\">Bust width 91cm<\/p>\n<p style=\"text-align: center;\">Waist width 71 cm<\/p>\n<p style=\"text-align: center;\">Hip width 96 cm<\/p>","protected":false},"excerpt":{"rendered":"<p>Bluzka Z D\u0142ugim R\u0119kawem Kr\u00f3tka Glen Czarna Bluzka Z D\u0142ugim R\u0119kawem Kr\u00f3tka Bia\u0142a. Postaw na outfit z pazurem Elastyczna tkanina idealnie dopasowuje si\u0119 do sylwetki. Wybierany do wielu wiosennych i letnich stylizacji. Model w kt\u00f3rym si\u0119 zakochasz. Mo\u017cesz j\u0105 nosi\u0107 do szort\u00f3w, d\u017cins\u00f3w czy sp\u00f3dnicy. Kr\u00f3tka bluzka wykonana z satynowego\u00a0materia\u0142u posiada pi\u0119kne bufiaste r\u0119kawki ze<\/p>\n<div class=\"klb-readmore post-buttons\"><a class=\"button black outline size-sm\" href=\"https:\/\/madelinefashion.pl\/en\/product\/bluzka-z-dlugim-rekawem-krotka-glen-czarna\/\">Read More <i class=\"klbth-icon-right-arrow\"><\/i><\/a><\/div>","protected":false},"featured_media":565898,"template":"","meta":[],"product_brand":[],"product_cat":[77],"product_tag":[478,477,252],"class_list":{"0":"post-107903","1":"product","2":"type-product","3":"status-publish","4":"has-post-thumbnail","6":"product_cat-bluzki","7":"product_tag-bluzki-hiszpanki","8":"product_tag-bluzki-z-dlugim-rekawem","9":"product_tag-bluzka-czarna","11":"first","12":"instock","13":"sale","14":"purchasable","15":"product-type-simple"},"_links":{"self":[{"href":"https:\/\/madelinefashion.pl\/en\/wp-json\/wp\/v2\/product\/107903","targetHints":{"allow":["GET"]}}],"collection":[{"href":"https:\/\/madelinefashion.pl\/en\/wp-json\/wp\/v2\/product"}],"about":[{"href":"https:\/\/madelinefashion.pl\/en\/wp-json\/wp\/v2\/types\/product"}],"wp:featuredmedia":[{"embeddable":true,"href":"https:\/\/madelinefashion.pl\/en\/wp-json\/wp\/v2\/media\/565898"}],"wp:attachment":[{"href":"https:\/\/madelinefashion.pl\/en\/wp-json\/wp\/v2\/media?parent=107903"}],"wp:term":[{"taxonomy":"product_brand","embeddable":true,"href":"https:\/\/madelinefashion.pl\/en\/wp-json\/wp\/v2\/product_brand?post=107903"},{"taxonomy":"product_cat","embeddable":true,"href":"https:\/\/madelinefashion.pl\/en\/wp-json\/wp\/v2\/product_cat?post=107903"},{"taxonomy":"product_tag","embeddable":true,"href":"https:\/\/madelinefashion.pl\/en\/wp-json\/wp\/v2\/product_tag?post=107903"}],"curies":[{"name":"wp","href":"https:\/\/api.w.org\/{rel}","templated":true}]}}