{"id":107918,"date":"2023-11-02T12:13:40","date_gmt":"2023-11-02T11:13:40","guid":{"rendered":"https:\/\/madelinefashion.pl\/?post_type=product&#038;p=107918"},"modified":"2026-01-15T12:42:58","modified_gmt":"2026-01-15T11:42:58","slug":"futerko-krotkie-z-kapturem-floris","status":"publish","type":"product","link":"https:\/\/madelinefashion.pl\/en\/product\/futerko-krotkie-z-kapturem-floris\/","title":{"rendered":"Futerko Kr\u00f3tkie Z Kapturem Floris"},"content":{"rendered":"<h3 style=\"text-align: center;\">Futerko Kr\u00f3tkie Z Kapturem Floris<\/h3>\n<p style=\"text-align: center;\"><strong> Kr\u00f3tkie, futerko sztuczne z kapturem , Idealnie po\u0142\u0105czysz je z codziennymi styl\u00f3wkami, ale tak\u017ce z suknia wieczorow\u0105.<\/strong> Futerko wykonane z wysokiej jako\u015bci materia\u0142u, w kolorze czarno- karmelowym dzi\u0119ki czemu b\u0119dzie pasowa\u0142o do wi\u0119kszo\u015bci rzeczy w Twojej szafie. Absolutny hit je\u015bli chodzi o kurtki oraz inne nakrycia wierzchnie. Neutralny kolor sprawi, \u017ce kurtka b\u0119dzie pasowa\u0107 do wielu outfit\u00f3w. Futerko posiada du\u017cy, ciep\u0142y kaptur, zapinana na zamek b\u0142yskawiczny<\/p>\n<h3 style=\"text-align: center;\">Dimensions:<\/h3>\n<p style=\"text-align: center;\"><strong>SIZE S \/ M<\/strong><br \/>\nOverall length: 46 cm<br \/>\nWidth from armpit to armpit: 51 cm x2<br \/>\nSleeve length from the shoulder: 63 cm<br \/>\nSleeve length from armpit: 45 cm<\/p>\n<p style=\"text-align: center;\"><strong>SIZE M \/ L<br \/>\n<\/strong>Overall length: 46 cm<br \/>\nWidth from armpit to armpit: 53 cm x2<br \/>\nSleeve length from the shoulder: 64 cm<br \/>\nSleeve length from armpit: 46 cm<strong><br \/>\n<\/strong><\/p>\n<p style=\"text-align: center;\">Dimensions may slightly differ from the given +\/- 2cm. All dimensions are provided <strong>measured flat<\/strong>.\u00a0<strong>X2 dimension<\/strong><\/p>\n<p>&nbsp;<\/p>\n<table width=\"605\">\n<tbody>\n<tr>\n<td width=\"302\">Model name<\/td>\n<td width=\"302\">Futerko Kr\u00f3tkie Z Kapturem Floris<\/td>\n<\/tr>\n<tr>\n<td width=\"302\">Color<\/td>\n<td width=\"302\">Black<\/td>\n<\/tr>\n<tr>\n<td width=\"302\">Sizes<\/td>\n<td width=\"302\">XS SML<\/td>\n<\/tr>\n<tr>\n<td width=\"302\">Collection<\/td>\n<td width=\"302\">Spring \/ Autumn \/ Winter<\/td>\n<\/tr>\n<tr>\n<td width=\"302\">Hood<\/td>\n<td width=\"302\">Not<\/td>\n<\/tr>\n<tr>\n<td width=\"302\">Quality<\/td>\n<td width=\"302\">Premium<\/td>\n<\/tr>\n<tr>\n<td width=\"302\">Fastening<\/td>\n<td width=\"302\">Lock<\/td>\n<\/tr>\n<\/tbody>\n<\/table>\n<p style=\"text-align: center;\">The model has\u00a0<strong>169<\/strong>\u00a0cm tall, wears a size every day\u00a0<strong>S.<\/strong><\/p>\n<p style=\"text-align: center;\">Bust width 91 cm<\/p>\n<p style=\"text-align: center;\">Waist width 71 cm<\/p>\n<p style=\"text-align: center;\">Hip width 96 cm<\/p>\n<p style=\"text-align: center;\"><span style=\"font-size: 10pt;\">\u00a0<\/span><\/p>\n<p style=\"text-align: center;\">","protected":false},"excerpt":{"rendered":"<p>Futerko Kr\u00f3tkie Z Kapturem Floris Kr\u00f3tkie, futerko sztuczne z kapturem , Idealnie po\u0142\u0105czysz je z codziennymi styl\u00f3wkami, ale tak\u017ce z suknia wieczorow\u0105. Futerko wykonane z wysokiej jako\u015bci materia\u0142u, w kolorze czarno- karmelowym dzi\u0119ki czemu b\u0119dzie pasowa\u0142o do wi\u0119kszo\u015bci rzeczy w Twojej szafie. Absolutny hit je\u015bli chodzi o kurtki oraz inne nakrycia wierzchnie. Neutralny kolor sprawi,<\/p>\n<div class=\"klb-readmore post-buttons\"><a class=\"button black outline size-sm\" href=\"https:\/\/madelinefashion.pl\/en\/product\/futerko-krotkie-z-kapturem-floris\/\">Read More <i class=\"klbth-icon-right-arrow\"><\/i><\/a><\/div>","protected":false},"featured_media":107916,"template":"","meta":[],"product_brand":[],"product_cat":[117,395],"product_tag":[],"class_list":{"0":"post-107918","1":"product","2":"type-product","3":"status-publish","4":"has-post-thumbnail","6":"product_cat-kurtki","7":"product_cat-nowosci","8":"pa_rozmiar-s-m","9":"pa_rozmiar-m-l","11":"first","12":"outofstock","13":"product-type-variable"},"_links":{"self":[{"href":"https:\/\/madelinefashion.pl\/en\/wp-json\/wp\/v2\/product\/107918","targetHints":{"allow":["GET"]}}],"collection":[{"href":"https:\/\/madelinefashion.pl\/en\/wp-json\/wp\/v2\/product"}],"about":[{"href":"https:\/\/madelinefashion.pl\/en\/wp-json\/wp\/v2\/types\/product"}],"wp:featuredmedia":[{"embeddable":true,"href":"https:\/\/madelinefashion.pl\/en\/wp-json\/wp\/v2\/media\/107916"}],"wp:attachment":[{"href":"https:\/\/madelinefashion.pl\/en\/wp-json\/wp\/v2\/media?parent=107918"}],"wp:term":[{"taxonomy":"product_brand","embeddable":true,"href":"https:\/\/madelinefashion.pl\/en\/wp-json\/wp\/v2\/product_brand?post=107918"},{"taxonomy":"product_cat","embeddable":true,"href":"https:\/\/madelinefashion.pl\/en\/wp-json\/wp\/v2\/product_cat?post=107918"},{"taxonomy":"product_tag","embeddable":true,"href":"https:\/\/madelinefashion.pl\/en\/wp-json\/wp\/v2\/product_tag?post=107918"}],"curies":[{"name":"wp","href":"https:\/\/api.w.org\/{rel}","templated":true}]}}