{"id":108079,"date":"2023-11-02T15:48:46","date_gmt":"2023-11-02T14:48:46","guid":{"rendered":"https:\/\/madelinefashion.pl\/?post_type=product&#038;p=108079"},"modified":"2026-01-20T10:33:20","modified_gmt":"2026-01-20T09:33:20","slug":"golf-dzianinowy-gladki-ciemny-bez","status":"publish","type":"product","link":"https:\/\/madelinefashion.pl\/en\/product\/golf-dzianinowy-gladki-ciemny-bez\/","title":{"rendered":"Smooth Knitted Turtleneck Dark Beige"},"content":{"rendered":"<h3 style=\"text-align: center;\">Smooth Knitted Turtleneck Dark Beige<\/h3>\n<p style=\"text-align: center;\">A classic, single-color turtleneck blouse. Made of stretchy fabric. This ribbed turtleneck is a one-size-fits-all piece. Perfect for fall, winter, and spring outfits. Made of a soft, stretchy fabric. One size fits all, recommended from S to XL.<\/p>\n<h3 style=\"text-align: center;\">\u00a0 \u00a0 \u00a0Dimensions:<\/h3>\n<ul style=\"text-align: center;\">\n<li>overall length: 68 cm<\/li>\n<li>width from armpit to armpit: 56 cm -75 cm<\/li>\n<li>sleeve length from shoulder: 65 cm<\/li>\n<li>sleeve length from armpit: 43 cm<\/li>\n<li><\/li>\n<\/ul>\n<p>&nbsp;<\/p>\n<p style=\"text-align: center;\">Dimensions may slightly differ from the given +\/- 2cm. All dimensions given are measured flat.<\/p>\n<h3 style=\"text-align: center;\">Characteristics:<\/h3>\n<ul>\n<li style=\"text-align: center;\">roll-up turtleneck<\/li>\n<li style=\"text-align: center;\">ribbed fabric<\/li>\n<li style=\"text-align: center;\">ribbed finish<\/li>\n<\/ul>\n<table>\n<tbody>\n<tr>\n<td width=\"302\">Model name<\/td>\n<td width=\"302\">Smooth Knitted Turtleneck<\/td>\n<\/tr>\n<tr>\n<td width=\"302\">Color<\/td>\n<td width=\"302\">Dark Beige<\/td>\n<\/tr>\n<tr>\n<td width=\"302\">Sizes<\/td>\n<td width=\"302\">Universal<\/td>\n<\/tr>\n<tr>\n<td width=\"302\">Fashion<\/td>\n<td width=\"302\">Matched<\/td>\n<\/tr>\n<tr>\n<td width=\"302\">Material<\/td>\n<td width=\"302\">45 % Viscose 27% Polyester 23% Nylon<\/td>\n<\/tr>\n<\/tbody>\n<\/table>\n<p>&nbsp;<\/p>\n<p>&nbsp;<\/p>\n<p style=\"text-align: center;\">The model has\u00a0<strong>169<\/strong>\u00a0cm tall, wears a size every day\u00a0<strong>S.<\/strong><\/p>\n<p style=\"text-align: center;\">Bust width 91 cm<\/p>\n<p style=\"text-align: center;\">Waist width 71 cm<\/p>\n<p style=\"text-align: center;\">Hip width 96 cm<\/p>\n<p style=\"text-align: center;\">","protected":false},"excerpt":{"rendered":"<p>Golf Dzianinowy G\u0142adki Ciemny Be\u017c Jednokolorowa klasyczna bluzka z golfem. Uszyta z elastycznego materia\u0142u. Pr\u0105\u017ckowany golf w rozmiarze uniwersalnym. \u015awietnie sprawdzi si\u0119 w jesiennych, zimowych jak i wiosennych\u00a0 stylizacjach. Wykonany z przyjemnego w dotyku elastycznego materia\u0142u. Rozmiar uniwersalny zalecany od S do XL \u00a0 \u00a0 \u00a0Wymiary: d\u0142ugo\u015b\u0107 ca\u0142kowita : 68 cm szeroko\u015b\u0107 od pachy do<\/p>\n<div class=\"klb-readmore post-buttons\"><a class=\"button black outline size-sm\" href=\"https:\/\/madelinefashion.pl\/en\/product\/golf-dzianinowy-gladki-ciemny-bez\/\">Read More <i class=\"klbth-icon-right-arrow\"><\/i><\/a><\/div>","protected":false},"featured_media":585607,"template":"","meta":[],"product_brand":[],"product_cat":[77],"product_tag":[],"class_list":{"0":"post-108079","1":"product","2":"type-product","3":"status-publish","4":"has-post-thumbnail","6":"product_cat-bluzki","8":"first","9":"instock","10":"sale","11":"purchasable","12":"product-type-simple"},"_links":{"self":[{"href":"https:\/\/madelinefashion.pl\/en\/wp-json\/wp\/v2\/product\/108079","targetHints":{"allow":["GET"]}}],"collection":[{"href":"https:\/\/madelinefashion.pl\/en\/wp-json\/wp\/v2\/product"}],"about":[{"href":"https:\/\/madelinefashion.pl\/en\/wp-json\/wp\/v2\/types\/product"}],"wp:featuredmedia":[{"embeddable":true,"href":"https:\/\/madelinefashion.pl\/en\/wp-json\/wp\/v2\/media\/585607"}],"wp:attachment":[{"href":"https:\/\/madelinefashion.pl\/en\/wp-json\/wp\/v2\/media?parent=108079"}],"wp:term":[{"taxonomy":"product_brand","embeddable":true,"href":"https:\/\/madelinefashion.pl\/en\/wp-json\/wp\/v2\/product_brand?post=108079"},{"taxonomy":"product_cat","embeddable":true,"href":"https:\/\/madelinefashion.pl\/en\/wp-json\/wp\/v2\/product_cat?post=108079"},{"taxonomy":"product_tag","embeddable":true,"href":"https:\/\/madelinefashion.pl\/en\/wp-json\/wp\/v2\/product_tag?post=108079"}],"curies":[{"name":"wp","href":"https:\/\/api.w.org\/{rel}","templated":true}]}}