{"id":10812,"date":"2021-05-03T15:07:09","date_gmt":"2021-05-03T13:07:09","guid":{"rendered":"https:\/\/madelinefashion.pl\/?post_type=product&#038;p=10812"},"modified":"2025-09-09T10:35:16","modified_gmt":"2025-09-09T08:35:16","slug":"sukienka-z-koronka-na-dole-giulia-pudrowy-roz","status":"publish","type":"product","link":"https:\/\/madelinefashion.pl\/en\/product\/sukienka-z-koronka-na-dole-giulia-pudrowy-roz\/","title":{"rendered":"Dress with lace on the bottom Giulia Powder Pink"},"content":{"rendered":"<h3 style=\"text-align: center;\">Dress with lace on the bottom Giulia Powder Pink<\/h3>\n<p style=\"text-align: center;\">Dress with Lace on the Bottom Giulia in powder pink color <strong>it&#039;s MUST HAVE <\/strong>the coming summer<strong>. <\/strong>Oversize cut will guarantee you comfort and a great look. Dress<strong> with an envelope neckline<\/strong> decorated with gold inserts and a lace bottom it has<strong> small fringes that give charm and guarantee success to every created look.\u00a0<\/strong> The airy dress has an elastic band at the waist, thanks to which it fits perfectly to the figure. Giulia dress in universal size recommended for ladies in size <strong>SML XL.<\/strong><\/p>\n<p>&nbsp;<\/p>\n<h3 style=\"text-align: center;\">Dimensions:<\/h3>\n<ul>\n<li style=\"text-align: center;\">\u00a0\u00a0\u00a0\u00a0\u00a0\u00a0\u00a0 total length at the front: 83 cm<\/li>\n<li style=\"text-align: center;\">total length back: 92 cm<\/li>\n<li style=\"text-align: center;\">shoulder width: 37 cm<\/li>\n<li style=\"text-align: center;\">\u00a0\u00a0\u00a0\u00a0\u00a0\u00a0\u00a0 width from armpit to armpit: 45-53 cm<\/li>\n<li style=\"text-align: center;\">\u00a0\u00a0\u00a0\u00a0\u00a0\u00a0\u00a0 sleeve length from armpit: 5 cm<\/li>\n<li style=\"text-align: center;\">\u00a0\u00a0\u00a0\u00a0\u00a0\u00a0\u00a0 sleeve length from shoulder: 19 cm<\/li>\n<li style=\"text-align: center;\">\u00a0\u00a0\u00a0\u00a0\u00a0\u00a0\u00a0 waist width: 31-52 cm<\/li>\n<\/ul>\n<p>&nbsp;<\/p>\n<p style=\"text-align: center;\">Dimensions may vary from the given +\/- 2cm. All dimensions given are measured flat. Dimension <strong>x2<\/strong><\/p>\n<table class=\"table\" width=\"627\">\n<tbody>\n<tr>\n<td width=\"302\">Model name<\/td>\n<td width=\"302\">Dress with Lace on the Bottom Giulia<\/td>\n<\/tr>\n<tr>\n<td width=\"302\">Color<\/td>\n<td width=\"302\">Powder Pink<\/td>\n<\/tr>\n<tr>\n<td width=\"302\">Fashion<\/td>\n<td width=\"302\">Oversize<\/td>\n<\/tr>\n<tr>\n<td width=\"302\">Material<\/td>\n<td width=\"302\">50% polyester 45 Viscose 5% elastane<\/td>\n<\/tr>\n<tr>\n<td width=\"302\">Length<\/td>\n<td width=\"302\">At knee<\/td>\n<\/tr>\n<\/tbody>\n<\/table>\n<p>&nbsp;<\/p>\n<p style=\"text-align: center;\">The model has\u00a0<strong>169<\/strong>\u00a0cm tall, wears a size every day\u00a0<strong>S.<\/strong><\/p>\n<p style=\"text-align: center;\">The width at the bust is 92 cm<\/p>\n<p style=\"text-align: center;\">Waist width 62 cm<\/p>\n<p style=\"text-align: center;\">The width at the hips is 94 cm<\/p>","protected":false},"excerpt":{"rendered":"<p>Sukienka z Koronk\u0105 na Dole Giulia Pudrowy R\u00f3\u017c Sukienka z Koronk\u0105 na Dole Giulia w kolorze pudrowego r\u00f3\u017cu to MUST HAVE nadchodz\u0105cego lata. Fason oversize, zagwarantuje Ci wygod\u0119 i \u015bwietny wygl\u0105d. Sukienka z dekoltem kopertowym ozdobionym z\u0142otymi wstawkami oraz koronkowym do\u0142em posiada ma\u0142e fr\u0119dzle, kt\u00f3re nadaj\u0105 uroku i gwarantuj\u0105 sukces ka\u017cdemu stworzonemu lookowi.\u00a0 Zwiewna sukienka<\/p>\n<div class=\"klb-readmore post-buttons\"><a class=\"button black outline size-sm\" href=\"https:\/\/madelinefashion.pl\/en\/product\/sukienka-z-koronka-na-dole-giulia-pudrowy-roz\/\">Read More <i class=\"klbth-icon-right-arrow\"><\/i><\/a><\/div>","protected":false},"featured_media":47961,"template":"","meta":[],"product_brand":[],"product_cat":[125,395],"product_tag":[],"class_list":{"0":"post-10812","1":"product","2":"type-product","3":"status-publish","4":"has-post-thumbnail","6":"product_cat-sukienki","7":"product_cat-nowosci","9":"first","10":"instock","11":"purchasable","12":"product-type-simple"},"_links":{"self":[{"href":"https:\/\/madelinefashion.pl\/en\/wp-json\/wp\/v2\/product\/10812","targetHints":{"allow":["GET"]}}],"collection":[{"href":"https:\/\/madelinefashion.pl\/en\/wp-json\/wp\/v2\/product"}],"about":[{"href":"https:\/\/madelinefashion.pl\/en\/wp-json\/wp\/v2\/types\/product"}],"wp:featuredmedia":[{"embeddable":true,"href":"https:\/\/madelinefashion.pl\/en\/wp-json\/wp\/v2\/media\/47961"}],"wp:attachment":[{"href":"https:\/\/madelinefashion.pl\/en\/wp-json\/wp\/v2\/media?parent=10812"}],"wp:term":[{"taxonomy":"product_brand","embeddable":true,"href":"https:\/\/madelinefashion.pl\/en\/wp-json\/wp\/v2\/product_brand?post=10812"},{"taxonomy":"product_cat","embeddable":true,"href":"https:\/\/madelinefashion.pl\/en\/wp-json\/wp\/v2\/product_cat?post=10812"},{"taxonomy":"product_tag","embeddable":true,"href":"https:\/\/madelinefashion.pl\/en\/wp-json\/wp\/v2\/product_tag?post=10812"}],"curies":[{"name":"wp","href":"https:\/\/api.w.org\/{rel}","templated":true}]}}