{"id":108170,"date":"2023-11-03T11:32:12","date_gmt":"2023-11-03T10:32:12","guid":{"rendered":"https:\/\/madelinefashion.pl\/?post_type=product&#038;p=108170"},"modified":"2026-02-20T14:57:01","modified_gmt":"2026-02-20T13:57:01","slug":"sweterek-zapinany-z-ozdobnym-kolnierzem-czarny","status":"publish","type":"product","link":"https:\/\/madelinefashion.pl\/en\/product\/sweterek-zapinany-z-ozdobnym-kolnierzem-czarny\/","title":{"rendered":"Buttoned Sweater with Decorative Collar Black"},"content":{"rendered":"<h3 style=\"text-align: center;\">Buttoned Sweater with Decorative Collar Black<\/h3>\n<p style=\"text-align: center;\"><span style=\"font-size: 10pt;\"><strong>A beautiful sweater with a zipper<\/strong> . It features a beautiful, rhinestone-embellished collar. This is a great choice for women looking for the perfect sweater. You&#039;re sure to find one that fits your wardrobe. You&#039;ll feel comfortable and beautiful in it. This comfortable, cozy sweater has a simple design. It features long sleeves and is made of a soft, stretchy fabric. Available in two color options in our store. Recommended for women in sizes SML-XL.<\/span><\/p>\n<h3 style=\"text-align: center;\">\u00a0 \u00a0 \u00a0Dimensions<\/h3>\n<p style=\"text-align: center;\" align=\"center\">Total length - 59 cm<br \/>\nWidth from armpit to armpit - 56-69 cm x2<br \/>\nSleeve length from armpit - 40 cm<br \/>\nSleeve length from shoulder - 59 cm<\/p>\n<p style=\"text-align: center;\"><span style=\"font-size: 10pt;\">\u00a0Dimensions may slightly differ from the given +\/- 2cm. All dimensions given are measured flat. X2 dimension<\/span><\/p>\n<table>\n<tbody>\n<tr>\n<td width=\"302\">Model name<\/td>\n<td width=\"302\">Buttoned sweater with a decorative collar<\/td>\n<\/tr>\n<tr>\n<td width=\"302\">Color<\/td>\n<td width=\"302\">Black<\/td>\n<\/tr>\n<tr>\n<td width=\"302\">Sizes<\/td>\n<td width=\"302\">Universal<\/td>\n<\/tr>\n<tr>\n<td width=\"302\">Fashion<\/td>\n<td width=\"302\">Oversize<\/td>\n<\/tr>\n<tr>\n<td width=\"302\">Warmed up<\/td>\n<td width=\"302\">Uninsulated<\/td>\n<\/tr>\n<tr>\n<td width=\"302\">Material<\/td>\n<td width=\"302\">100% Viscose<\/td>\n<\/tr>\n<\/tbody>\n<\/table>\n<p style=\"text-align: center;\">The model has\u00a0<strong>169<\/strong>\u00a0cm tall, wears a size every day\u00a0<strong>S.<\/strong><\/p>\n<p style=\"text-align: center;\">Bust width 91 cm<\/p>\n<p style=\"text-align: center;\">Waist width 71 cm<\/p>\n<p style=\"text-align: center;\">Hip width 96 cm<\/p>","protected":false},"excerpt":{"rendered":"<p>Sweterek Zapinany Z Ozdobnym Ko\u0142nierzem Czarny Przepi\u0119kny, sweterek, zapinany na zamek b\u0142yskawiczny . Posiada \u015bliczny zdobiony kamieniami ko\u0142nierz. Jest to propozycja dla Pa\u0144 kt\u00f3re poszukuj\u0105 idealnego sweterka. Z pewno\u015bci\u0105 dopasujesz do swojej szafy. B\u0119dziesz czu\u0107 si\u0119 w nim wygodnie i\u00a0 pi\u0119knie . Wygodny, przytulny w dotyku, komfortowy sweterek o prostym fasonie. Model z d\u0142ugimi r\u0119kawami.<\/p>\n<div class=\"klb-readmore post-buttons\"><a class=\"button black outline size-sm\" href=\"https:\/\/madelinefashion.pl\/en\/product\/sweterek-zapinany-z-ozdobnym-kolnierzem-czarny\/\">Read More <i class=\"klbth-icon-right-arrow\"><\/i><\/a><\/div>","protected":false},"featured_media":582387,"template":"","meta":[],"product_brand":[],"product_cat":[78],"product_tag":[298],"class_list":{"0":"post-108170","1":"product","2":"type-product","3":"status-publish","4":"has-post-thumbnail","6":"product_cat-swetry-damskie","7":"product_tag-swetry-czarne","9":"first","10":"instock","11":"purchasable","12":"product-type-simple"},"_links":{"self":[{"href":"https:\/\/madelinefashion.pl\/en\/wp-json\/wp\/v2\/product\/108170","targetHints":{"allow":["GET"]}}],"collection":[{"href":"https:\/\/madelinefashion.pl\/en\/wp-json\/wp\/v2\/product"}],"about":[{"href":"https:\/\/madelinefashion.pl\/en\/wp-json\/wp\/v2\/types\/product"}],"wp:featuredmedia":[{"embeddable":true,"href":"https:\/\/madelinefashion.pl\/en\/wp-json\/wp\/v2\/media\/582387"}],"wp:attachment":[{"href":"https:\/\/madelinefashion.pl\/en\/wp-json\/wp\/v2\/media?parent=108170"}],"wp:term":[{"taxonomy":"product_brand","embeddable":true,"href":"https:\/\/madelinefashion.pl\/en\/wp-json\/wp\/v2\/product_brand?post=108170"},{"taxonomy":"product_cat","embeddable":true,"href":"https:\/\/madelinefashion.pl\/en\/wp-json\/wp\/v2\/product_cat?post=108170"},{"taxonomy":"product_tag","embeddable":true,"href":"https:\/\/madelinefashion.pl\/en\/wp-json\/wp\/v2\/product_tag?post=108170"}],"curies":[{"name":"wp","href":"https:\/\/api.w.org\/{rel}","templated":true}]}}