{"id":108246,"date":"2023-11-03T14:14:14","date_gmt":"2023-11-03T13:14:14","guid":{"rendered":"https:\/\/madelinefashion.pl\/?post_type=product&#038;p=108246"},"modified":"2026-01-15T12:42:57","modified_gmt":"2026-01-15T11:42:57","slug":"ramoneska-czarna-z-paskiem-balley","status":"publish","type":"product","link":"https:\/\/madelinefashion.pl\/en\/product\/ramoneska-czarna-z-paskiem-balley\/","title":{"rendered":"Black Biker Jacket with Balley Belt"},"content":{"rendered":"<h3 style=\"text-align: center;\">Black Biker Jacket with Balley Belt<\/h3>\n<p style=\"text-align: center;\"><strong>Black Ramones <\/strong>is one of our proposals for the coming colder days. <strong>Bestseller<\/strong> model. The most classic and timeless model of the jacket. It can be used in any styling, both for classic jeans, a white t-shirt for everyday outings, as well as for women&#039;s dresses, adding a rocky look. <strong>character<\/strong>. It is a definite one <strong>must have<\/strong> in every wardrobe! Long sleeves are decorated with zippers at the end. The model from the bottom has an additional lining that will protect you on colder days. Sidecut <strong>r<\/strong><strong>amoeba <\/strong>\u00a0With a simple, classic cut, it will look great with our trousers. This style is perfect for spring or autumn, as well as for cooler summer days. With carefully selected accessories, you can easily create unique outfits for social events or celebrations. <strong>It is made of soft eco leather<\/strong>, deceptively similar <strong>natural leather<\/strong>. The model has two pockets. <strong>Stand out from the crowd<\/strong> with our eco leather jacket. There is no limit to your imagination, so don&#039;t hesitate and<strong> create your own styling<\/strong>.<\/p>\n<h3 style=\"text-align: center;\">Dimensions:<\/h3>\n<p style=\"text-align: center;\"><b>36 \/ s<\/b><\/p>\n<p style=\"text-align: center;\">Total length - 50 cm<\/p>\n<p style=\"text-align: center;\">Width from armpit to armpit - 45-48 cm<\/p>\n<p style=\"text-align: center;\">Waist width \u2013 41-44 cm<\/p>\n<p style=\"text-align: center;\">Sleeve length from shoulder - 59 cm<\/p>\n<p style=\"text-align: center;\">Sleeve length from armpit - 45 cm<\/p>\n<p style=\"text-align: center;\">Dimensions may slightly differ from the given +\/- 2cm. All dimensions given are measured flat.<\/p>\n<table width=\"605\">\n<tbody>\n<tr>\n<td width=\"302\">Model name<\/td>\n<td width=\"302\">Black Biker Jacket with Balley Belt<\/td>\n<\/tr>\n<tr>\n<td width=\"302\">Color<\/td>\n<td width=\"302\">Black<\/td>\n<\/tr>\n<tr>\n<td width=\"302\">Sizes<\/td>\n<td width=\"302\">SML XL<\/td>\n<\/tr>\n<tr>\n<td width=\"302\">Fashion<\/td>\n<td width=\"302\">Fitted \/ slim<\/td>\n<\/tr>\n<tr>\n<td width=\"302\">Hood<\/td>\n<td width=\"302\">Not<\/td>\n<\/tr>\n<tr>\n<td width=\"302\">Quality<\/td>\n<td width=\"302\">Premium<\/td>\n<\/tr>\n<tr>\n<td width=\"302\">Fastening<\/td>\n<td width=\"302\">Lock<\/td>\n<\/tr>\n<\/tbody>\n<\/table>\n<p style=\"text-align: center;\">The model has\u00a0<strong>169<\/strong>\u00a0cm tall, wears a size every day\u00a0<strong>S.<\/strong><\/p>\n<p style=\"text-align: center;\">Bust width 91 cm<\/p>\n<p style=\"text-align: center;\">Waist width 71 cm<\/p>\n<p style=\"text-align: center;\">Hip width 96 cm<\/p>\n<p style=\"text-align: center;\">","protected":false},"excerpt":{"rendered":"<p>Ramoneska Czarna Z Paskiem Balley Ramoneska Czarna to jedna z naszych propozycji na nadchodz\u0105ce ch\u0142odniejsze dni. Bestsellerowy model. Najbardziej klasyczny i ponadczasowy model kurtki. Mo\u017cna j\u0105 wykorzysta\u0107 w ka\u017cdej stylizacji, zar\u00f3wno do klasycznych jeans\u00f3w, bia\u0142ego t-shirtu na codzienne wyj\u015bcia, jak i do kobiecych sukienek dodaj\u0105c im rockowego charakteru. Jest to zdecydowany must have w ka\u017cdej<\/p>\n<div class=\"klb-readmore post-buttons\"><a class=\"button black outline size-sm\" href=\"https:\/\/madelinefashion.pl\/en\/product\/ramoneska-czarna-z-paskiem-balley\/\">Read More <i class=\"klbth-icon-right-arrow\"><\/i><\/a><\/div>","protected":false},"featured_media":108242,"template":"","meta":[],"product_brand":[],"product_cat":[117,395],"product_tag":[295],"class_list":{"0":"post-108246","1":"product","2":"type-product","3":"status-publish","4":"has-post-thumbnail","6":"product_cat-kurtki","7":"product_cat-nowosci","8":"product_tag-ramoneski","9":"pa_rozmiar-s","10":"pa_rozmiar-m","11":"pa_rozmiar-l","12":"pa_rozmiar-xl","14":"first","15":"outofstock","16":"product-type-variable"},"_links":{"self":[{"href":"https:\/\/madelinefashion.pl\/en\/wp-json\/wp\/v2\/product\/108246","targetHints":{"allow":["GET"]}}],"collection":[{"href":"https:\/\/madelinefashion.pl\/en\/wp-json\/wp\/v2\/product"}],"about":[{"href":"https:\/\/madelinefashion.pl\/en\/wp-json\/wp\/v2\/types\/product"}],"wp:featuredmedia":[{"embeddable":true,"href":"https:\/\/madelinefashion.pl\/en\/wp-json\/wp\/v2\/media\/108242"}],"wp:attachment":[{"href":"https:\/\/madelinefashion.pl\/en\/wp-json\/wp\/v2\/media?parent=108246"}],"wp:term":[{"taxonomy":"product_brand","embeddable":true,"href":"https:\/\/madelinefashion.pl\/en\/wp-json\/wp\/v2\/product_brand?post=108246"},{"taxonomy":"product_cat","embeddable":true,"href":"https:\/\/madelinefashion.pl\/en\/wp-json\/wp\/v2\/product_cat?post=108246"},{"taxonomy":"product_tag","embeddable":true,"href":"https:\/\/madelinefashion.pl\/en\/wp-json\/wp\/v2\/product_tag?post=108246"}],"curies":[{"name":"wp","href":"https:\/\/api.w.org\/{rel}","templated":true}]}}