{"id":108274,"date":"2023-11-03T14:34:25","date_gmt":"2023-11-03T13:34:25","guid":{"rendered":"https:\/\/madelinefashion.pl\/?post_type=product&#038;p=108274"},"modified":"2026-01-20T10:33:20","modified_gmt":"2026-01-20T09:33:20","slug":"golf-dzianinowy-z-guziczkami-na-ramionach-leti-karmelowy","status":"publish","type":"product","link":"https:\/\/madelinefashion.pl\/en\/product\/golf-dzianinowy-z-guziczkami-na-ramionach-leti-karmelowy\/","title":{"rendered":"Leti Caramel Knitted Turtleneck with Buttons on the Shoulders"},"content":{"rendered":"<h3 style=\"text-align: center;\">Leti Caramel Knitted Turtleneck with Buttons on the Shoulders<\/h3>\n<p style=\"text-align: center;\">A classic, single-color turtleneck blouse. Made of stretchy fabric. This ribbed turtleneck is one size fits all. Perfect for autumn, winter, and spring outfits. Made of a soft, stretchy fabric. The turtleneck features decorative gold buttons on the shoulders. One size fits all, recommended from S to XL.<\/p>\n<h3 style=\"text-align: center;\">\u00a0 \u00a0 \u00a0Dimensions:<\/h3>\n<ul style=\"text-align: center;\">\n<li>overall length: 59 cm<\/li>\n<li>width from armpit to armpit: 44 cm -65 cm<\/li>\n<li>sleeve length from the shoulder: 60 cm<\/li>\n<li>sleeve length from armpit: 45 cm<\/li>\n<li><\/li>\n<\/ul>\n<p style=\"text-align: center;\">Dimensions may slightly differ from the given +\/- 2cm. All dimensions given are measured flat.<\/p>\n<h3 style=\"text-align: center;\">Characteristics:<\/h3>\n<ul>\n<li style=\"text-align: center;\">roll-up turtleneck<\/li>\n<li style=\"text-align: center;\">ribbed fabric<\/li>\n<li style=\"text-align: center;\">ribbed finish<\/li>\n<\/ul>\n<table>\n<tbody>\n<tr>\n<td width=\"302\">Model name<\/td>\n<td width=\"302\">Leti Knitted Turtleneck with Buttons on the Shoulders<\/td>\n<\/tr>\n<tr>\n<td width=\"302\">Color<\/td>\n<td width=\"302\">caramel<\/td>\n<\/tr>\n<tr>\n<td width=\"302\">Sizes<\/td>\n<td width=\"302\">Universal<\/td>\n<\/tr>\n<tr>\n<td width=\"302\">Fashion<\/td>\n<td width=\"302\">Matched<\/td>\n<\/tr>\n<tr>\n<td width=\"302\">Material<\/td>\n<td width=\"302\">50 % Viscose 29% Polyester 21% Polyamide<\/td>\n<\/tr>\n<\/tbody>\n<\/table>\n<p>&nbsp;<\/p>\n<p>&nbsp;<\/p>\n<p style=\"text-align: center;\">The model has\u00a0<strong>169<\/strong>\u00a0cm tall, wears a size every day\u00a0<strong>S.<\/strong><\/p>\n<p style=\"text-align: center;\">Bust width 91 cm<\/p>\n<p style=\"text-align: center;\">Waist width 71 cm<\/p>\n<p style=\"text-align: center;\">Hip width 96 cm<\/p>\n<p style=\"text-align: center;\">","protected":false},"excerpt":{"rendered":"<p>Golf Dzianinowy Z Guziczkami Na Ramionach Leti Karmelowy Jednokolorowa klasyczna bluzka z golfem. Uszyta z elastycznego materia\u0142u. Pr\u0105\u017ckowany golf w rozmiarze uniwersalnym. \u015awietnie sprawdzi si\u0119 w jesiennych, zimowych jak i wiosennych\u00a0 stylizacjach. Wykonany z przyjemnego w dotyku elastycznego materia\u0142u. Golf ma doszyte z\u0142ote, ozdobne guziczki na ramionach. Rozmiar uniwersalny zalecany od S do XL \u00a0<\/p>\n<div class=\"klb-readmore post-buttons\"><a class=\"button black outline size-sm\" href=\"https:\/\/madelinefashion.pl\/en\/product\/golf-dzianinowy-z-guziczkami-na-ramionach-leti-karmelowy\/\">Read More <i class=\"klbth-icon-right-arrow\"><\/i><\/a><\/div>","protected":false},"featured_media":108254,"template":"","meta":[],"product_brand":[],"product_cat":[77],"product_tag":[],"class_list":{"0":"post-108274","1":"product","2":"type-product","3":"status-publish","4":"has-post-thumbnail","6":"product_cat-bluzki","8":"first","9":"outofstock","10":"sale","11":"purchasable","12":"product-type-simple"},"_links":{"self":[{"href":"https:\/\/madelinefashion.pl\/en\/wp-json\/wp\/v2\/product\/108274","targetHints":{"allow":["GET"]}}],"collection":[{"href":"https:\/\/madelinefashion.pl\/en\/wp-json\/wp\/v2\/product"}],"about":[{"href":"https:\/\/madelinefashion.pl\/en\/wp-json\/wp\/v2\/types\/product"}],"wp:featuredmedia":[{"embeddable":true,"href":"https:\/\/madelinefashion.pl\/en\/wp-json\/wp\/v2\/media\/108254"}],"wp:attachment":[{"href":"https:\/\/madelinefashion.pl\/en\/wp-json\/wp\/v2\/media?parent=108274"}],"wp:term":[{"taxonomy":"product_brand","embeddable":true,"href":"https:\/\/madelinefashion.pl\/en\/wp-json\/wp\/v2\/product_brand?post=108274"},{"taxonomy":"product_cat","embeddable":true,"href":"https:\/\/madelinefashion.pl\/en\/wp-json\/wp\/v2\/product_cat?post=108274"},{"taxonomy":"product_tag","embeddable":true,"href":"https:\/\/madelinefashion.pl\/en\/wp-json\/wp\/v2\/product_tag?post=108274"}],"curies":[{"name":"wp","href":"https:\/\/api.w.org\/{rel}","templated":true}]}}