{"id":10867,"date":"2021-05-03T17:36:18","date_gmt":"2021-05-03T15:36:18","guid":{"rendered":"https:\/\/madelinefashion.pl\/?post_type=product&#038;p=10867"},"modified":"2026-03-26T12:40:36","modified_gmt":"2026-03-26T11:40:36","slug":"kurtka-pikowana-slim-classic-szara","status":"publish","type":"product","link":"https:\/\/madelinefashion.pl\/en\/product\/kurtka-pikowana-slim-classic-szara\/","title":{"rendered":"Gray Classic Quilted Jacket"},"content":{"rendered":"<h3 style=\"text-align: center;\">Gray Classic Quilted Jacket<\/h3>\n<p style=\"text-align: center;\"><strong>Gray Classic Quilted Jacket<\/strong> is our proposition for the coming spring and cooler summer days. It can be used in any <strong>styling<\/strong>for classic jeans, white <a href=\"https:\/\/madelinefashion.pl\/en\/bluzka-fashion-biala-gladka\/\">t-shirt<\/a> for everyday exits. It is a definite one <strong>must have<\/strong> in every wardrobe! The fitted quilted jacket has a zipper and two zipped pockets. A spring jacket that will add character to any outfit and make it stand out from the crowd. We recommend it with ours <a href=\"https:\/\/madelinefashion.pl\/en\/casual-clothes\/t-shirty\/\">tops<\/a> and pants <a href=\"https:\/\/madelinefashion.pl\/en\/spodnie-jeans-boyfriend-star\/\">jeans boyfriend<\/a>.<strong> Transitional jacket available in several colors<\/strong>. This model is perfect for <strong>in spring and on cooler summer days.<\/strong>\u00a0Thanks to carefully selected accessories, you can easily create unique stylizations for social events or celebrations. Stand out from the crowd with our jacket. <strong>Quilted jacket without a hood in a slim version<\/strong> it will perfectly warm you on colder days and will complement any everyday styling. Women&#039;s fitted jacket has a delicate collar - stand-up collar. <strong>Waterproof<\/strong>synthetic filling will keep you warm in all conditions. The jacket comes in size<strong> SML XL XXL.\u00a0 <\/strong>Depending on the season and current fashion trends on offer <a href=\"https:\/\/madelinefashion.pl\/en\/\"><strong>Madelinefashion<\/strong><\/a> you will also find warm ones <a href=\"https:\/\/madelinefashion.pl\/en\/kurtki-i-plaszcze\/\">outerwear<\/a> women&#039;s, <strong>stylish <a href=\"https:\/\/madelinefashion.pl\/en\/?s=ramoneska&amp;post_type=product\">ramones<\/a><\/strong>, elegant <a href=\"https:\/\/madelinefashion.pl\/en\/kurtki-i-plaszcze\/plaszcze\/\">coats <\/a>. Familiarize yourself with the offer and find the perfect model for you.<\/p>\n<p>\u2013<\/p>\n<h3 style=\"text-align: center;\">Dimensions:<\/h3>\n<p style=\"text-align: center;\"><strong>S \/ 36<br \/>\n<\/strong>Width from armpit to armpit: 42 cm<br \/>\nBottom width: 46 cm<br \/>\nSleeve length from the shoulder: 62 cm<br \/>\nSleeve length from armpit: 44 cm<br \/>\nOverall length: 62 cm<\/p>\n<p style=\"text-align: center;\"><strong>M \/ 38<br \/>\n<\/strong>Width from armpit to armpit: 44 cm<br \/>\nBottom width: 48 cm<br \/>\nSleeve length from the shoulder: 64 cm<br \/>\nSleeve length from armpit: 46 cm<br \/>\nOverall length: 63 cm<br \/>\n<strong><br \/>\nL \/ 40<\/strong><br \/>\nWidth from armpit to armpit: 47 cm<br \/>\nBottom width: 50 cm<br \/>\nSleeve length from the shoulder: 64 cm<br \/>\nSleeve length from armpit: 46 cm<br \/>\nOverall length: 65 cm<\/p>\n<p>&nbsp;<\/p>\n<p style=\"text-align: center;\"><strong>XL \/ 42<\/strong><br \/>\nWidth from armpit to armpit: 49 cm<br \/>\nBottom width: 52 cm<br \/>\nSleeve length from the shoulder: 65 cm<br \/>\nSleeve length from armpit: 47 cm<br \/>\nOverall length: 68 cm<\/p>\n<p style=\"text-align: center;\"><strong>XXL \/ 44<\/strong><br \/>\nWidth from armpit to armpit: 52 cm<br \/>\nBottom width: 55 cm<br \/>\nSleeve length from the shoulder: 66 cm<br \/>\nSleeve length from armpit: 48 cm<br \/>\nOverall length: 71 cm<\/p>\n<p>&nbsp;<\/p>\n<p style=\"text-align: center;\">Dimensions may slightly differ from the given +\/- 2cm. <strong>All dimensions are measured flat - x2 dimension\u00a0<\/strong><\/p>\n<p style=\"text-align: center;\"><strong><span style=\"font-size: 10pt;\">\u00a0<\/span><\/strong><\/p>\n<div class=\"tabs tabs-bb clear mb-80\">\n<div class=\"tab-content\">\n<div id=\"tab-description\" class=\"tab-pane fade in woocommerce-Tabs-panel--description active\">\n<p style=\"text-align: center;\">\u00a0The model has\u00a0<strong>165<\/strong> cm tall, wears size S on a daily basis<\/p>\n<\/div>\n<\/div>\n<\/div>","protected":false},"excerpt":{"rendered":"<p>Kurtka Pikowana Slim Classic Szara Kurtka Pikowana Slim Classic Szara to nasza propozycja na nadchodz\u0105c\u0105 wiosn\u0119 oraz ch\u0142odniejsze letnie dni. Mo\u017cna j\u0105 wykorzysta\u0107 w ka\u017cdej stylizacji, zar\u00f3wno do klasycznych jeans\u00f3w, bia\u0142ego t-shirtu na codzienne wyj\u015bcia.\u00a0Jest to zdecydowany must have w ka\u017cdej garderobie! Kurtka dopasowan pikowana posiada zamek b\u0142yskawiczny oraz dwie kieszonki zamykane na zamek. Kurtka<\/p>\n<div class=\"klb-readmore post-buttons\"><a class=\"button black outline size-sm\" href=\"https:\/\/madelinefashion.pl\/en\/product\/kurtka-pikowana-slim-classic-szara\/\">Read More <i class=\"klbth-icon-right-arrow\"><\/i><\/a><\/div>","protected":false},"featured_media":10866,"template":"","meta":[],"product_brand":[],"product_cat":[117,380],"product_tag":[],"class_list":{"0":"post-10867","1":"product","2":"type-product","3":"status-publish","4":"has-post-thumbnail","6":"product_cat-kurtki","7":"product_cat-wyprzedaz","8":"pa_rozmiar-s-36","9":"pa_rozmiar-m-38","10":"pa_rozmiar-l-40","11":"pa_rozmiar-xl-42","12":"pa_rozmiar-xxl-44","14":"first","15":"instock","16":"sale","17":"purchasable","18":"product-type-variable"},"_links":{"self":[{"href":"https:\/\/madelinefashion.pl\/en\/wp-json\/wp\/v2\/product\/10867","targetHints":{"allow":["GET"]}}],"collection":[{"href":"https:\/\/madelinefashion.pl\/en\/wp-json\/wp\/v2\/product"}],"about":[{"href":"https:\/\/madelinefashion.pl\/en\/wp-json\/wp\/v2\/types\/product"}],"wp:featuredmedia":[{"embeddable":true,"href":"https:\/\/madelinefashion.pl\/en\/wp-json\/wp\/v2\/media\/10866"}],"wp:attachment":[{"href":"https:\/\/madelinefashion.pl\/en\/wp-json\/wp\/v2\/media?parent=10867"}],"wp:term":[{"taxonomy":"product_brand","embeddable":true,"href":"https:\/\/madelinefashion.pl\/en\/wp-json\/wp\/v2\/product_brand?post=10867"},{"taxonomy":"product_cat","embeddable":true,"href":"https:\/\/madelinefashion.pl\/en\/wp-json\/wp\/v2\/product_cat?post=10867"},{"taxonomy":"product_tag","embeddable":true,"href":"https:\/\/madelinefashion.pl\/en\/wp-json\/wp\/v2\/product_tag?post=10867"}],"curies":[{"name":"wp","href":"https:\/\/api.w.org\/{rel}","templated":true}]}}