{"id":108717,"date":"2023-11-06T15:37:37","date_gmt":"2023-11-06T14:37:37","guid":{"rendered":"https:\/\/madelinefashion.pl\/?post_type=product&#038;p=108717"},"modified":"2026-01-20T10:33:19","modified_gmt":"2026-01-20T09:33:19","slug":"plaszczyk-supelkowy-z-bukli-oversize-morski","status":"publish","type":"product","link":"https:\/\/madelinefashion.pl\/en\/product\/plaszczyk-supelkowy-z-bukli-oversize-morski\/","title":{"rendered":"Oversize Sea Bukla Knot Coat"},"content":{"rendered":"<h3 style=\"text-align: center;\">Oversize Sea Bukla Knot Coat<\/h3>\n<p style=\"text-align: center;\"><strong>Knotskin coat made of Bukla Oversize <\/strong>It will also be perfect as a sweatshirt for spring and autumn days. Very nice to the touch, made of a delicate material. Universal loose cut, great for any figure and styling. Oversize style <strong>asymmetric<\/strong>, has two pockets and a hood. <strong>Polish product<\/strong>, very good quality of the material. A zippered shirt is also recommended for women w <strong>Plus Size. The model is available in several colors! Recommended for women in size ML XL XXL XXXL XXXXL<\/strong><\/p>\n<h3 style=\"text-align: center;\">\u00a0 \u00a0 \u00a0 \u00a0Dimensions<\/h3>\n<ul>\n<li style=\"list-style-type: none;\">\n<ul>\n<li style=\"text-align: center;\">total length: 99cm<\/li>\n<li style=\"text-align: center;\">width from armpit to armpit: 72-76 cm x2<\/li>\n<li style=\"text-align: center;\">width at the waist: 59 cm x2<\/li>\n<li style=\"text-align: center;\">bottom width 57 cm x2<\/li>\n<li style=\"text-align: center;\">sleeve length from the shoulder: 60 cm<\/li>\n<li style=\"text-align: center;\">sleeve length from armpit: 40 cm<\/li>\n<li style=\"text-align: center;\">recommended max <strong>circuit<\/strong> in the bust: 140 cm<\/li>\n<\/ul>\n<\/li>\n<\/ul>\n<p style=\"text-align: center;\">Dimensions may slightly differ from the given +\/- 2cm. All dimensions given are measured flat. <strong>X2 dimension<\/strong><\/p>\n<h3 style=\"text-align: center;\">Characteristics:<\/h3>\n<ul>\n<li style=\"text-align: center;\">loose<\/li>\n<li style=\"text-align: center;\">fastened with a plastic zipper<\/li>\n<li style=\"text-align: center;\">oversize cut<\/li>\n<li style=\"text-align: center;\">uninsulated<\/li>\n<li style=\"text-align: center;\">without lining<\/li>\n<li style=\"text-align: center;\">asymmetric<\/li>\n<li style=\"text-align: center;\">pockets<\/li>\n<li style=\"text-align: center;\">hood<\/li>\n<li style=\"text-align: center;\">made in Poland<\/li>\n<\/ul>\n<table>\n<tbody>\n<tr>\n<td width=\"302\">Model name<\/td>\n<td width=\"302\">Knot Coat with Bukli Oversize Emblem<\/td>\n<\/tr>\n<tr>\n<td width=\"302\">Color<\/td>\n<td width=\"302\">Maritime<\/td>\n<\/tr>\n<tr>\n<td width=\"302\">Sizes<\/td>\n<td width=\"302\">Universal<\/td>\n<\/tr>\n<tr>\n<td width=\"302\">Fashion<\/td>\n<td width=\"302\">Oversize<\/td>\n<\/tr>\n<tr>\n<td width=\"302\">Material<\/td>\n<td width=\"302\">95% Cotton 5% Polyester<\/td>\n<\/tr>\n<\/tbody>\n<\/table>\n<p>&nbsp;<\/p>\n<div class=\"tabs tabs-bb clear mb-80\">\n<div class=\"tab-content\">\n<div id=\"tab-description\" class=\"tab-pane fade in woocommerce-Tabs-panel--description active\">\n<p style=\"text-align: center;\">The model has\u00a0<strong>169<\/strong>\u00a0cm tall, wears a size every day\u00a0<strong>S.<\/strong><\/p>\n<p style=\"text-align: center;\">Bust width 91 cm<\/p>\n<p style=\"text-align: center;\">Waist width 71 cm<\/p>\n<p style=\"text-align: center;\">Hip width 96 cm<\/p>\n<p>&nbsp;<\/p>\n<\/div>\n<\/div>\n<\/div>\n<section class=\"up-sells upsells products mb-80\"><\/section>\n<p style=\"text-align: center;\">","protected":false},"excerpt":{"rendered":"<p>P\u0142aszczyk Supe\u0142kowy z Bukli Oversize Morski P\u0142aszczyk Supe\u0142kowy z Bukli Oversize , \u015bwietnie sprawdzi si\u0119 r\u00f3wnie\u017c jako bluza na wiosenne i jesienne dni. Bardzo mi\u0142a w dotyku, wykonana z delikatnego materia\u0142u. Uniwersalny\u00a0 lu\u017any fason, \u015bwietny dla ka\u017cdej sylwetki i stylizacji. Styl oversize asymetryczny, posiada dwie kieszonki i kaptur. Produkt Polski, bardzo dobra jako\u015b\u0107 materia\u0142u.\u00a0 Bluza<\/p>\n<div class=\"klb-readmore post-buttons\"><a class=\"button black outline size-sm\" href=\"https:\/\/madelinefashion.pl\/en\/product\/plaszczyk-supelkowy-z-bukli-oversize-morski\/\">Read More <i class=\"klbth-icon-right-arrow\"><\/i><\/a><\/div>","protected":false},"featured_media":108713,"template":"","meta":[],"product_brand":[],"product_cat":[255,118,102],"product_tag":[385],"class_list":{"0":"post-108717","1":"product","2":"type-product","3":"status-publish","4":"has-post-thumbnail","6":"product_cat-bluzy","7":"product_cat-plaszcze","8":"product_cat-plaszcze-plus-size","9":"product_tag-plus-size","11":"first","12":"outofstock","13":"sale","14":"purchasable","15":"product-type-simple"},"_links":{"self":[{"href":"https:\/\/madelinefashion.pl\/en\/wp-json\/wp\/v2\/product\/108717","targetHints":{"allow":["GET"]}}],"collection":[{"href":"https:\/\/madelinefashion.pl\/en\/wp-json\/wp\/v2\/product"}],"about":[{"href":"https:\/\/madelinefashion.pl\/en\/wp-json\/wp\/v2\/types\/product"}],"wp:featuredmedia":[{"embeddable":true,"href":"https:\/\/madelinefashion.pl\/en\/wp-json\/wp\/v2\/media\/108713"}],"wp:attachment":[{"href":"https:\/\/madelinefashion.pl\/en\/wp-json\/wp\/v2\/media?parent=108717"}],"wp:term":[{"taxonomy":"product_brand","embeddable":true,"href":"https:\/\/madelinefashion.pl\/en\/wp-json\/wp\/v2\/product_brand?post=108717"},{"taxonomy":"product_cat","embeddable":true,"href":"https:\/\/madelinefashion.pl\/en\/wp-json\/wp\/v2\/product_cat?post=108717"},{"taxonomy":"product_tag","embeddable":true,"href":"https:\/\/madelinefashion.pl\/en\/wp-json\/wp\/v2\/product_tag?post=108717"}],"curies":[{"name":"wp","href":"https:\/\/api.w.org\/{rel}","templated":true}]}}