{"id":109586,"date":"2023-11-13T15:27:35","date_gmt":"2023-11-13T14:27:35","guid":{"rendered":"https:\/\/madelinefashion.pl\/?post_type=product&#038;p=109586"},"modified":"2026-03-01T12:57:57","modified_gmt":"2026-03-01T11:57:57","slug":"czapka-alpaka-zimowa-z-daszkiem-i-pomponem-bezowa","status":"publish","type":"product","link":"https:\/\/madelinefashion.pl\/en\/product\/czapka-alpaka-zimowa-z-daszkiem-i-pomponem-bezowa\/","title":{"rendered":"Czapka Alpaka Zimowa z Daszkiem I Pomponem Be\u017cowa"},"content":{"rendered":"<h3 style=\"text-align: center;\">Czapka Alpaka Zimowa z Daszkiem I Pomponem Be\u017cowa<\/h3>\n<p>&nbsp;<\/p>\n<p style=\"text-align: center;\">Women&#039;s winter alpaca hat with a pompom detail. One size fits all, made of a very soft material. Available in several versatile and beautiful colors, you&#039;re sure to find a perfect match for any outfit. This hat is perfect for those who enjoy feeling comfortable. A stylish addition to your wardrobe!<\/p>\n<h3 style=\"text-align: center;\">Cap dimensions:<\/h3>\n<p style=\"text-align: center;\">Circumference: 24-26 cm<\/p>\n<p style=\"text-align: center;\">Total length: 14 cm<\/p>\n<p style=\"text-align: center;\">Pompom height: 10 cm<\/p>\n<p>&nbsp;<\/p>\n<p style=\"text-align: center;\">Dimensions may slightly differ from the given +\/- 2cm. All dimensions given are measured flat.<\/p>\n<p>&nbsp;<\/p>\n<p style=\"text-align: center;\">The model has\u00a0<strong>169<\/strong>\u00a0cm tall, wears a size every day\u00a0<strong>S.<\/strong><\/p>\n<p style=\"text-align: center;\">Bust width 91 cm<\/p>\n<p style=\"text-align: center;\">Waist width 71 cm<\/p>\n<p style=\"text-align: center;\">Hip width 96 cm<\/p>\n<p style=\"text-align: center;\">","protected":false},"excerpt":{"rendered":"<p>Czapka Alpaka Zimowa z Daszkiem I Pomponem Be\u017cowa &nbsp; Damska czapka z daszkiem zimowa z alpaki zdobiona pomponem. Model w rozmiarze uniwersalnym, wykonana z bardzo przyjemnego w dotyku materia\u0142u. Wyst\u0119puje w naszej ofercie w kilku uniwersalnych i pi\u0119knych kolorach, dzi\u0119ki czemu na pewno dopasujesz j\u0105 do ka\u017cdej stylizacji. Czapka z daszkiem to idealna propozycja dla<\/p>\n<div class=\"klb-readmore post-buttons\"><a class=\"button black outline size-sm\" href=\"https:\/\/madelinefashion.pl\/en\/product\/czapka-alpaka-zimowa-z-daszkiem-i-pomponem-bezowa\/\">Read More <i class=\"klbth-icon-right-arrow\"><\/i><\/a><\/div>","protected":false},"featured_media":109579,"template":"","meta":[],"product_brand":[],"product_cat":[86],"product_tag":[],"class_list":{"0":"post-109586","1":"product","2":"type-product","3":"status-publish","4":"has-post-thumbnail","6":"product_cat-czapki-dodatki","8":"first","9":"outofstock","10":"sale","11":"purchasable","12":"product-type-simple"},"_links":{"self":[{"href":"https:\/\/madelinefashion.pl\/en\/wp-json\/wp\/v2\/product\/109586","targetHints":{"allow":["GET"]}}],"collection":[{"href":"https:\/\/madelinefashion.pl\/en\/wp-json\/wp\/v2\/product"}],"about":[{"href":"https:\/\/madelinefashion.pl\/en\/wp-json\/wp\/v2\/types\/product"}],"wp:featuredmedia":[{"embeddable":true,"href":"https:\/\/madelinefashion.pl\/en\/wp-json\/wp\/v2\/media\/109579"}],"wp:attachment":[{"href":"https:\/\/madelinefashion.pl\/en\/wp-json\/wp\/v2\/media?parent=109586"}],"wp:term":[{"taxonomy":"product_brand","embeddable":true,"href":"https:\/\/madelinefashion.pl\/en\/wp-json\/wp\/v2\/product_brand?post=109586"},{"taxonomy":"product_cat","embeddable":true,"href":"https:\/\/madelinefashion.pl\/en\/wp-json\/wp\/v2\/product_cat?post=109586"},{"taxonomy":"product_tag","embeddable":true,"href":"https:\/\/madelinefashion.pl\/en\/wp-json\/wp\/v2\/product_tag?post=109586"}],"curies":[{"name":"wp","href":"https:\/\/api.w.org\/{rel}","templated":true}]}}