{"id":109683,"date":"2023-11-14T12:06:45","date_gmt":"2023-11-14T11:06:45","guid":{"rendered":"https:\/\/madelinefashion.pl\/?post_type=product&#038;p=109683"},"modified":"2026-02-20T14:56:58","modified_gmt":"2026-02-20T13:56:58","slug":"kardigan-wzory-z-fredzlami-gothy-szaro-turkusowy","status":"publish","type":"product","link":"https:\/\/madelinefashion.pl\/en\/product\/kardigan-wzory-z-fredzlami-gothy-szaro-turkusowy\/","title":{"rendered":"Kardigan Wzory Z Fr\u0119dzlami Gothy Szaro Turkusowy"},"content":{"rendered":"<h3 style=\"text-align: center;\">Kardigan Wzory Z Fr\u0119dzlami Gothy Szaro Turkusowy<\/h3>\n<p>&nbsp;<\/p>\n<p style=\"text-align: center;\">This cardigan is the perfect cardigan for autumn days. This classic cardigan in a fashionable patterned design is very soft to the touch. The looser cut makes you feel very comfortable in it. Wide 3\/4 sleeves allow for unrestricted movement. The cardigan will make you feel <strong>you will stand out from the crowd<\/strong>\u00a0and you will attract everyone&#039;s eyes. The cardigan will be perfect in combination with a skirt, dress or classic jeans. Each of us should have such a sweater in our wardrobe. Classic cut, unique in casual style. Superb quality at the best price! European product, very good quality of the material. Perfectly fits the figure.<strong>\u00a0<\/strong>Perfect for school, work, a date or meeting with friends! Recommended for ladies in size SML XL XXL when wearing a larger size, please see the table below.<\/p>\n<p>&nbsp;<\/p>\n<p>&nbsp;<\/p>\n<h3 style=\"text-align: center;\">Dimensions:<\/h3>\n<ul style=\"text-align: center;\">\n<li>Overall length: 72 cm<\/li>\n<li>Width from armpit to armpit: 78-84cm<\/li>\n<li>Sleeve length from armpit: 26 cm<\/li>\n<li>Sleeve length from shoulder: 41 cm<\/li>\n<li><\/li>\n<\/ul>\n<p style=\"text-align: center;\"><span style=\"font-size: 10pt;\">Dimensions may slightly differ from the given +\/- 2cm. All dimensions given are measured flat. X2 dimension\u00a0<\/span><\/p>\n<p style=\"text-align: center;\"><span style=\"font-size: 10pt;\"><strong>\u00a0<\/strong>\u00a0<\/span><\/p>\n<table width=\"582\">\n<tbody>\n<tr>\n<td width=\"302\">Model name<\/td>\n<td width=\"302\">Gotha Fringe Pattern Cardigan<\/td>\n<\/tr>\n<tr>\n<td width=\"302\">Color<\/td>\n<td width=\"302\">Szary \/ Turkus<\/td>\n<\/tr>\n<tr>\n<td width=\"302\">Sizes<\/td>\n<td width=\"302\">Universal<\/td>\n<\/tr>\n<tr>\n<td width=\"302\">Fashion<\/td>\n<td width=\"302\">Oversize<\/td>\n<\/tr>\n<tr>\n<td width=\"302\">Hood<\/td>\n<td width=\"302\">Not<\/td>\n<\/tr>\n<tr>\n<td width=\"302\">Warmed up<\/td>\n<td width=\"302\">Uninsulated<\/td>\n<\/tr>\n<tr>\n<td width=\"302\">Composition<\/td>\n<td width=\"302\">30% Lana, 70% Polyester<\/td>\n<\/tr>\n<\/tbody>\n<\/table>\n<p>&nbsp;<\/p>\n<p style=\"text-align: center;\">The model has\u00a0<strong>169<\/strong>\u00a0cm tall, wears a size every day\u00a0<strong>S.<\/strong><\/p>\n<p style=\"text-align: center;\">Bust width 91 cm<\/p>\n<p style=\"text-align: center;\">Waist width 71 cm<\/p>\n<p style=\"text-align: center;\">Hip width 96 cm<\/p>","protected":false},"excerpt":{"rendered":"<p>Kardigan Wzory Z Fr\u0119dzlami Gothy Szaro Turkusowy &nbsp; Kardigan to model narzutki idealny na jesienne dni. Klasyczny Kardigan w modnym wzorzystym fasonie, bardzo mi\u0142y w dotyku. Lu\u017aniejszy kr\u00f3j sprawia, \u017ce b\u0119dziesz si\u0119 w nim czu\u0142a bardzo komfortowo. Szeroki r\u0119kaw 3\/4, kt\u00f3ry nie kr\u0119puje ruch\u00f3w. Kardigan sprawi, \u017ce wyr\u00f3\u017cnisz si\u0119 z t\u0142umu\u00a0i przyci\u0105gniesz spojrzenia wszystkich. Narzutka<\/p>\n<div class=\"klb-readmore post-buttons\"><a class=\"button black outline size-sm\" href=\"https:\/\/madelinefashion.pl\/en\/product\/kardigan-wzory-z-fredzlami-gothy-szaro-turkusowy\/\">Read More <i class=\"klbth-icon-right-arrow\"><\/i><\/a><\/div>","protected":false},"featured_media":109682,"template":"","meta":[],"product_brand":[],"product_cat":[91,395],"product_tag":[],"class_list":{"0":"post-109683","1":"product","2":"type-product","3":"status-publish","4":"has-post-thumbnail","6":"product_cat-kardigany-damskie","7":"product_cat-nowosci","9":"first","10":"outofstock","11":"purchasable","12":"product-type-simple"},"_links":{"self":[{"href":"https:\/\/madelinefashion.pl\/en\/wp-json\/wp\/v2\/product\/109683","targetHints":{"allow":["GET"]}}],"collection":[{"href":"https:\/\/madelinefashion.pl\/en\/wp-json\/wp\/v2\/product"}],"about":[{"href":"https:\/\/madelinefashion.pl\/en\/wp-json\/wp\/v2\/types\/product"}],"wp:featuredmedia":[{"embeddable":true,"href":"https:\/\/madelinefashion.pl\/en\/wp-json\/wp\/v2\/media\/109682"}],"wp:attachment":[{"href":"https:\/\/madelinefashion.pl\/en\/wp-json\/wp\/v2\/media?parent=109683"}],"wp:term":[{"taxonomy":"product_brand","embeddable":true,"href":"https:\/\/madelinefashion.pl\/en\/wp-json\/wp\/v2\/product_brand?post=109683"},{"taxonomy":"product_cat","embeddable":true,"href":"https:\/\/madelinefashion.pl\/en\/wp-json\/wp\/v2\/product_cat?post=109683"},{"taxonomy":"product_tag","embeddable":true,"href":"https:\/\/madelinefashion.pl\/en\/wp-json\/wp\/v2\/product_tag?post=109683"}],"curies":[{"name":"wp","href":"https:\/\/api.w.org\/{rel}","templated":true}]}}