{"id":109712,"date":"2023-11-14T12:56:04","date_gmt":"2023-11-14T11:56:04","guid":{"rendered":"https:\/\/madelinefashion.pl\/?post_type=product&#038;p=109712"},"modified":"2025-09-09T10:08:45","modified_gmt":"2025-09-09T08:08:45","slug":"sukienka-w-krate-tunika-wiazana-lory-czerwona","status":"publish","type":"product","link":"https:\/\/madelinefashion.pl\/en\/product\/sukienka-w-krate-tunika-wiazana-lory-czerwona\/","title":{"rendered":"Lory Red Checkered Tunic Dress"},"content":{"rendered":"<h3 style=\"text-align: center;\">Lory Red Checkered Tunic Dress<\/h3>\n<p style=\"text-align: center;\">Dress with a cut<strong> oversize<\/strong> is the perfect base and basis for many styles. It is total <strong>MUST HAVE<\/strong> This season. The shirt with the trendiest checkered print is tied at the waist with the included belt. Want to feel trendy? Remember to have a checkered dress in your wardrobe. Its color and pattern will make <strong>you will stand out from the crowd<\/strong>. Long sleeve dress <strong>tied at the waist<\/strong> perfectly emphasizes feminine shapes. It will be the best fit for <strong>everyday looks<\/strong>. A model chosen for many styles. Perfectly fits the figure. Perfect for school, work, a date or meeting with friends! <strong>Perfect for any time and occasion! Shirt with a cut\u00a0<b>oversize<\/b> is the perfect base and basis for many styles. T.<\/strong>avoids the most fashionable Print <b style=\"font-weight: bold;\">in\u00a0<\/b><b>plaid. Do you want to feel on time? Remember about a shirt in your wardrobe. <\/b>Size\u00a0<strong>universal recommended<\/strong>\u00a0for ladies in sizes from<strong> S to XL.<\/strong> Available in several colors.<\/p>\n<h3 style=\"text-align: center;\">Dimensions :<\/h3>\n<ul>\n<li style=\"text-align: center;\">Overall length: 90 cm<\/li>\n<li style=\"text-align: center;\">Width from armpit to: 50-54 cm x2<\/li>\n<li style=\"text-align: center;\">Waist width: 32-56 cm (tying)<\/li>\n<li style=\"text-align: center;\">Sleeve length from armpit: 48 cm<\/li>\n<li style=\"text-align: center;\">Sleeve Length from Shoulder: 64 cm<\/li>\n<\/ul>\n<p style=\"text-align: center;\">Dimensions may slightly differ from the given +\/- 2cm. All dimensions given are measured flat.\u00a0<strong>X2 dimension<\/strong><\/p>\n<p style=\"text-align: center;\"><span style=\"font-size: 10pt;\">\u00a0<\/span><\/p>\n<p style=\"text-align: center;\"><span style=\"font-size: 10pt;\">\u00a0<\/span><\/p>\n<table width=\"608\">\n<tbody>\n<tr>\n<td width=\"302\">Model name<\/td>\n<td width=\"302\">Lory Checkered Dress with Lace Tunic<\/td>\n<\/tr>\n<tr>\n<td width=\"302\">Color<\/td>\n<td width=\"302\">Red<\/td>\n<\/tr>\n<tr>\n<td width=\"302\">Sizes<\/td>\n<td width=\"302\">Universal<\/td>\n<\/tr>\n<tr>\n<td width=\"302\">Fashion<\/td>\n<td width=\"302\">Oversize<\/td>\n<\/tr>\n<tr>\n<td width=\"302\">Material<\/td>\n<td width=\"302\">95% Cotton 5% Elastane<\/td>\n<\/tr>\n<\/tbody>\n<\/table>\n<p style=\"text-align: center;\"><span style=\"font-size: 10pt;\">\u00a0<\/span><\/p>\n<p style=\"text-align: center;\">The model has\u00a0<strong>169<\/strong>\u00a0cm tall, wears a size every day\u00a0<strong>S.<\/strong><\/p>\n<p style=\"text-align: center;\">Bust width 91 cm<\/p>\n<p style=\"text-align: center;\">Waist width 71 cm<\/p>\n<p style=\"text-align: center;\">Hip width 96 cm<\/p>\n<p style=\"text-align: center;\"><span style=\"font-size: 10pt;\">\u00a0<\/span><\/p>\n<p style=\"text-align: center;\"><span style=\"font-size: 10pt;\">\u00a0<\/span><\/p>","protected":false},"excerpt":{"rendered":"<p>Sukienka w Krat\u0119 Tunika Wi\u0105zana Lory Czerwona Sukienka o kroju oversizowym to idealna baza i podstawa do wielu stylizacji. Jest to totalny MUST HAVE tego sezonu. Koszula z najmodniejszym Printem w krat\u0119 zwi\u0105zana jest w pasie paskiem do\u0142\u0105czonym do zestawu. Chcesz si\u0119 poczu\u0107 na czasie? Pami\u0119taj o sukience w krat\u0119 w swojej garderobie.\u00a0 Jej kolor<\/p>\n<div class=\"klb-readmore post-buttons\"><a class=\"button black outline size-sm\" href=\"https:\/\/madelinefashion.pl\/en\/product\/sukienka-w-krate-tunika-wiazana-lory-czerwona\/\">Read More <i class=\"klbth-icon-right-arrow\"><\/i><\/a><\/div>","protected":false},"featured_media":109711,"template":"","meta":[],"product_brand":[],"product_cat":[125,395],"product_tag":[296],"class_list":{"0":"post-109712","1":"product","2":"type-product","3":"status-publish","4":"has-post-thumbnail","6":"product_cat-sukienki","7":"product_cat-nowosci","8":"product_tag-tuniki","10":"first","11":"outofstock","12":"purchasable","13":"product-type-simple"},"_links":{"self":[{"href":"https:\/\/madelinefashion.pl\/en\/wp-json\/wp\/v2\/product\/109712","targetHints":{"allow":["GET"]}}],"collection":[{"href":"https:\/\/madelinefashion.pl\/en\/wp-json\/wp\/v2\/product"}],"about":[{"href":"https:\/\/madelinefashion.pl\/en\/wp-json\/wp\/v2\/types\/product"}],"wp:featuredmedia":[{"embeddable":true,"href":"https:\/\/madelinefashion.pl\/en\/wp-json\/wp\/v2\/media\/109711"}],"wp:attachment":[{"href":"https:\/\/madelinefashion.pl\/en\/wp-json\/wp\/v2\/media?parent=109712"}],"wp:term":[{"taxonomy":"product_brand","embeddable":true,"href":"https:\/\/madelinefashion.pl\/en\/wp-json\/wp\/v2\/product_brand?post=109712"},{"taxonomy":"product_cat","embeddable":true,"href":"https:\/\/madelinefashion.pl\/en\/wp-json\/wp\/v2\/product_cat?post=109712"},{"taxonomy":"product_tag","embeddable":true,"href":"https:\/\/madelinefashion.pl\/en\/wp-json\/wp\/v2\/product_tag?post=109712"}],"curies":[{"name":"wp","href":"https:\/\/api.w.org\/{rel}","templated":true}]}}