{"id":109827,"date":"2023-11-15T10:16:31","date_gmt":"2023-11-15T09:16:31","guid":{"rendered":"https:\/\/madelinefashion.pl\/?post_type=product&#038;p=109827"},"modified":"2026-02-20T14:56:57","modified_gmt":"2026-02-20T13:56:57","slug":"sweter-z-polgolfem-lilou-bialy","status":"publish","type":"product","link":"https:\/\/madelinefashion.pl\/en\/product\/sweter-z-polgolfem-lilou-bialy\/","title":{"rendered":"Lilou White Turtleneck Sweater"},"content":{"rendered":"<h3 style=\"text-align: center;\">Lilou White Turtleneck Sweater<\/h3>\n<p style=\"text-align: center;\">\u00a0Sweater made of extremely pleasant material. Put on over the head, with a turtleneck, it fits perfectly on the body. <strong>Sweater<\/strong> long sleeve in the most fashionable pattern this season. Simple cut and classic pattern will fit into many styles. You can successfully wear it for everyday outings, to work, a family meeting or even for a more important occasion. Thanks to the structure of the material, it will work better <strong>on colder days and during transitional periods<\/strong> or on <strong>winter in combination with a jacket<\/strong>. We recommend combining them with high boots, which will make you stand out from the crowd.\u00a0 <strong>The size is UNIVERSAL<\/strong> recommended for ladies wearing <strong> SML XL<\/strong><strong>,<\/strong>\u00a0but we recommend\u00a0<strong>accurate measurement <\/strong>according to the dimension table below. Available in our e-shop in several color variants, so do not hesitate and choose the one that is perfect for you. If you cannot decide which color is best for you, please contact us through <strong>Facebook<\/strong>\u00a0or phone.<\/p>\n<h3 style=\"text-align: center;\">Sweater dimensions:<\/h3>\n<ul>\n<li style=\"text-align: center;\">Total length: 54 cm<\/li>\n<li style=\"text-align: center;\">Width from armpit to armpit: 59-72 cm<\/li>\n<li style=\"text-align: center;\">Sleeve length from the shoulder: 53 cm<\/li>\n<li style=\"text-align: center;\">Sleeve length from armpit: 40 cm<\/li>\n<li style=\"text-align: center;\"><\/li>\n<\/ul>\n<p style=\"text-align: center;\">Dimensions may slightly differ from the given +\/- 2cm. All dimensions given are measured flat.<\/p>\n<table width=\"610\">\n<tbody>\n<tr>\n<td width=\"302\">Model name<\/td>\n<td width=\"302\">Lilou Turtleneck Sweater<\/td>\n<\/tr>\n<tr>\n<td width=\"302\">Color<\/td>\n<td width=\"302\">White<\/td>\n<\/tr>\n<tr>\n<td width=\"302\">Sizes<\/td>\n<td width=\"302\">Universal<\/td>\n<\/tr>\n<tr>\n<td width=\"302\">Collection<\/td>\n<td width=\"302\">Spring \/ Autumn \/ Winter<\/td>\n<\/tr>\n<tr>\n<td width=\"302\">Cleavage<\/td>\n<td width=\"302\">under the neck<\/td>\n<\/tr>\n<tr>\n<td width=\"302\">Warmed up<\/td>\n<td width=\"302\">Uninsulated<\/td>\n<\/tr>\n<tr>\n<td width=\"302\">Material<\/td>\n<td width=\"302\">88% Acrylic 30% 12% Nylon<\/td>\n<\/tr>\n<\/tbody>\n<\/table>\n<section class=\"page-product-box\">\n<div class=\"rte\">\n<div class=\"tabs tabs-bb clear mb-80\">\n<div class=\"tab-content\">\n<div id=\"tab-description\" class=\"tab-pane fade in woocommerce-Tabs-panel--description active\">\n<p style=\"text-align: center;\">The model has\u00a0<strong>169<\/strong>\u00a0cm tall, wears a size every day\u00a0<strong>S.<\/strong><\/p>\n<p style=\"text-align: center;\">Bust width 91 cm<\/p>\n<p style=\"text-align: center;\">Waist width 71 cm<\/p>\n<p style=\"text-align: center;\">Hip width 96 cm<\/p>\n<\/div>\n<\/div>\n<\/div>\n<\/div>\n<\/section>","protected":false},"excerpt":{"rendered":"<p>Sweter z P\u00f3\u0142golfem Lilou Bia\u0142y \u00a0Sweterek wykonany z niezwykle przyjemnego materia\u0142u. Wk\u0142adany przez g\u0142ow\u0119, z p\u00f3\u0142golfem \u015bwietnie uk\u0142ada si\u0119 na ciele. Sweter na d\u0142ugi r\u0119kaw w najmodniejszy w tym sezonie wz\u00f3r.\u00a0 Prosty kr\u00f3j i klasyczny wz\u00f3r wpisze si\u0119 w wiele stylizacji. Z powodzeniem mo\u017cesz go ubra\u0107 na codzienne wyj\u015bcia, do pracy, spotkanie rodzinne czy nawet<\/p>\n<div class=\"klb-readmore post-buttons\"><a class=\"button black outline size-sm\" href=\"https:\/\/madelinefashion.pl\/en\/product\/sweter-z-polgolfem-lilou-bialy\/\">Read More <i class=\"klbth-icon-right-arrow\"><\/i><\/a><\/div>","protected":false},"featured_media":582354,"template":"","meta":[],"product_brand":[],"product_cat":[90],"product_tag":[222],"class_list":{"0":"post-109827","1":"product","2":"type-product","3":"status-publish","4":"has-post-thumbnail","6":"product_cat-swetry","7":"product_tag-swetry-biale","9":"first","10":"instock","11":"purchasable","12":"product-type-simple"},"_links":{"self":[{"href":"https:\/\/madelinefashion.pl\/en\/wp-json\/wp\/v2\/product\/109827","targetHints":{"allow":["GET"]}}],"collection":[{"href":"https:\/\/madelinefashion.pl\/en\/wp-json\/wp\/v2\/product"}],"about":[{"href":"https:\/\/madelinefashion.pl\/en\/wp-json\/wp\/v2\/types\/product"}],"wp:featuredmedia":[{"embeddable":true,"href":"https:\/\/madelinefashion.pl\/en\/wp-json\/wp\/v2\/media\/582354"}],"wp:attachment":[{"href":"https:\/\/madelinefashion.pl\/en\/wp-json\/wp\/v2\/media?parent=109827"}],"wp:term":[{"taxonomy":"product_brand","embeddable":true,"href":"https:\/\/madelinefashion.pl\/en\/wp-json\/wp\/v2\/product_brand?post=109827"},{"taxonomy":"product_cat","embeddable":true,"href":"https:\/\/madelinefashion.pl\/en\/wp-json\/wp\/v2\/product_cat?post=109827"},{"taxonomy":"product_tag","embeddable":true,"href":"https:\/\/madelinefashion.pl\/en\/wp-json\/wp\/v2\/product_tag?post=109827"}],"curies":[{"name":"wp","href":"https:\/\/api.w.org\/{rel}","templated":true}]}}