{"id":109858,"date":"2023-11-15T10:44:44","date_gmt":"2023-11-15T09:44:44","guid":{"rendered":"https:\/\/madelinefashion.pl\/?post_type=product&#038;p=109858"},"modified":"2025-10-14T12:11:40","modified_gmt":"2025-10-14T10:11:40","slug":"spodnica-maxi-z-fredzlami-karmelowa","status":"publish","type":"product","link":"https:\/\/madelinefashion.pl\/en\/product\/spodnica-maxi-z-fredzlami-karmelowa\/","title":{"rendered":"Sp\u00f3dnica Maxi Z Fr\u0119dzlami Karmelowa"},"content":{"rendered":"<h3 style=\"text-align: center;\">Sp\u00f3dnica Maxi Z Fr\u0119dzlami Karmelowa<\/h3>\n<p style=\"text-align: center;\"><strong>Maxi skirt<\/strong> Idealna na ka\u017cd\u0105 okazj\u0119. Pi\u0119kny kr\u00f3j i lekki materia\u0142 sprawi\u0105, \u017ce poczujesz si\u0119 bardzo wygodnie i kobieco. Sp\u00f3dnica w <strong>universal size<\/strong> dopasowuje si\u0119 do sylwetki i zapewnia doskona\u0142y wygl\u0105d.\u00a0 Model idealnie sprawdzi si\u0119 na r\u00f3\u017cne typy sylwetek dzi\u0119ki klasycznej linii A, oraz ma\u0142ej ilo\u015bci materia\u0142u w obr\u0119bie pasa. \u00a0<strong>Skirt <\/strong>Modna o d\u0142ugo\u015bci maxi ozdobiona w pasie z sznureczkiem to <strong>must have<\/strong> sezonu. Uniwersalny model, kt\u00f3ry mo\u017cna nosi\u0107 o ka\u017cdej porze roku. Mo\u017cna j\u0105 \u0142\u0105czy\u0107 z wieloma rzeczami, np. na co dzie\u0144 ze sportowymi butami i t-shirtem oraz na specjalne okazje &#8211; z eleganck\u0105 koszul\u0105 lub topem oraz ze szpilkami.<\/p>\n<h3 style=\"text-align: center;\">Skirt dimensions:<\/h3>\n<p style=\"text-align: center;\">Overall length: 86 cm<br \/>\nSzeroko\u015b\u0107 w Pasie (gumka) : 36 cm -42 cm<br \/>\nBiodra: 44 cm &#8211; 52 cm<\/p>\n<p style=\"text-align: center;\">Dimensions may slightly differ from the given +\/- 2cm. All dimensions given are measured flat. <strong>X2 dimension<\/strong><\/p>\n<h3 style=\"text-align: center;\">\u00a0Product characteristics:<\/h3>\n<p style=\"text-align: center;\">- Type: maxi skirt<br \/>\n- Casual style<br \/>\n- Solid colors<\/p>\n<p>&nbsp;<\/p>\n<div class=\"tabs tabs-bb clear mb-80\">\n<div class=\"tab-content\">\n<div id=\"tab-description\" class=\"tab-pane fade in woocommerce-Tabs-panel--description active\">\n<p style=\"text-align: center;\">The model has\u00a0<strong>169<\/strong>\u00a0cm tall, wears a size every day\u00a0<strong>S.<\/strong><\/p>\n<p style=\"text-align: center;\">Bust width 91 cm<\/p>\n<p style=\"text-align: center;\">Waist width 71 cm<\/p>\n<p style=\"text-align: center;\">Hip width 96 cm<\/p>\n<\/div>\n<\/div>\n<\/div>\n<section class=\"up-sells upsells products mb-80\"><\/section>","protected":false},"excerpt":{"rendered":"<p>Sp\u00f3dnica Maxi Z Fr\u0119dzlami Karmelowa Sp\u00f3dnica Maxi Idealna na ka\u017cd\u0105 okazj\u0119. Pi\u0119kny kr\u00f3j i lekki materia\u0142 sprawi\u0105, \u017ce poczujesz si\u0119 bardzo wygodnie i kobieco. Sp\u00f3dnica w rozmiarze uniwersalnym dopasowuje si\u0119 do sylwetki i zapewnia doskona\u0142y wygl\u0105d.\u00a0 Model idealnie sprawdzi si\u0119 na r\u00f3\u017cne typy sylwetek dzi\u0119ki klasycznej linii A, oraz ma\u0142ej ilo\u015bci materia\u0142u w obr\u0119bie pasa.<\/p>\n<div class=\"klb-readmore post-buttons\"><a class=\"button black outline size-sm\" href=\"https:\/\/madelinefashion.pl\/en\/product\/spodnica-maxi-z-fredzlami-karmelowa\/\">Read More <i class=\"klbth-icon-right-arrow\"><\/i><\/a><\/div>","protected":false},"featured_media":109856,"template":"","meta":[],"product_brand":[],"product_cat":[81,123],"product_tag":[],"class_list":{"0":"post-109858","1":"product","2":"type-product","3":"status-publish","4":"has-post-thumbnail","6":"product_cat-spodnice","7":"product_cat-spodnice-olowkowe-maxi","8":"pa_rozmiar-34-42-142","9":"pa_rozmiar-34-42-36-2","10":"pa_rozmiar-34-42-38-2","11":"pa_rozmiar-34-42-40-2","12":"pa_rozmiar-34-42-42-2","14":"first","15":"outofstock","16":"purchasable","17":"product-type-simple"},"_links":{"self":[{"href":"https:\/\/madelinefashion.pl\/en\/wp-json\/wp\/v2\/product\/109858","targetHints":{"allow":["GET"]}}],"collection":[{"href":"https:\/\/madelinefashion.pl\/en\/wp-json\/wp\/v2\/product"}],"about":[{"href":"https:\/\/madelinefashion.pl\/en\/wp-json\/wp\/v2\/types\/product"}],"wp:featuredmedia":[{"embeddable":true,"href":"https:\/\/madelinefashion.pl\/en\/wp-json\/wp\/v2\/media\/109856"}],"wp:attachment":[{"href":"https:\/\/madelinefashion.pl\/en\/wp-json\/wp\/v2\/media?parent=109858"}],"wp:term":[{"taxonomy":"product_brand","embeddable":true,"href":"https:\/\/madelinefashion.pl\/en\/wp-json\/wp\/v2\/product_brand?post=109858"},{"taxonomy":"product_cat","embeddable":true,"href":"https:\/\/madelinefashion.pl\/en\/wp-json\/wp\/v2\/product_cat?post=109858"},{"taxonomy":"product_tag","embeddable":true,"href":"https:\/\/madelinefashion.pl\/en\/wp-json\/wp\/v2\/product_tag?post=109858"}],"curies":[{"name":"wp","href":"https:\/\/api.w.org\/{rel}","templated":true}]}}