{"id":10987,"date":"2021-05-03T19:58:50","date_gmt":"2021-05-03T17:58:50","guid":{"rendered":"https:\/\/madelinefashion.pl\/?post_type=product&#038;p=10987"},"modified":"2026-01-20T10:34:29","modified_gmt":"2026-01-20T09:34:29","slug":"bluzka-hiszpanka-salsa-biala","status":"publish","type":"product","link":"https:\/\/madelinefashion.pl\/en\/product\/bluzka-hiszpanka-salsa-biala\/","title":{"rendered":"Spanish Salsa White blouse"},"content":{"rendered":"<h3 style=\"text-align: center;\">Spanish Salsa White blouse<\/h3>\n<p style=\"text-align: center;\"><strong>Spanish Salsa White blouse<\/strong> made of extremely pleasant and pleasant to the touch fabric. <strong>Blouse with <\/strong>\u00a03\/4 sleeve finished with a decorative bow tie. The blouse at the front has decorative golden buttons<strong>.<\/strong>\u00a0 If you pay attention to a nice appearance and want to look good <strong>Stylish<\/strong>then this model is just for you. The blouse is a practical addition to any women&#039;s styling, regardless of whether it is summer or winter. The Spanish blouse has an elastic band at the top, thanks to which it fits perfectly additionally <strong>beautifully emphasizes the shoulders and exposes the back<\/strong>. <strong>Perfect blouse for any occasion. <\/strong>If you have any additional questions about this product, please do not hesitate to contact us by phone or via Facebook. <strong>Universal size<\/strong> recommended for ladies wearing <strong>SML XL.<\/strong><\/p>\n<p style=\"text-align: center;\">\u00a0.<\/p>\n<h3 style=\"text-align: center;\">Dimensions:<\/h3>\n<ul>\n<li style=\"text-align: center;\">overall length: 68 cm<\/li>\n<li style=\"text-align: center;\">width from armpit to armpit: 40-49 cm<\/li>\n<li style=\"text-align: center;\">waist width: 43-51 cm<\/li>\n<li style=\"text-align: center;\">sleeve length from armpit: 25 cm<\/li>\n<li style=\"text-align: center;\">sleeve length from shoulder: 43 cm<\/li>\n<\/ul>\n<p>&nbsp;<\/p>\n<p style=\"text-align: center;\">Dimensions may slightly differ from the given +\/- 2cm. All dimensions given are measured flat.<strong>\u00a0 X2 dimension<\/strong><\/p>\n<table style=\"height: 209px;\" width=\"687\">\n<tbody>\n<tr>\n<td width=\"302\">Model name<\/td>\n<td width=\"302\">Spanish Salsa blouse<\/td>\n<\/tr>\n<tr>\n<td width=\"302\">Collection<\/td>\n<td width=\"302\">Spring Summer Autumn Winter<\/td>\n<\/tr>\n<tr>\n<td width=\"302\">Sizes<\/td>\n<td width=\"302\">Universal<\/td>\n<\/tr>\n<tr>\n<td width=\"302\">Composition<\/td>\n<td width=\"302\">Composition: 38% Nylon 55% Viscose 7% Elastane<\/td>\n<\/tr>\n<tr>\n<td width=\"302\">Color<\/td>\n<td width=\"302\">White<\/td>\n<\/tr>\n<tr>\n<td width=\"302\">Sleeve<\/td>\n<td width=\"302\">3\/4<\/td>\n<\/tr>\n<\/tbody>\n<\/table>\n<p style=\"text-align: center;\"><span style=\"text-align: center;\">The model has <\/span><strong style=\"text-align: center;\">165<\/strong><span style=\"text-align: center;\">\u00a0cm tall, wears a size every day\u00a0<\/span><strong style=\"text-align: center;\">S.<\/strong><\/p>\n<p style=\"text-align: center;\">","protected":false},"excerpt":{"rendered":"<p>Bluzka Hiszpanka Salsa Bia\u0142a Bluzka Hiszpanka Salsa Bia\u0142a wykonana z niezwykle przyjemnej i mi\u0142ej w dotyku tkaniny. Bluzka z \u00a0r\u0119kawem\u00a0 3\/4 zako\u0144czona ozdobnym wi\u0105zaniem w kokardk\u0119. Bluzka z przodu posiada ozdobne z\u0142ote guziczki.\u00a0 Je\u015bli zwracasz uwag\u0119 na \u0142adny wygl\u0105d i chcesz wygl\u0105da\u0107 Stylowo, to ten model jest w\u0142a\u015bnie dla Ciebie. Bluzka to praktyczny dodatek do<\/p>\n<div class=\"klb-readmore post-buttons\"><a class=\"button black outline size-sm\" href=\"https:\/\/madelinefashion.pl\/en\/product\/bluzka-hiszpanka-salsa-biala\/\">Read More <i class=\"klbth-icon-right-arrow\"><\/i><\/a><\/div>","protected":false},"featured_media":10973,"template":"","meta":[],"product_brand":[],"product_cat":[77,395],"product_tag":[251,478],"class_list":{"0":"post-10987","1":"product","2":"type-product","3":"status-publish","4":"has-post-thumbnail","6":"product_cat-bluzki","7":"product_cat-nowosci","8":"product_tag-bluzka-biala","9":"product_tag-bluzki-hiszpanki","10":"pa_rozmiar-xl","11":"pa_rozmiar-m-l","13":"first","14":"instock","15":"sale","16":"shipping-taxable","17":"purchasable","18":"product-type-simple"},"_links":{"self":[{"href":"https:\/\/madelinefashion.pl\/en\/wp-json\/wp\/v2\/product\/10987","targetHints":{"allow":["GET"]}}],"collection":[{"href":"https:\/\/madelinefashion.pl\/en\/wp-json\/wp\/v2\/product"}],"about":[{"href":"https:\/\/madelinefashion.pl\/en\/wp-json\/wp\/v2\/types\/product"}],"wp:featuredmedia":[{"embeddable":true,"href":"https:\/\/madelinefashion.pl\/en\/wp-json\/wp\/v2\/media\/10973"}],"wp:attachment":[{"href":"https:\/\/madelinefashion.pl\/en\/wp-json\/wp\/v2\/media?parent=10987"}],"wp:term":[{"taxonomy":"product_brand","embeddable":true,"href":"https:\/\/madelinefashion.pl\/en\/wp-json\/wp\/v2\/product_brand?post=10987"},{"taxonomy":"product_cat","embeddable":true,"href":"https:\/\/madelinefashion.pl\/en\/wp-json\/wp\/v2\/product_cat?post=10987"},{"taxonomy":"product_tag","embeddable":true,"href":"https:\/\/madelinefashion.pl\/en\/wp-json\/wp\/v2\/product_tag?post=10987"}],"curies":[{"name":"wp","href":"https:\/\/api.w.org\/{rel}","templated":true}]}}