{"id":109884,"date":"2023-11-15T12:22:45","date_gmt":"2023-11-15T11:22:45","guid":{"rendered":"https:\/\/madelinefashion.pl\/?post_type=product&#038;p=109884"},"modified":"2026-02-20T14:56:57","modified_gmt":"2026-02-20T13:56:57","slug":"bluzka-krotka-prazek-gladka-fuksja","status":"publish","type":"product","link":"https:\/\/madelinefashion.pl\/en\/product\/bluzka-krotka-prazek-gladka-fuksja\/","title":{"rendered":"Short Striped Blouse in Plain Fuchsia"},"content":{"rendered":"<h3 style=\"text-align: center;\">Short Striped Blouse in Plain Fuchsia<\/h3>\n<p style=\"text-align: center;\">\u00a0This blouse is made of exceptionally comfortable material. This long-sleeved blouse features the season&#039;s trendiest ruffled pattern. Its simple cut and classic design will complement a variety of outfits. You can easily wear it for everyday wear, work, family gatherings, or even a more important occasion. Thanks to the material&#039;s structure, we recommend pairing it with high boots, which will definitely make you stand out from the crowd. .\u00a0 <strong>The size is UNIVERSAL<\/strong> recommended for ladies wearing <strong> SML XL<\/strong><strong>,<\/strong>\u00a0but we recommend\u00a0<strong>accurate measurement <\/strong>according to the dimension table below. Available in our e-shop in several color variants, so do not hesitate and choose the one that is perfect for you. If you cannot decide which color is best for you, please contact us through <strong>Facebook<\/strong>\u00a0or phone.<\/p>\n<h3 style=\"text-align: center;\">Sweater dimensions:<\/h3>\n<ul>\n<li style=\"text-align: center;\">Total length: 52 cm<\/li>\n<li style=\"text-align: center;\">Width from armpit to armpit: 47-55 cm<\/li>\n<li style=\"text-align: center;\">Sleeve length from the shoulder: 69 cm<\/li>\n<li style=\"text-align: center;\">Sleeve length from armpit: 49 cm<\/li>\n<li style=\"text-align: center;\"><\/li>\n<li style=\"text-align: center;\"><\/li>\n<\/ul>\n<p style=\"text-align: center;\">Dimensions may slightly differ from the given +\/- 2cm. All dimensions given are measured flat.<\/p>\n<table width=\"610\">\n<tbody>\n<tr>\n<td width=\"302\">Model name<\/td>\n<td width=\"302\">Short Striped Smooth Blouse<\/td>\n<\/tr>\n<tr>\n<td width=\"302\">Color<\/td>\n<td width=\"302\">Fuchsia<\/td>\n<\/tr>\n<tr>\n<td width=\"302\">Sizes<\/td>\n<td width=\"302\">Universal<\/td>\n<\/tr>\n<tr>\n<td width=\"302\">Collection<\/td>\n<td width=\"302\">Spring \/ Autumn \/ Winter<\/td>\n<\/tr>\n<tr>\n<td width=\"302\">Cleavage<\/td>\n<td width=\"302\">under the neck<\/td>\n<\/tr>\n<tr>\n<td width=\"302\">Warmed up<\/td>\n<td width=\"302\">Uninsulated<\/td>\n<\/tr>\n<tr>\n<td width=\"302\">Material<\/td>\n<td width=\"302\">50% Viscose 28% Polyester 22% Nylon<\/td>\n<\/tr>\n<\/tbody>\n<\/table>\n<section class=\"page-product-box\">\n<div class=\"rte\">\n<div class=\"tabs tabs-bb clear mb-80\">\n<div class=\"tab-content\">\n<div id=\"tab-description\" class=\"tab-pane fade in woocommerce-Tabs-panel--description active\">\n<p style=\"text-align: center;\">The model has\u00a0<strong>169<\/strong>\u00a0cm tall, wears a size every day\u00a0<strong>S.<\/strong><\/p>\n<p style=\"text-align: center;\">Bust width 91 cm<\/p>\n<p style=\"text-align: center;\">Waist width 71 cm<\/p>\n<p style=\"text-align: center;\">Hip width 96 cm<\/p>\n<\/div>\n<\/div>\n<\/div>\n<\/div>\n<\/section>","protected":false},"excerpt":{"rendered":"<p>Bluzka Kr\u00f3tka Pr\u0105\u017cek G\u0142adka Fuksja \u00a0Bluzka wykonany z niezwykle przyjemnego materia\u0142u. Bluzka na d\u0142ugi r\u0119kaw w najmodniejszy w tym sezonie marszczony wz\u00f3r. Prosty kr\u00f3j i klasyczny wz\u00f3r wpisze si\u0119 w wiele stylizacji. Z powodzeniem mo\u017cesz go ubra\u0107 na codzienne wyj\u015bcia, do pracy, spotkanie rodzinne czy nawet na wa\u017cniejsz\u0105 okazj\u0119. Dzi\u0119ki strukturze materia\u0142u\u00a0 Zalecamy \u0142\u0105czenie ich<\/p>\n<div class=\"klb-readmore post-buttons\"><a class=\"button black outline size-sm\" href=\"https:\/\/madelinefashion.pl\/en\/product\/bluzka-krotka-prazek-gladka-fuksja\/\">Read More <i class=\"klbth-icon-right-arrow\"><\/i><\/a><\/div>","protected":false},"featured_media":585507,"template":"","meta":[],"product_brand":[],"product_cat":[90],"product_tag":[],"class_list":{"0":"post-109884","1":"product","2":"type-product","3":"status-publish","4":"has-post-thumbnail","6":"product_cat-swetry","8":"first","9":"instock","10":"purchasable","11":"product-type-simple"},"_links":{"self":[{"href":"https:\/\/madelinefashion.pl\/en\/wp-json\/wp\/v2\/product\/109884","targetHints":{"allow":["GET"]}}],"collection":[{"href":"https:\/\/madelinefashion.pl\/en\/wp-json\/wp\/v2\/product"}],"about":[{"href":"https:\/\/madelinefashion.pl\/en\/wp-json\/wp\/v2\/types\/product"}],"wp:featuredmedia":[{"embeddable":true,"href":"https:\/\/madelinefashion.pl\/en\/wp-json\/wp\/v2\/media\/585507"}],"wp:attachment":[{"href":"https:\/\/madelinefashion.pl\/en\/wp-json\/wp\/v2\/media?parent=109884"}],"wp:term":[{"taxonomy":"product_brand","embeddable":true,"href":"https:\/\/madelinefashion.pl\/en\/wp-json\/wp\/v2\/product_brand?post=109884"},{"taxonomy":"product_cat","embeddable":true,"href":"https:\/\/madelinefashion.pl\/en\/wp-json\/wp\/v2\/product_cat?post=109884"},{"taxonomy":"product_tag","embeddable":true,"href":"https:\/\/madelinefashion.pl\/en\/wp-json\/wp\/v2\/product_tag?post=109884"}],"curies":[{"name":"wp","href":"https:\/\/api.w.org\/{rel}","templated":true}]}}