{"id":110203,"date":"2023-11-17T09:36:22","date_gmt":"2023-11-17T08:36:22","guid":{"rendered":"https:\/\/madelinefashion.pl\/?post_type=product&#038;p=110203"},"modified":"2025-09-09T10:08:35","modified_gmt":"2025-09-09T08:08:35","slug":"sukienka-brokatowa-mini-z-marszczonym-rekawem-jolly-srebrna","status":"publish","type":"product","link":"https:\/\/madelinefashion.pl\/en\/product\/sukienka-brokatowa-mini-z-marszczonym-rekawem-jolly-srebrna\/","title":{"rendered":"Sukienka Brokatowa Mini Z Marszczonym R\u0119kawem Jolly Srebrna"},"content":{"rendered":"<h3 style=\"text-align: center;\">Sukienka Brokatowa Mini Z Marszczonym R\u0119kawem Jolly Srebrna<\/h3>\n<p style=\"text-align: center;\"><b>A phenomenal short brocade dress with long, ruffled, decorative sleeves.<\/b>\u00a0 A stunning brocade evening dress with a round neckline. This evening dress adapts beautifully to the figure. The short, fitted brocade dress was designed with the most discerning clients in mind.\u00a0<strong>You are looking for the perfect dress for a wedding, New Year&#039;s Eve, carnival or prom<\/strong>? This model will be perfect. Glitter dress -<strong>\u00a0it shimmers beautifully and looks simply wonderful<\/strong>\u00a0!! Brocade dresses are extremely stylish and look like the outfits of movie stars. See our offer\u00a0<a href=\"https:\/\/madelinefashion.pl\/en\/sukienki-i-kombinezony\/sukienki-okolicznosciowe\/\"><strong>evening dresses<\/strong><\/a>\u00a0and choose the model you will be in\u00a0<strong>look like a star<\/strong> and you will stand out from the crowd. The maxi dress shimmers fabulously in the light of the lamps. One cannot be indifferent to her. Flared dress in a midi version - fitted and with a deep neckline. <b>Dress in a universal size recommended for XS SML ladies <\/b>\u00a0Available in our e-shop in several color variants, so do not hesitate and choose the one that is perfect for you. If you can&#039;t decide which color,\u00a0<strong>size<\/strong>\u00a0is the best for you,\u00a0<strong>contact us<\/strong>\u00a0through\u00a0<a href=\"https:\/\/www.facebook.com\/madelinefashionbutik\" target=\"_blank\" rel=\"noopener\">Facebook<\/a>\u00a0or\u00a0<a href=\"https:\/\/madelinefashion.pl\/en\/kontakt\/\">phone<\/a>. If the size is not available on the website, please contact us.<\/p>\n<h3 style=\"text-align: center;\">Dimensions:<\/h3>\n<ul>\n<li style=\"text-align: center;\">total length 84 cm<\/li>\n<li style=\"text-align: center;\">width from armpit to armpit: 41-50 cm<\/li>\n<li style=\"text-align: center;\">waist width: 37-46 cm<\/li>\n<li style=\"text-align: center;\">sleeve length from shoulder: 51 cm<br \/>\nsleeve length from armpit: 36 cm<\/li>\n<li style=\"text-align: center;\"><\/li>\n<li style=\"text-align: center;\"><\/li>\n<\/ul>\n<p style=\"text-align: center;\">Dimensions may slightly differ from the given +\/- 2cm. All dimensions given are measured flat. X2 dimension<\/p>\n<p style=\"text-align: center;\"><strong>\u00a0<\/strong><\/p>\n<p>&nbsp;<\/p>\n<table style=\"height: 211px;\" width=\"711\">\n<tbody>\n<tr>\n<td width=\"302\">Model name<\/td>\n<td width=\"302\">Jolly Glitter Mini Dress with Ruched Sleeves<\/td>\n<\/tr>\n<tr>\n<td width=\"302\">Color<\/td>\n<td width=\"302\">Silver<\/td>\n<\/tr>\n<tr>\n<td width=\"302\">Length<\/td>\n<td width=\"302\">Mini<\/td>\n<\/tr>\n<tr>\n<td width=\"302\">Sizes<\/td>\n<td width=\"302\">Universal XS SML<\/td>\n<\/tr>\n<tr>\n<td width=\"302\">Fashion<\/td>\n<td width=\"302\">Matched<\/td>\n<\/tr>\n<tr>\n<td width=\"302\">Material<\/td>\n<td width=\"302\">Viscose, Polyester, Cotton<\/td>\n<\/tr>\n<tr>\n<td width=\"302\">Zip fastening<\/td>\n<td width=\"302\">Yes<\/td>\n<\/tr>\n<\/tbody>\n<\/table>\n<div class=\"additional-details\">\n<p style=\"text-align: center;\">The model has\u00a0<strong>169<\/strong>\u00a0cm tall, wears a size every day\u00a0<strong>S.<\/strong><\/p>\n<p style=\"text-align: center;\">Bust width 91 cm<\/p>\n<p style=\"text-align: center;\">Waist width 71 cm<\/p>\n<p style=\"text-align: center;\">Hip width 96 cm<\/p>\n<\/div>","protected":false},"excerpt":{"rendered":"<p>Sukienka Brokatowa Mini Z Marszczonym R\u0119kawem Jolly Srebrna Fenomenalna kr\u00f3tka suknia brokatowa na d\u0142ugi maszczony, ozdobny r\u0119kaw.\u00a0 Wspania\u0142a suknia wieczorowa brokatowa z okr\u0105g\u0142ym dekoltem. Suknia wieczorowa bardzo \u0142adnie dopasowuje si\u0119 do sylwetki. Kr\u00f3tka Brokatowa dopasowana zosta\u0142a zaprojektowana z my\u015bl\u0105 o najbardziej wymagaj\u0105cych klientkach.\u00a0Szukasz doskona\u0142ej sukni na wesele, sylwestra, karnawa\u0142 czy studni\u00f3wk\u0119? Ten model sprawdzi si\u0119<\/p>\n<div class=\"klb-readmore post-buttons\"><a class=\"button black outline size-sm\" href=\"https:\/\/madelinefashion.pl\/en\/product\/sukienka-brokatowa-mini-z-marszczonym-rekawem-jolly-srebrna\/\">Read More <i class=\"klbth-icon-right-arrow\"><\/i><\/a><\/div>","protected":false},"featured_media":110192,"template":"","meta":[],"product_brand":[],"product_cat":[124,395,560],"product_tag":[262,214],"class_list":{"0":"post-110203","1":"product","2":"type-product","3":"status-publish","4":"has-post-thumbnail","6":"product_cat-sukienki-okolicznosciowe","7":"product_cat-nowosci","8":"product_cat-sukienki-brokatowe","9":"product_tag-sukienki-krotkie","10":"product_tag-sukienka-szara","12":"first","13":"outofstock","14":"purchasable","15":"product-type-simple"},"_links":{"self":[{"href":"https:\/\/madelinefashion.pl\/en\/wp-json\/wp\/v2\/product\/110203","targetHints":{"allow":["GET"]}}],"collection":[{"href":"https:\/\/madelinefashion.pl\/en\/wp-json\/wp\/v2\/product"}],"about":[{"href":"https:\/\/madelinefashion.pl\/en\/wp-json\/wp\/v2\/types\/product"}],"wp:featuredmedia":[{"embeddable":true,"href":"https:\/\/madelinefashion.pl\/en\/wp-json\/wp\/v2\/media\/110192"}],"wp:attachment":[{"href":"https:\/\/madelinefashion.pl\/en\/wp-json\/wp\/v2\/media?parent=110203"}],"wp:term":[{"taxonomy":"product_brand","embeddable":true,"href":"https:\/\/madelinefashion.pl\/en\/wp-json\/wp\/v2\/product_brand?post=110203"},{"taxonomy":"product_cat","embeddable":true,"href":"https:\/\/madelinefashion.pl\/en\/wp-json\/wp\/v2\/product_cat?post=110203"},{"taxonomy":"product_tag","embeddable":true,"href":"https:\/\/madelinefashion.pl\/en\/wp-json\/wp\/v2\/product_tag?post=110203"}],"curies":[{"name":"wp","href":"https:\/\/api.w.org\/{rel}","templated":true}]}}