{"id":110729,"date":"2023-11-22T13:50:49","date_gmt":"2023-11-22T12:50:49","guid":{"rendered":"https:\/\/madelinefashion.pl\/?post_type=product&#038;p=110729"},"modified":"2026-02-20T14:56:55","modified_gmt":"2026-02-20T13:56:55","slug":"sweter-w-prazek-gladki-mua-ecru","status":"publish","type":"product","link":"https:\/\/madelinefashion.pl\/en\/product\/sweter-w-prazek-gladki-mua-ecru\/","title":{"rendered":"Mua Ecru Plain Ribbed Sweater"},"content":{"rendered":"<h3 style=\"text-align: center;\">Mua Ecru Plain Ribbed Sweater<\/h3>\n<p style=\"text-align: center;\">\u00a0This blouse is made of exceptionally comfortable material. It features long sleeves in this season&#039;s trendiest striped pattern. A delicate MUA crystal-embroidered inscription on the side. The simple cut and classic pattern will complement a variety of outfits. You can easily wear it for everyday wear, work, family gatherings, or even a more important occasion. Thanks to the material&#039;s structure, we recommend pairing it with high boots, which will definitely make you stand out from the crowd. .\u00a0 <strong>The size is UNIVERSAL<\/strong> recommended for ladies wearing<strong> XS<\/strong> <strong>SML<\/strong>\u00a0but we recommend\u00a0<strong>accurate measurement <\/strong>according to the dimension table below. Available in our e-shop in several color variants, so do not hesitate and choose the one that is perfect for you. If you cannot decide which color is best for you, please contact us through <strong>Facebook<\/strong>\u00a0or phone.<\/p>\n<h3 style=\"text-align: center;\">Sweater dimensions:<\/h3>\n<ul>\n<li style=\"text-align: center;\">Total length: 55 cm<\/li>\n<li style=\"text-align: center;\">Width from armpit to armpit: 52-68 cm<\/li>\n<li style=\"text-align: center;\">Sleeve length from the shoulder: 55 cm<\/li>\n<li style=\"text-align: center;\">Sleeve length from armpit: 47 cm<\/li>\n<li style=\"text-align: center;\"><\/li>\n<li style=\"text-align: center;\"><\/li>\n<\/ul>\n<p style=\"text-align: center;\">Dimensions may slightly differ from the given +\/- 2cm. All dimensions given are measured flat.<\/p>\n<table width=\"610\">\n<tbody>\n<tr>\n<td width=\"302\">Model name<\/td>\n<td width=\"302\">Mua Plain Striped Sweater<\/td>\n<\/tr>\n<tr>\n<td width=\"302\">Color<\/td>\n<td width=\"302\">Ecru<\/td>\n<\/tr>\n<tr>\n<td width=\"302\">Sizes<\/td>\n<td width=\"302\">Universal<\/td>\n<\/tr>\n<tr>\n<td width=\"302\">Collection<\/td>\n<td width=\"302\">Spring \/ Autumn \/ Winter<\/td>\n<\/tr>\n<tr>\n<td width=\"302\">Cleavage<\/td>\n<td width=\"302\">\u00a0V<\/td>\n<\/tr>\n<tr>\n<td width=\"302\">Warmed up<\/td>\n<td width=\"302\">Uninsulated<\/td>\n<\/tr>\n<tr>\n<td width=\"302\">Material<\/td>\n<td width=\"302\">51% Viscose 28% Polyester 21% Nylon<\/td>\n<\/tr>\n<\/tbody>\n<\/table>\n<section class=\"page-product-box\">\n<div class=\"rte\">\n<div class=\"tabs tabs-bb clear mb-80\">\n<div class=\"tab-content\">\n<div id=\"tab-description\" class=\"tab-pane fade in woocommerce-Tabs-panel--description active\">\n<p style=\"text-align: center;\">The model has\u00a0<strong>169<\/strong>\u00a0cm tall, wears a size every day\u00a0<strong>S.<\/strong><\/p>\n<p style=\"text-align: center;\">Bust width 91 cm<\/p>\n<p style=\"text-align: center;\">Waist width 71 cm<\/p>\n<p style=\"text-align: center;\">Hip width 96 cm<\/p>\n<\/div>\n<\/div>\n<\/div>\n<\/div>\n<\/section>","protected":false},"excerpt":{"rendered":"<p>Sweter W Pr\u0105\u017cek G\u0142adki Mua Ecru \u00a0Bluzka wykonany z niezwykle przyjemnego materia\u0142u. Bluzka na d\u0142ugi r\u0119kaw w najmodniejszy w tym sezonie pr\u0105\u017ckowy wz\u00f3r. Na boku delikatny napis z wyszywanych kryszta\u0142k\u00f3w MUA. Prosty kr\u00f3j i klasyczny wz\u00f3r wpisze si\u0119 w wiele stylizacji. Z powodzeniem mo\u017cesz go ubra\u0107 na codzienne wyj\u015bcia, do pracy, spotkanie rodzinne czy nawet<\/p>\n<div class=\"klb-readmore post-buttons\"><a class=\"button black outline size-sm\" href=\"https:\/\/madelinefashion.pl\/en\/product\/sweter-w-prazek-gladki-mua-ecru\/\">Read More <i class=\"klbth-icon-right-arrow\"><\/i><\/a><\/div>","protected":false},"featured_media":565834,"template":"","meta":[],"product_brand":[],"product_cat":[90,395],"product_tag":[222],"class_list":{"0":"post-110729","1":"product","2":"type-product","3":"status-publish","4":"has-post-thumbnail","6":"product_cat-swetry","7":"product_cat-nowosci","8":"product_tag-swetry-biale","10":"first","11":"instock","12":"purchasable","13":"product-type-simple"},"_links":{"self":[{"href":"https:\/\/madelinefashion.pl\/en\/wp-json\/wp\/v2\/product\/110729","targetHints":{"allow":["GET"]}}],"collection":[{"href":"https:\/\/madelinefashion.pl\/en\/wp-json\/wp\/v2\/product"}],"about":[{"href":"https:\/\/madelinefashion.pl\/en\/wp-json\/wp\/v2\/types\/product"}],"wp:featuredmedia":[{"embeddable":true,"href":"https:\/\/madelinefashion.pl\/en\/wp-json\/wp\/v2\/media\/565834"}],"wp:attachment":[{"href":"https:\/\/madelinefashion.pl\/en\/wp-json\/wp\/v2\/media?parent=110729"}],"wp:term":[{"taxonomy":"product_brand","embeddable":true,"href":"https:\/\/madelinefashion.pl\/en\/wp-json\/wp\/v2\/product_brand?post=110729"},{"taxonomy":"product_cat","embeddable":true,"href":"https:\/\/madelinefashion.pl\/en\/wp-json\/wp\/v2\/product_cat?post=110729"},{"taxonomy":"product_tag","embeddable":true,"href":"https:\/\/madelinefashion.pl\/en\/wp-json\/wp\/v2\/product_tag?post=110729"}],"curies":[{"name":"wp","href":"https:\/\/api.w.org\/{rel}","templated":true}]}}