{"id":110955,"date":"2023-11-24T09:56:27","date_gmt":"2023-11-24T08:56:27","guid":{"rendered":"https:\/\/madelinefashion.pl\/?post_type=product&#038;p=110955"},"modified":"2026-01-20T10:33:15","modified_gmt":"2026-01-20T09:33:15","slug":"koszula-klasyczna-z-kolnierzem-zlote-napisy-biala","status":"publish","type":"product","link":"https:\/\/madelinefashion.pl\/en\/product\/koszula-klasyczna-z-kolnierzem-zlote-napisy-biala\/","title":{"rendered":"Classic Shirt with Collar and Gold Lettering, White"},"content":{"rendered":"<h3 style=\"text-align: center;\">Classic Shirt with Collar and Gold Lettering, White<\/h3>\n<p style=\"text-align: center;\">A shirt with a classic cut will be great in many versions<strong>, both the official ones and<\/strong> everyday. Women&#039;s shirt with decorative gold prints on the front of the shirt. <strong>\u00a0This model is available in two color options. The shirt is asymmetrical and has a long cut, making it perfect for pairing with trousers or even longer leggings. <\/strong>The cut is perfect for tucking into pants or skirts. Our shirt can be a base for many elegant and timeless styles. It will certainly work well with <a href=\"https:\/\/madelinefashion.pl\/en\/spodnica-skora-mini-czarna\/\">pencils <\/a>skirts or classic <a href=\"https:\/\/madelinefashion.pl\/en\/spodnie-jeansowe-paradise-jasne\/\">jeans<\/a>. The shirt is an ideal proposition for work, every day, family gatherings and many other occasions. Recommended for ladies wearing size <strong>S, M, L, XL XXL XXXL<\/strong><\/p>\n<h3 style=\"text-align: center;\">\u00a0 \u00a0 \u00a0Dimensions:<\/h3>\n<ul style=\"text-align: center;\">\n<li style=\"list-style-type: none;\">\n<ul>\n<li>total front length: 80 cm<\/li>\n<li>total length back: 96 cm<\/li>\n<li>width from armpit to armpit: 78 cm<\/li>\n<li>sleeve length from shoulder: 53 cm<\/li>\n<li>sleeve length from armpit: 35 cm<\/li>\n<li><\/li>\n<\/ul>\n<p>Dimensions may slightly differ from the given +\/- 2cm. All dimensions given are measured flat. X2 dimension<\/li>\n<\/ul>\n<table style=\"height: 288px;\" width=\"433\">\n<tbody>\n<tr>\n<td>Model Name<\/td>\n<td>Classic Shirt with Collar and Gold Lettering<\/td>\n<\/tr>\n<tr>\n<td>Color<\/td>\n<td>White<\/td>\n<\/tr>\n<tr>\n<td>Collection<\/td>\n<td>Spring Summer Autumn Winter<\/td>\n<\/tr>\n<tr>\n<td>Size<\/td>\n<td>Universal<\/td>\n<\/tr>\n<tr>\n<td>Fashion<\/td>\n<td>Oversize<\/td>\n<\/tr>\n<tr>\n<td>Cleavage<\/td>\n<td>\u00a0V<\/td>\n<\/tr>\n<tr>\n<td>Composition of the materials<\/td>\n<td>100% Cotton<\/td>\n<\/tr>\n<\/tbody>\n<\/table>\n<p style=\"text-align: center;\">The model has\u00a0<strong>165<\/strong>\u00a0cm tall, wears a size every day\u00a0<strong>S.<\/strong><\/p>\n<p style=\"text-align: center;\">Bust width 88 cm<\/p>\n<p style=\"text-align: center;\">Waist width 65 cm<\/p>\n<p style=\"text-align: center;\">Hip width 91 cm<\/p>\n<p>&nbsp;<\/p>\n<p style=\"text-align: center;\"><strong>\u00a0<\/strong><\/p>","protected":false},"excerpt":{"rendered":"<p>Koszula Klasyczna Z Ko\u0142nierzem Z\u0142ote Napisy Bia\u0142a Koszula o klasycznym kroju \u015bwietnie sprawdzi si\u0119 w wielu ods\u0142onach, zar\u00f3wno tych oficjalnych, jak i codziennych. Damska koszula z ozdobnymi, z\u0142otymi nadrukami z przodu koszuli. \u00a0Ten model dost\u0119pny jest w dw\u00f3ch wariantach kolorystycznych. Koszula jest asymetryczna, przed\u0142u\u017cany fason \u015bwietnie sprawdzi si\u0119 w zestawie ze spodniami ale tak\u017ce z<\/p>\n<div class=\"klb-readmore post-buttons\"><a class=\"button black outline size-sm\" href=\"https:\/\/madelinefashion.pl\/en\/product\/koszula-klasyczna-z-kolnierzem-zlote-napisy-biala\/\">Read More <i class=\"klbth-icon-right-arrow\"><\/i><\/a><\/div>","protected":false},"featured_media":110946,"template":"","meta":[],"product_brand":[],"product_cat":[92],"product_tag":[414,504],"class_list":{"0":"post-110955","1":"product","2":"type-product","3":"status-publish","4":"has-post-thumbnail","6":"product_cat-koszule","7":"product_tag-koszule","8":"product_tag-party-time","10":"first","11":"instock","12":"sale","13":"purchasable","14":"product-type-simple"},"_links":{"self":[{"href":"https:\/\/madelinefashion.pl\/en\/wp-json\/wp\/v2\/product\/110955","targetHints":{"allow":["GET"]}}],"collection":[{"href":"https:\/\/madelinefashion.pl\/en\/wp-json\/wp\/v2\/product"}],"about":[{"href":"https:\/\/madelinefashion.pl\/en\/wp-json\/wp\/v2\/types\/product"}],"wp:featuredmedia":[{"embeddable":true,"href":"https:\/\/madelinefashion.pl\/en\/wp-json\/wp\/v2\/media\/110946"}],"wp:attachment":[{"href":"https:\/\/madelinefashion.pl\/en\/wp-json\/wp\/v2\/media?parent=110955"}],"wp:term":[{"taxonomy":"product_brand","embeddable":true,"href":"https:\/\/madelinefashion.pl\/en\/wp-json\/wp\/v2\/product_brand?post=110955"},{"taxonomy":"product_cat","embeddable":true,"href":"https:\/\/madelinefashion.pl\/en\/wp-json\/wp\/v2\/product_cat?post=110955"},{"taxonomy":"product_tag","embeddable":true,"href":"https:\/\/madelinefashion.pl\/en\/wp-json\/wp\/v2\/product_tag?post=110955"}],"curies":[{"name":"wp","href":"https:\/\/api.w.org\/{rel}","templated":true}]}}