{"id":111145,"date":"2023-11-24T14:56:02","date_gmt":"2023-11-24T13:56:02","guid":{"rendered":"https:\/\/madelinefashion.pl\/?post_type=product&#038;p=111145"},"modified":"2026-03-07T13:46:33","modified_gmt":"2026-03-07T12:46:33","slug":"sukienka-cekinowa-z-paskiem-costa-zlota","status":"publish","type":"product","link":"https:\/\/madelinefashion.pl\/en\/product\/sukienka-cekinowa-z-paskiem-costa-zlota\/","title":{"rendered":"Sukienka Cekinowa Z Paskiem Costa Z\u0142ota"},"content":{"rendered":"<h3 style=\"text-align: center;\">Sukienka Cekinowa Z Paskiem Costa Z\u0142ota<\/h3>\n<p style=\"text-align: center;\">A beautiful sequin dress with a delicate A-line silhouette. It features a belt that can be tied at the waist, accentuating feminine curves. The dress features 3\/4 sleeves with double ruffles. This style adds confidence thanks to its versatile cut, as it will also look great on plus-size women. Wear it for a special occasion and make sure no one passes you by indifferently. The dress&#039;s cut, which is characterized by<strong> interleaved neckline <\/strong>\u00a0it will look great on any type of figure. In combination with your favorite high heels, you will create a unique look. The dress has a lining.\u00a0 <strong>The size is UNIVERSAL\u00a0<\/strong> recommended for ladies wearing <strong>S, M, L, XL, XXL <\/strong>\u00a0but we recommend\u00a0<strong>accurate measurement\u00a0<\/strong>according to the dimension table below. Available in our e-shop in several color variants, so do not hesitate and choose the one that is perfect for you.<\/p>\n<h3 style=\"text-align: center;\">Dress dimensions<\/h3>\n<ul style=\"text-align: center;\">\n<li>total length 85 cm<\/li>\n<li>width from armpit to armpit: 52-63 cm<\/li>\n<li>sleeve length from shoulder: 46 cm<\/li>\n<li>sleeve length from armpit 33 cm<\/li>\n<li>recommended maximum bust circumference: 126 cm<\/li>\n<li><\/li>\n<\/ul>\n<p style=\"text-align: center;\">Dimensions may slightly differ from the given +\/- 2cm. All dimensions given are measured flat. <strong>X2 dimension<\/strong><\/p>\n<p style=\"text-align: center;\"><strong>\u00a0<\/strong><\/p>\n<table width=\"617\">\n<tbody>\n<tr>\n<td width=\"302\">Model name<\/td>\n<td width=\"302\">Costa Sequin Dress with Belt<\/td>\n<\/tr>\n<tr>\n<td width=\"302\">Color<\/td>\n<td width=\"302\">Gold<\/td>\n<\/tr>\n<tr>\n<td width=\"302\">Collection<\/td>\n<td width=\"302\">Fall \/ Winter \/ Spring<\/td>\n<\/tr>\n<tr>\n<td width=\"302\">Sizes<\/td>\n<td width=\"302\">Universal<\/td>\n<\/tr>\n<tr>\n<td width=\"302\">Fashion<\/td>\n<td width=\"302\">Fitted \/ Flexible<\/td>\n<\/tr>\n<tr>\n<td width=\"302\">Material<\/td>\n<td width=\"302\">100 % Polyester<\/td>\n<\/tr>\n<\/tbody>\n<\/table>\n<section class=\"page-product-box\">\n<div class=\"rte\">\n<p style=\"text-align: center;\">The model has\u00a0<strong>169<\/strong>\u00a0cm tall, wears a size every day\u00a0<strong>S.<\/strong><\/p>\n<p style=\"text-align: center;\">Bust width 91 cm<\/p>\n<p style=\"text-align: center;\">Waist width 71 cm<\/p>\n<p style=\"text-align: center;\">Hip width 96 cm<\/p>\n<p style=\"text-align: center;\">\n<\/div>\n<\/section>","protected":false},"excerpt":{"rendered":"<p>Sukienka Cekinowa Z Paskiem Costa Z\u0142ota Pi\u0119kna cekinowa sukienka, delikatnie w fasonie trapezowym. Posiada pasek z mo\u017cliwo\u015bci\u0105 zawi\u0105zania go w talii dzi\u0119ki czemu podkre\u015bla kobiece kszta\u0142ty. Sukienka ma r\u0119kawek 3\/4 z podw\u00f3jn\u0105 falbank\u0105. Jest to model kt\u00f3ry dodaje pewno\u015bci siebie dzi\u0119ki swojemu uniwersalnemu krojowi poniewa\u017c b\u0119dzie wygl\u0105da\u0142 \u015bwietnie r\u00f3wnie\u017c na Paniach w rozmiarze plus size.<\/p>\n<div class=\"klb-readmore post-buttons\"><a class=\"button black outline size-sm\" href=\"https:\/\/madelinefashion.pl\/en\/product\/sukienka-cekinowa-z-paskiem-costa-zlota\/\">Read More <i class=\"klbth-icon-right-arrow\"><\/i><\/a><\/div>","protected":false},"featured_media":111122,"template":"","meta":[],"product_brand":[],"product_cat":[124,558],"product_tag":[504,385,262,445],"class_list":{"0":"post-111145","1":"product","2":"type-product","3":"status-publish","4":"has-post-thumbnail","6":"product_cat-sukienki-okolicznosciowe","7":"product_cat-sukienki-cekinowe","8":"product_tag-party-time","9":"product_tag-plus-size","10":"product_tag-sukienki-krotkie","11":"product_tag-sukienki-zlote","13":"first","14":"outofstock","15":"sale","16":"purchasable","17":"product-type-simple"},"_links":{"self":[{"href":"https:\/\/madelinefashion.pl\/en\/wp-json\/wp\/v2\/product\/111145","targetHints":{"allow":["GET"]}}],"collection":[{"href":"https:\/\/madelinefashion.pl\/en\/wp-json\/wp\/v2\/product"}],"about":[{"href":"https:\/\/madelinefashion.pl\/en\/wp-json\/wp\/v2\/types\/product"}],"wp:featuredmedia":[{"embeddable":true,"href":"https:\/\/madelinefashion.pl\/en\/wp-json\/wp\/v2\/media\/111122"}],"wp:attachment":[{"href":"https:\/\/madelinefashion.pl\/en\/wp-json\/wp\/v2\/media?parent=111145"}],"wp:term":[{"taxonomy":"product_brand","embeddable":true,"href":"https:\/\/madelinefashion.pl\/en\/wp-json\/wp\/v2\/product_brand?post=111145"},{"taxonomy":"product_cat","embeddable":true,"href":"https:\/\/madelinefashion.pl\/en\/wp-json\/wp\/v2\/product_cat?post=111145"},{"taxonomy":"product_tag","embeddable":true,"href":"https:\/\/madelinefashion.pl\/en\/wp-json\/wp\/v2\/product_tag?post=111145"}],"curies":[{"name":"wp","href":"https:\/\/api.w.org\/{rel}","templated":true}]}}