{"id":111240,"date":"2023-11-25T11:54:48","date_gmt":"2023-11-25T10:54:48","guid":{"rendered":"https:\/\/madelinefashion.pl\/?post_type=product&#038;p=111240"},"modified":"2026-03-07T13:46:32","modified_gmt":"2026-03-07T12:46:32","slug":"sukienka-cekinowa-z-piorkami-trapezowa-andy-czerwona","status":"publish","type":"product","link":"https:\/\/madelinefashion.pl\/en\/product\/sukienka-cekinowa-z-piorkami-trapezowa-andy-czerwona\/","title":{"rendered":"Andy Red Sequin Dress with Feathers"},"content":{"rendered":"<h3 style=\"text-align: center;\">Andy Red Sequin Dress with Feathers<\/h3>\n<p style=\"text-align: center;\">A beautiful sequined dress in a delicate A-line silhouette. It features a decorative feather belt at the hem, ensuring you stand out from the crowd. Feathers are a truly fashionable addition this season. This sleeveless, low-cut dress has a loose and comfortable fit. Its versatile cut will boost confidence, as it will also look great on plus-size women. Wear it for a special occasion and make sure no one passes you by. Pair it with your favorite heels for a unique look. The dress is lined.\u00a0 <strong>The size is UNIVERSAL\u00a0<\/strong> recommended for ladies wearing <strong>S, M, L, XL, XXL <\/strong>\u00a0but we recommend\u00a0<strong>accurate measurement\u00a0<\/strong>according to the dimension table below. Available in our e-shop in several color variants, so do not hesitate and choose the one that is perfect for you.<\/p>\n<h3 style=\"text-align: center;\">Dress dimensions<\/h3>\n<ul style=\"text-align: center;\">\n<li>total length 86 cm<\/li>\n<li>width from armpit to armpit: 53-60 cm<\/li>\n<li>recommended maximum bust circumference: 120 cm<\/li>\n<li><\/li>\n<\/ul>\n<p style=\"text-align: center;\">Dimensions may slightly differ from the given +\/- 2cm. All dimensions given are measured flat. <strong>X2 dimension<\/strong><\/p>\n<p style=\"text-align: center;\"><strong>\u00a0<\/strong><\/p>\n<table width=\"617\">\n<tbody>\n<tr>\n<td width=\"302\">Model name<\/td>\n<td width=\"302\">Andy Sequin Dress with Feathers<\/td>\n<\/tr>\n<tr>\n<td width=\"302\">Color<\/td>\n<td width=\"302\">Red<\/td>\n<\/tr>\n<tr>\n<td width=\"302\">Collection<\/td>\n<td width=\"302\">Fall \/ Winter \/ Spring<\/td>\n<\/tr>\n<tr>\n<td width=\"302\">Sizes<\/td>\n<td width=\"302\">Universal<\/td>\n<\/tr>\n<tr>\n<td width=\"302\">Fashion<\/td>\n<td width=\"302\">Fitted \/ Flexible<\/td>\n<\/tr>\n<tr>\n<td width=\"302\">Material<\/td>\n<td width=\"302\">85 % Polyester 5% Elastane<\/td>\n<\/tr>\n<\/tbody>\n<\/table>\n<section class=\"page-product-box\">\n<div class=\"rte\">\n<p style=\"text-align: center;\">The model has\u00a0<strong>169<\/strong>\u00a0cm tall, wears a size every day\u00a0<strong>S.<\/strong><\/p>\n<p style=\"text-align: center;\">Bust width 91 cm<\/p>\n<p style=\"text-align: center;\">Waist width 71 cm<\/p>\n<p style=\"text-align: center;\">Hip width 96 cm<\/p>\n<p style=\"text-align: center;\">\n<\/div>\n<\/section>","protected":false},"excerpt":{"rendered":"<p>Sukienka Cekinowa Z Pi\u00f3rkami Trapezowa Andy Czerwona Pi\u0119kna cekinowa sukienka, delikatnie w fasonie trapezowym. Posiada ozdobny pas z pi\u00f3rek na dole dzi\u0119ki czemu na pewno wyr\u00f3\u017cnisz si\u0119 z t\u0142umu. Pi\u00f3ra jako ozdoba sukni jest w tym sezonie niezwykle modnym dodatkiem. Sukienka bez r\u0119kawk\u00f3w i dekoltu o lu\u017anym i wygodnym kroju. Jest to model kt\u00f3ry dodaje<\/p>\n<div class=\"klb-readmore post-buttons\"><a class=\"button black outline size-sm\" href=\"https:\/\/madelinefashion.pl\/en\/product\/sukienka-cekinowa-z-piorkami-trapezowa-andy-czerwona\/\">Read More <i class=\"klbth-icon-right-arrow\"><\/i><\/a><\/div>","protected":false},"featured_media":111227,"template":"","meta":[],"product_brand":[],"product_cat":[124,558],"product_tag":[504,385,258,262],"class_list":{"0":"post-111240","1":"product","2":"type-product","3":"status-publish","4":"has-post-thumbnail","6":"product_cat-sukienki-okolicznosciowe","7":"product_cat-sukienki-cekinowe","8":"product_tag-party-time","9":"product_tag-plus-size","10":"product_tag-sukienka-czerwona","11":"product_tag-sukienki-krotkie","13":"first","14":"outofstock","15":"sale","16":"purchasable","17":"product-type-simple"},"_links":{"self":[{"href":"https:\/\/madelinefashion.pl\/en\/wp-json\/wp\/v2\/product\/111240","targetHints":{"allow":["GET"]}}],"collection":[{"href":"https:\/\/madelinefashion.pl\/en\/wp-json\/wp\/v2\/product"}],"about":[{"href":"https:\/\/madelinefashion.pl\/en\/wp-json\/wp\/v2\/types\/product"}],"wp:featuredmedia":[{"embeddable":true,"href":"https:\/\/madelinefashion.pl\/en\/wp-json\/wp\/v2\/media\/111227"}],"wp:attachment":[{"href":"https:\/\/madelinefashion.pl\/en\/wp-json\/wp\/v2\/media?parent=111240"}],"wp:term":[{"taxonomy":"product_brand","embeddable":true,"href":"https:\/\/madelinefashion.pl\/en\/wp-json\/wp\/v2\/product_brand?post=111240"},{"taxonomy":"product_cat","embeddable":true,"href":"https:\/\/madelinefashion.pl\/en\/wp-json\/wp\/v2\/product_cat?post=111240"},{"taxonomy":"product_tag","embeddable":true,"href":"https:\/\/madelinefashion.pl\/en\/wp-json\/wp\/v2\/product_tag?post=111240"}],"curies":[{"name":"wp","href":"https:\/\/api.w.org\/{rel}","templated":true}]}}