{"id":111524,"date":"2023-11-28T10:12:49","date_gmt":"2023-11-28T09:12:49","guid":{"rendered":"https:\/\/madelinefashion.pl\/?post_type=product&#038;p=111524"},"modified":"2026-04-10T14:43:22","modified_gmt":"2026-04-10T12:43:22","slug":"sukienka-brokatowa-na-ramiaczkach-asymetryczna-alla-czarna","status":"publish","type":"product","link":"https:\/\/madelinefashion.pl\/en\/product\/sukienka-brokatowa-na-ramiaczkach-asymetryczna-alla-czarna\/","title":{"rendered":"Sukienka Brokatowa Na Rami\u0105czkach Asymetryczna Alla Czarna"},"content":{"rendered":"<h3 style=\"text-align: center;\">Sukienka Brokatowa Na Rami\u0105czkach Asymetryczna Alla Czarna<\/h3>\n<p style=\"text-align: center;\"><strong>A phenomenal long brocade dress with a slit.<\/strong>\u00a0 A wonderful brocade evening dress with an envelope neckline beautifully exposes the bust. The evening dress fits the figure very nicely. <strong><span style=\"vertical-align: inherit;\">Brocade dress<\/span><\/strong><span style=\"vertical-align: inherit;\">\u00a0 also beautifully exposes the back. <\/span>\u00a0<strong>You are looking for the perfect dress for a wedding, New Year&#039;s Eve, carnival or prom<\/strong>? This model will be perfect. Glitter dress -<strong>\u00a0it shimmers beautifully and looks simply wonderful<\/strong> !! Brocade dresses are extremely stylish and look like the outfits of movie stars. See our offer <a href=\"https:\/\/madelinefashion.pl\/en\/sukienki-i-kombinezony\/sukienki-okolicznosciowe\/\"><strong>evening dresses<\/strong><\/a>\u00a0and choose the model you will be in\u00a0<strong>look like a star<\/strong> and you will stand out from the crowd. The maxi dress shimmers fabulously in the light of the lamps. One cannot be indifferent to her. Dress in maxi version to the ground, fitted with a deep neckline. Dress with thin straps. <strong>The effect is complemented by a large cut exposing the leg.\u00a0<\/strong> Our dresses are the perfect choice for<strong> wedding, prom, New Year&#039;s Eve and other elegant special events.<\/strong> \u00a0Available in our e-shop in several color variants, so do not hesitate and choose the one that is perfect for you. If you can&#039;t decide which color,\u00a0<strong>size<\/strong>\u00a0is the best for you,\u00a0<strong>contact us<\/strong>\u00a0through\u00a0<a href=\"https:\/\/www.facebook.com\/madelinefashionbutik\" target=\"_blank\" rel=\"noopener\">Facebook<\/a>\u00a0or\u00a0<a href=\"https:\/\/madelinefashion.pl\/en\/kontakt\/\">phone<\/a>. If the size is not available on the website, please contact us.<\/p>\n<h3 style=\"text-align: center;\">DRESS DIMENSIONS:<\/h3>\n<ul style=\"text-align: center;\">\n<li>Total length: 123 cm<\/li>\n<li>Width from armpit to armpit: 37 cm \u2013 47 cm<\/li>\n<li>Waist width: 32 cm \u2013 49 cm<\/li>\n<li>Hip width: 37 cm \u2013 52 cm<\/li>\n<li><\/li>\n<li><\/li>\n<\/ul>\n<p style=\"text-align: center;\">Dimensions may slightly differ from the given +\/- 2cm. All dimensions given are measured flat.<\/p>\n<p style=\"text-align: center;\">X2 dimension<\/p>\n<p style=\"text-align: center;\"><strong>\u00a0<\/strong><\/p>\n<table style=\"height: 231px;\" width=\"590\">\n<tbody>\n<tr>\n<td width=\"302\">Model<\/td>\n<td width=\"302\">Alla Asymmetrical Strappy Brocade Dress<\/td>\n<\/tr>\n<tr>\n<td width=\"302\">Color<\/td>\n<td width=\"302\">Black<\/td>\n<\/tr>\n<tr>\n<td width=\"302\">Collection<\/td>\n<td width=\"302\">Fall \/ Winter \/ Spring<\/td>\n<\/tr>\n<tr>\n<td width=\"302\">Sizes<\/td>\n<td width=\"302\">Universal<\/td>\n<\/tr>\n<tr>\n<td width=\"302\">Fashion<\/td>\n<td width=\"302\">Fitted \/ Envelope<\/td>\n<\/tr>\n<tr>\n<td width=\"302\">Decoration<\/td>\n<td width=\"302\">Glitter<\/td>\n<\/tr>\n<tr>\n<td width=\"302\">Material<\/td>\n<td width=\"302\">97 % polyester 3 % elastane<\/td>\n<\/tr>\n<\/tbody>\n<\/table>\n<p style=\"text-align: center;\">The model has\u00a0<strong>169<\/strong>\u00a0cm tall, wears a size every day\u00a0<strong>S.<\/strong><\/p>\n<p style=\"text-align: center;\">Bust width 91 cm<\/p>\n<p style=\"text-align: center;\">Waist width 71 cm<\/p>\n<p style=\"text-align: center;\">Hip width 96 cm<\/p>\n<div class=\"additional-details\">\n<p style=\"text-align: center;\">\n<\/div>","protected":false},"excerpt":{"rendered":"<p>Sukienka Brokatowa Na Rami\u0105czkach Asymetryczna Alla Czarna Fenomenalna d\u0142uga suknia brokatowa z rozci\u0119ciem.\u00a0 Wspania\u0142a suknia wieczorowa brokatowa z dekoltem kopertowym pi\u0119knie eksponuje biust.\u00a0 Suknia wieczorowa bardzo \u0142adnie dopasowuje si\u0119 do sylwetki. Sukienka Brokatowa\u00a0 pi\u0119knie eksponuje r\u00f3wnie\u017c plecy. \u00a0Szukasz doskona\u0142ej sukni na wesele, sylwestra, karnawa\u0142 czy studni\u00f3wk\u0119? Ten model sprawdzi si\u0119 idealnie. Sukienka z brokatem \u2013\u00a0przepi\u0119knie<\/p>\n<div class=\"klb-readmore post-buttons\"><a class=\"button black outline size-sm\" href=\"https:\/\/madelinefashion.pl\/en\/product\/sukienka-brokatowa-na-ramiaczkach-asymetryczna-alla-czarna\/\">Read More <i class=\"klbth-icon-right-arrow\"><\/i><\/a><\/div>","protected":false},"featured_media":111502,"template":"","meta":[],"product_brand":[],"product_cat":[80,125,560],"product_tag":[213,504,163],"class_list":{"0":"post-111524","1":"product","2":"type-product","3":"status-publish","4":"has-post-thumbnail","6":"product_cat-sukienki-i-kombinezony","7":"product_cat-sukienki","8":"product_cat-sukienki-brokatowe","9":"product_tag-sukienka-czarna","10":"product_tag-party-time","11":"product_tag-sukienki-dlugie","13":"first","14":"outofstock","15":"purchasable","16":"product-type-simple"},"_links":{"self":[{"href":"https:\/\/madelinefashion.pl\/en\/wp-json\/wp\/v2\/product\/111524","targetHints":{"allow":["GET"]}}],"collection":[{"href":"https:\/\/madelinefashion.pl\/en\/wp-json\/wp\/v2\/product"}],"about":[{"href":"https:\/\/madelinefashion.pl\/en\/wp-json\/wp\/v2\/types\/product"}],"wp:featuredmedia":[{"embeddable":true,"href":"https:\/\/madelinefashion.pl\/en\/wp-json\/wp\/v2\/media\/111502"}],"wp:attachment":[{"href":"https:\/\/madelinefashion.pl\/en\/wp-json\/wp\/v2\/media?parent=111524"}],"wp:term":[{"taxonomy":"product_brand","embeddable":true,"href":"https:\/\/madelinefashion.pl\/en\/wp-json\/wp\/v2\/product_brand?post=111524"},{"taxonomy":"product_cat","embeddable":true,"href":"https:\/\/madelinefashion.pl\/en\/wp-json\/wp\/v2\/product_cat?post=111524"},{"taxonomy":"product_tag","embeddable":true,"href":"https:\/\/madelinefashion.pl\/en\/wp-json\/wp\/v2\/product_tag?post=111524"}],"curies":[{"name":"wp","href":"https:\/\/api.w.org\/{rel}","templated":true}]}}