{"id":111564,"date":"2023-11-28T10:44:59","date_gmt":"2023-11-28T09:44:59","guid":{"rendered":"https:\/\/madelinefashion.pl\/?post_type=product&#038;p=111564"},"modified":"2026-03-07T13:46:31","modified_gmt":"2026-03-07T12:46:31","slug":"sukienka-cekinowa-na-ramiaczkach-maxi-viola-fioletowa","status":"publish","type":"product","link":"https:\/\/madelinefashion.pl\/en\/product\/sukienka-cekinowa-na-ramiaczkach-maxi-viola-fioletowa\/","title":{"rendered":"Sukienka Cekinowa Na Rami\u0105czkach Maxi Viola Fioletowa"},"content":{"rendered":"<h3 style=\"text-align: center;\">Sukienka Cekinowa Na Rami\u0105czkach Maxi Viola Fioletowa<\/h3>\n<p style=\"text-align: center;\"><strong>Phenomenal long sequin dress with a slit.<\/strong>\u00a0 This stunning sequined evening gown with a scoop neckline beautifully accentuates the bust. The evening gown fits the figure beautifully. <strong><span style=\"vertical-align: inherit;\">Sequin Dress<\/span><\/strong><span style=\"vertical-align: inherit;\">\u00a0 also beautifully exposes the back. <\/span>\u00a0<strong>Are you looking for the perfect sequin dress for a wedding, New Year&#039;s Eve, carnival or prom?<\/strong>? This model will be perfect. Dress \u2013<strong>\u00a0it shimmers beautifully and looks simply wonderful<\/strong> Sequin dresses are exceptionally elegant and look like movie star outfits. Check out our selection! <a href=\"https:\/\/madelinefashion.pl\/en\/sukienki-i-kombinezony\/sukienki-okolicznosciowe\/\"><strong>evening dresses<\/strong><\/a>\u00a0and choose the model you will be in\u00a0<strong>look like a star<\/strong> and you&#039;ll stand out from the crowd. This maxi dress shimmers fabulously in the lamplight. It&#039;s impossible to ignore. This floor-length maxi dress features a fitted, straight neckline and thin straps. . <strong>The effect is complemented by a large cut exposing the leg.\u00a0<\/strong> Our dresses are the perfect choice for<strong> wedding, prom, New Year&#039;s Eve and other elegant special events.<\/strong> \u00a0Available in our e-shop in several color variants, so do not hesitate and choose the one that is perfect for you. If you can&#039;t decide which color,\u00a0<strong>size<\/strong>\u00a0is the best for you,\u00a0<strong>contact us<\/strong>\u00a0through\u00a0<a href=\"https:\/\/www.facebook.com\/madelinefashionbutik\" target=\"_blank\" rel=\"noopener\">Facebook<\/a>\u00a0or\u00a0<a href=\"https:\/\/madelinefashion.pl\/en\/kontakt\/\">phone<\/a>. If the size is not available on the website, please contact us.<\/p>\n<h3 style=\"text-align: center;\">DRESS DIMENSIONS:<\/h3>\n<ul style=\"text-align: center;\">\n<li>Total length: 150 cm<\/li>\n<li>Width from armpit to armpit: 44 cm \u2013 56 cm<\/li>\n<li>Waist width: 35 cm \u2013 48 cm<\/li>\n<li>Hip width: 45 cm \u2013 56 cm<\/li>\n<li><\/li>\n<li><\/li>\n<\/ul>\n<p style=\"text-align: center;\">Dimensions may slightly differ from the given +\/- 2cm. All dimensions given are measured flat.<\/p>\n<p style=\"text-align: center;\">X2 dimension<\/p>\n<p style=\"text-align: center;\"><strong>\u00a0<\/strong><\/p>\n<table style=\"height: 231px;\" width=\"590\">\n<tbody>\n<tr>\n<td width=\"302\">Model name<\/td>\n<td width=\"302\">Viola Sequin Strappy Maxi Dress<\/td>\n<\/tr>\n<tr>\n<td width=\"302\">Color<\/td>\n<td width=\"302\">Violet<\/td>\n<\/tr>\n<tr>\n<td width=\"302\">Collection<\/td>\n<td width=\"302\">Fall \/ Winter \/ Spring<\/td>\n<\/tr>\n<tr>\n<td width=\"302\">Sizes<\/td>\n<td width=\"302\">Universal<\/td>\n<\/tr>\n<tr>\n<td width=\"302\">Fashion<\/td>\n<td width=\"302\">Matched<\/td>\n<\/tr>\n<tr>\n<td width=\"302\">Decoration<\/td>\n<td width=\"302\">Sequins<\/td>\n<\/tr>\n<tr>\n<td width=\"302\">Material<\/td>\n<td width=\"302\">95 % polyester 5 % elastane<\/td>\n<\/tr>\n<\/tbody>\n<\/table>\n<p style=\"text-align: center;\">The model has\u00a0<strong>169<\/strong>\u00a0cm tall, wears a size every day\u00a0<strong>S.<\/strong><\/p>\n<p style=\"text-align: center;\">Bust width 91 cm<\/p>\n<p style=\"text-align: center;\">Waist width 71 cm<\/p>\n<p style=\"text-align: center;\">Hip width 96 cm<\/p>\n<div class=\"additional-details\">\n<p style=\"text-align: center;\">\n<\/div>","protected":false},"excerpt":{"rendered":"<p>Sukienka Cekinowa Na Rami\u0105czkach Maxi Viola Fioletowa Fenomenalna d\u0142uga suknia cekinowa z rozci\u0119ciem.\u00a0 Wspania\u0142a suknia wieczorowa cekinowa z dekoltem prostym pi\u0119knie eksponuje biust.\u00a0 Suknia wieczorowa bardzo \u0142adnie dopasowuje si\u0119 do sylwetki. Sukienka Cekinowa\u00a0 pi\u0119knie eksponuje r\u00f3wnie\u017c plecy. \u00a0Szukasz doskona\u0142ej sukni na cekinowa wesele, sylwestra, karnawa\u0142 czy studni\u00f3wk\u0119? Ten model sprawdzi si\u0119 idealnie. Sukienka\u00a0 \u2013\u00a0przepi\u0119knie si\u0119<\/p>\n<div class=\"klb-readmore post-buttons\"><a class=\"button black outline size-sm\" href=\"https:\/\/madelinefashion.pl\/en\/product\/sukienka-cekinowa-na-ramiaczkach-maxi-viola-fioletowa\/\">Read More <i class=\"klbth-icon-right-arrow\"><\/i><\/a><\/div>","protected":false},"featured_media":111543,"template":"","meta":[],"product_brand":[],"product_cat":[80,125,558],"product_tag":[504,163],"class_list":{"0":"post-111564","1":"product","2":"type-product","3":"status-publish","4":"has-post-thumbnail","6":"product_cat-sukienki-i-kombinezony","7":"product_cat-sukienki","8":"product_cat-sukienki-cekinowe","9":"product_tag-party-time","10":"product_tag-sukienki-dlugie","12":"first","13":"outofstock","14":"sale","15":"purchasable","16":"product-type-simple"},"_links":{"self":[{"href":"https:\/\/madelinefashion.pl\/en\/wp-json\/wp\/v2\/product\/111564","targetHints":{"allow":["GET"]}}],"collection":[{"href":"https:\/\/madelinefashion.pl\/en\/wp-json\/wp\/v2\/product"}],"about":[{"href":"https:\/\/madelinefashion.pl\/en\/wp-json\/wp\/v2\/types\/product"}],"wp:featuredmedia":[{"embeddable":true,"href":"https:\/\/madelinefashion.pl\/en\/wp-json\/wp\/v2\/media\/111543"}],"wp:attachment":[{"href":"https:\/\/madelinefashion.pl\/en\/wp-json\/wp\/v2\/media?parent=111564"}],"wp:term":[{"taxonomy":"product_brand","embeddable":true,"href":"https:\/\/madelinefashion.pl\/en\/wp-json\/wp\/v2\/product_brand?post=111564"},{"taxonomy":"product_cat","embeddable":true,"href":"https:\/\/madelinefashion.pl\/en\/wp-json\/wp\/v2\/product_cat?post=111564"},{"taxonomy":"product_tag","embeddable":true,"href":"https:\/\/madelinefashion.pl\/en\/wp-json\/wp\/v2\/product_tag?post=111564"}],"curies":[{"name":"wp","href":"https:\/\/api.w.org\/{rel}","templated":true}]}}