{"id":111638,"date":"2023-11-28T12:55:34","date_gmt":"2023-11-28T11:55:34","guid":{"rendered":"https:\/\/madelinefashion.pl\/?post_type=product&#038;p=111638"},"modified":"2026-03-07T13:46:29","modified_gmt":"2026-03-07T12:46:29","slug":"sukienka-cekinowa-maxi-z-rekawem-dona-zlota","status":"publish","type":"product","link":"https:\/\/madelinefashion.pl\/en\/product\/sukienka-cekinowa-maxi-z-rekawem-dona-zlota\/","title":{"rendered":"Dona Gold Sequin Maxi Dress with Sleeves"},"content":{"rendered":"<h3 style=\"text-align: center;\">Dona Gold Sequin Maxi Dress with Sleeves<\/h3>\n<p style=\"text-align: center;\">This beautiful sequin dress flatters every figure. Wear it for a special occasion and make sure no one passes you by indifferently. This short-sleeved, floor-length maxi dress features an elastic waistband that beautifully accentuates the figure. The dress is lined and features short, feather-embellished sleeves. The wrap neckline perfectly highlights every feature. Pair it with your favorite heels for a unique look.\u00a0 <strong>The size is UNIVERSAL\u00a0<\/strong> recommended for ladies wearing S, M, L, XL, XXL but we recommend <strong>accurate measurement\u00a0<\/strong>according to the dimension table below. Available in our e-shop in several color variants, so do not hesitate and choose the one that is perfect for you.<\/p>\n<h3 style=\"text-align: center;\">Dress dimensions<\/h3>\n<ul style=\"text-align: center;\">\n<li>total length 121 cm<\/li>\n<li>sleeve length from shoulder 30 cm<\/li>\n<li>sleeve length from armpit 15 cm<\/li>\n<li>width from armpit to armpit: 40-56 cm<\/li>\n<li>waist width: 34-60cm<\/li>\n<li><\/li>\n<li><\/li>\n<\/ul>\n<p style=\"text-align: center;\">Dimensions may slightly differ from the given +\/- 2cm. All dimensions given are measured flat. <strong>X2 dimension<\/strong><\/p>\n<p style=\"text-align: center;\"><strong>\u00a0<\/strong><\/p>\n<table style=\"height: 175px;\" width=\"690\">\n<tbody>\n<tr>\n<td width=\"302\">Model name<\/td>\n<td width=\"302\">Dona Sequin Maxi Dress with Sleeves<\/td>\n<\/tr>\n<tr>\n<td width=\"302\">Color<\/td>\n<td width=\"302\">Golden<\/td>\n<\/tr>\n<tr>\n<td width=\"302\">Collection<\/td>\n<td width=\"302\">Fall \/ Winter \/ Spring<\/td>\n<\/tr>\n<tr>\n<td width=\"302\">Sizes<\/td>\n<td width=\"302\">Universal<\/td>\n<\/tr>\n<tr>\n<td width=\"302\">Fashion<\/td>\n<td width=\"302\">Simple \/ Flexible<\/td>\n<\/tr>\n<tr>\n<td width=\"302\">Material<\/td>\n<td width=\"302\">100 % Polyester<\/td>\n<\/tr>\n<\/tbody>\n<\/table>\n<section class=\"page-product-box\">\n<div class=\"rte\">\n<p style=\"text-align: center;\">The model has\u00a0<strong>169<\/strong>\u00a0cm tall, wears a size every day\u00a0<strong>S.<\/strong><\/p>\n<p style=\"text-align: center;\">Bust width 91 cm<\/p>\n<p style=\"text-align: center;\">Waist width 71 cm<\/p>\n<p style=\"text-align: center;\">Hip width 96 cm<\/p>\n<\/div>\n<\/section>","protected":false},"excerpt":{"rendered":"<p>Sukienka Cekinowa Maxi Z R\u0119kawem Dona Z\u0142ota Pi\u0119kna cekinowa sukienka \u015bwietnie dopasowuje si\u0119 do ka\u017cdej sylwetki.\u00a0 Za\u0142\u00f3\u017c j\u0105 na wyj\u0105tkow\u0105 okazj\u0119 i spraw, \u017ce nikt nie przejdzie obok Ciebie oboj\u0119tnie. Model na kr\u00f3tki r\u0119kaw, w wersji maxi do ziemi, posiada gumk\u0119 w talii co pi\u0119knie podkre\u015bla firgur\u0119. Sukienka posiada podszewk\u0119 oraz kr\u00f3tki zdobiony pi\u00f3rami r\u0119kaw.<\/p>\n<div class=\"klb-readmore post-buttons\"><a class=\"button black outline size-sm\" href=\"https:\/\/madelinefashion.pl\/en\/product\/sukienka-cekinowa-maxi-z-rekawem-dona-zlota\/\">Read More <i class=\"klbth-icon-right-arrow\"><\/i><\/a><\/div>","protected":false},"featured_media":111631,"template":"","meta":[],"product_brand":[],"product_cat":[124,558],"product_tag":[504,163,445],"class_list":{"0":"post-111638","1":"product","2":"type-product","3":"status-publish","4":"has-post-thumbnail","6":"product_cat-sukienki-okolicznosciowe","7":"product_cat-sukienki-cekinowe","8":"product_tag-party-time","9":"product_tag-sukienki-dlugie","10":"product_tag-sukienki-zlote","12":"first","13":"outofstock","14":"sale","15":"purchasable","16":"product-type-simple"},"_links":{"self":[{"href":"https:\/\/madelinefashion.pl\/en\/wp-json\/wp\/v2\/product\/111638","targetHints":{"allow":["GET"]}}],"collection":[{"href":"https:\/\/madelinefashion.pl\/en\/wp-json\/wp\/v2\/product"}],"about":[{"href":"https:\/\/madelinefashion.pl\/en\/wp-json\/wp\/v2\/types\/product"}],"wp:featuredmedia":[{"embeddable":true,"href":"https:\/\/madelinefashion.pl\/en\/wp-json\/wp\/v2\/media\/111631"}],"wp:attachment":[{"href":"https:\/\/madelinefashion.pl\/en\/wp-json\/wp\/v2\/media?parent=111638"}],"wp:term":[{"taxonomy":"product_brand","embeddable":true,"href":"https:\/\/madelinefashion.pl\/en\/wp-json\/wp\/v2\/product_brand?post=111638"},{"taxonomy":"product_cat","embeddable":true,"href":"https:\/\/madelinefashion.pl\/en\/wp-json\/wp\/v2\/product_cat?post=111638"},{"taxonomy":"product_tag","embeddable":true,"href":"https:\/\/madelinefashion.pl\/en\/wp-json\/wp\/v2\/product_tag?post=111638"}],"curies":[{"name":"wp","href":"https:\/\/api.w.org\/{rel}","templated":true}]}}