{"id":111676,"date":"2023-11-28T13:50:45","date_gmt":"2023-11-28T12:50:45","guid":{"rendered":"https:\/\/madelinefashion.pl\/?post_type=product&#038;p=111676"},"modified":"2025-10-14T12:11:40","modified_gmt":"2025-10-14T10:11:40","slug":"spodniczka-cekinowa-flary-zlota","status":"publish","type":"product","link":"https:\/\/madelinefashion.pl\/en\/product\/spodniczka-cekinowa-flary-zlota\/","title":{"rendered":"Sequin Flare Skirt Gold"},"content":{"rendered":"<h3 style=\"text-align: center;\">Sequin Flare Skirt Gold<\/h3>\n<p style=\"text-align: center;\"><span style=\"font-family: arial, helvetica, sans-serif; font-size: 10pt;\"><strong>Sequin Flare Skirt<\/strong> perfectly <strong>emphasizes feminine shapes<\/strong>. Elastic skirt, has a lining that is highly elastic and fitted. It is a bestseller in our boutique. The skirt is a real hit among bloggers and celebrities. <\/span><span style=\"font-size: 10pt;\">\u00a0In our skirt you will always present yourself <strong>attractive<\/strong>. <\/span><span style=\"font-size: 10pt;\"><strong>Create the perfect set<\/strong> with our <a href=\"https:\/\/madelinefashion.pl\/en\/bluzki-2\/bluzki\/\">blouses<\/a> and <a href=\"https:\/\/madelinefashion.pl\/en\/body\/\">bodami<\/a>. . Surely in our online boutique you will find the right combination with <strong>skirt<\/strong>. Recommended for ladies in sizes S, M, L We recommend <strong>accurate measurement\u00a0<\/strong>according to the dimension table below. Available in our e-shop in <strong>several color variants<\/strong>so don&#039;t hesitate and choose the one that&#039;s perfect for you. If you cannot decide which color is best for you, please contact us through <a href=\"https:\/\/www.facebook.com\/madelinefashionbutik\" target=\"_blank\" rel=\"noopener\">Facebook<\/a>\u00a0or <a href=\"https:\/\/madelinefashion.pl\/en\/kontakt\/\">phone<\/a>.<\/span><\/p>\n<p>&nbsp;<\/p>\n<p>&nbsp;<\/p>\n<h3 style=\"text-align: center;\">Dimensions:<\/h3>\n<ul>\n<li style=\"text-align: center;\">Total length \u201341 cm<\/li>\n<li style=\"text-align: center;\">Waist width \u2013 32 \u2013 48 cm (elastic)<\/li>\n<li style=\"text-align: center;\">Hip width 45-55 cm<\/li>\n<\/ul>\n<p style=\"text-align: center;\"><span style=\"font-size: 10pt;\">\u00a0<\/span><\/p>\n<p style=\"text-align: center;\"><span style=\"font-size: 10pt;\">Dimensions may slightly differ from the given +\/- 2cm. All dimensions given are measured flat.<\/span><\/p>\n<p style=\"text-align: center;\"><span style=\"font-size: 10pt;\">\u00a0<\/span><\/p>\n<table>\n<tbody>\n<tr>\n<td width=\"302\">Product name<\/td>\n<td width=\"302\">Sequin Flare Skirt<\/td>\n<\/tr>\n<tr>\n<td width=\"302\">Color<\/td>\n<td width=\"302\">Golden<\/td>\n<\/tr>\n<tr>\n<td width=\"302\">Sizes<\/td>\n<td width=\"302\">Universal<\/td>\n<\/tr>\n<tr>\n<td width=\"302\">Fashion<\/td>\n<td width=\"302\">Matched<\/td>\n<\/tr>\n<tr>\n<td width=\"302\">Material<\/td>\n<td width=\"302\">95 % Polyester 5 % Elastane<\/td>\n<\/tr>\n<\/tbody>\n<\/table>\n<p>&nbsp;<\/p>\n<p>&nbsp;<\/p>\n<p style=\"text-align: center;\">The model has\u00a0<strong>169<\/strong>\u00a0cm tall, wears a size every day\u00a0<strong>S.<\/strong><\/p>\n<p style=\"text-align: center;\">Bust width 91 cm<\/p>\n<p style=\"text-align: center;\">Waist width 71 cm<\/p>\n<p style=\"text-align: center;\">Hip width 96 cm<\/p>\n<p style=\"text-align: center;\"><span style=\"font-size: 10pt;\">\u00a0<\/span><\/p>\n<p style=\"text-align: center;\"><span style=\"font-size: 10pt;\">\u00a0<\/span><\/p>","protected":false},"excerpt":{"rendered":"<p>Sp\u00f3dniczka Cekinowa Flary Z\u0142ota Sp\u00f3dniczka Cekinowa Flary idealnie podkre\u015bla kobiece kszta\u0142ty. Sp\u00f3dniczka na gumk\u0119, posiada podszewk\u0119\u00a0 mocno elastyczna dopasowana. Jest to\u00a0 bestseler w naszym butiku. Sp\u00f3dnica jest prawdziwym hitem w\u015br\u00f3d blogerek i gwiazd. \u00a0W naszej sp\u00f3dnicy zawsze b\u0119dziesz si\u0119\u00a0 prezentowa\u0107 atrakcyjnie. Stw\u00f3rz idealny zestaw z naszymi bluzkami i bodami. . ,\u00a0 Z pewno\u015bci\u0105 w naszym<\/p>\n<div class=\"klb-readmore post-buttons\"><a class=\"button black outline size-sm\" href=\"https:\/\/madelinefashion.pl\/en\/product\/spodniczka-cekinowa-flary-zlota\/\">Read More <i class=\"klbth-icon-right-arrow\"><\/i><\/a><\/div>","protected":false},"featured_media":111664,"template":"","meta":[],"product_brand":[],"product_cat":[121,395],"product_tag":[504],"class_list":{"0":"post-111676","1":"product","2":"type-product","3":"status-publish","4":"has-post-thumbnail","6":"product_cat-mini","7":"product_cat-nowosci","8":"product_tag-party-time","9":"pa_rozmiar-s-36","10":"pa_rozmiar-m-38","11":"pa_rozmiar-l-40","13":"first","14":"outofstock","15":"purchasable","16":"product-type-simple"},"_links":{"self":[{"href":"https:\/\/madelinefashion.pl\/en\/wp-json\/wp\/v2\/product\/111676","targetHints":{"allow":["GET"]}}],"collection":[{"href":"https:\/\/madelinefashion.pl\/en\/wp-json\/wp\/v2\/product"}],"about":[{"href":"https:\/\/madelinefashion.pl\/en\/wp-json\/wp\/v2\/types\/product"}],"wp:featuredmedia":[{"embeddable":true,"href":"https:\/\/madelinefashion.pl\/en\/wp-json\/wp\/v2\/media\/111664"}],"wp:attachment":[{"href":"https:\/\/madelinefashion.pl\/en\/wp-json\/wp\/v2\/media?parent=111676"}],"wp:term":[{"taxonomy":"product_brand","embeddable":true,"href":"https:\/\/madelinefashion.pl\/en\/wp-json\/wp\/v2\/product_brand?post=111676"},{"taxonomy":"product_cat","embeddable":true,"href":"https:\/\/madelinefashion.pl\/en\/wp-json\/wp\/v2\/product_cat?post=111676"},{"taxonomy":"product_tag","embeddable":true,"href":"https:\/\/madelinefashion.pl\/en\/wp-json\/wp\/v2\/product_tag?post=111676"}],"curies":[{"name":"wp","href":"https:\/\/api.w.org\/{rel}","templated":true}]}}