{"id":111785,"date":"2023-11-29T11:25:03","date_gmt":"2023-11-29T10:25:03","guid":{"rendered":"https:\/\/madelinefashion.pl\/?post_type=product&#038;p=111785"},"modified":"2026-02-27T17:42:55","modified_gmt":"2026-02-27T16:42:55","slug":"spodnie-dresowe-z-emblematem-czarne","status":"publish","type":"product","link":"https:\/\/madelinefashion.pl\/en\/product\/spodnie-dresowe-z-emblematem-czarne\/","title":{"rendered":"Black Emblem Sweatpants"},"content":{"rendered":"<h3 style=\"text-align: center;\">Black Emblem Sweatpants<\/h3>\n<p style=\"text-align: center;\"><strong><span style=\"vertical-align: inherit;\"><span style=\"vertical-align: inherit;\">Comfortable sweatpants <\/span><\/span><\/strong><span style=\"vertical-align: inherit;\"><span style=\"vertical-align: inherit;\">is an irreplaceable model that you must have in your wardrobe. Cozy, warm and mega comfortable, it is an ideal everyday proposition. High-quality, with a thicker, fleshy material with a classic, simple cut, thanks to which our pants will be with you for years. They are very comfortable and easy to combine, they can be easily combined with our blouses, cardigans, jackets and sweatshirts. <strong>Model for women in sizes S-XL!! <\/strong>Sweatpants with an elastic waistband and a drawstring are insulated, which makes them perfect for cold autumn evenings. The model has two pockets. <strong>Perfect for everyday styling.\u00a0<\/strong><\/span><\/span><strong><span style=\"vertical-align: inherit;\"><span style=\"vertical-align: inherit;\"><br \/>\n<\/span><\/span><\/strong><\/p>\n<p>&nbsp;<\/p>\n<h3 style=\"text-align: center;\"><span style=\"vertical-align: inherit;\"><span style=\"vertical-align: inherit;\">Dimensions<\/span><\/span><\/h3>\n<p style=\"text-align: center;\">S \/ 36<\/p>\n<p style=\"text-align: center;\"><span style=\"vertical-align: inherit;\"><span style=\"vertical-align: inherit;\">Overall length: 100 cm<\/span><\/span><\/p>\n<p style=\"text-align: center;\"><span style=\"vertical-align: inherit;\"><span style=\"vertical-align: inherit;\">Inside leg length: 71 cm<\/span><\/span><\/p>\n<p style=\"text-align: center;\"><span style=\"vertical-align: inherit;\"><span style=\"vertical-align: inherit;\">Waist width: 37-48 cm<\/span><\/span><\/p>\n<p style=\"text-align: center;\"><span style=\"vertical-align: inherit;\"><span style=\"vertical-align: inherit;\">Hip width: 47-55 cm<\/span><\/span><\/p>\n<p style=\"text-align: center;\">M \/ 38<\/p>\n<p style=\"text-align: center;\"><span style=\"vertical-align: inherit;\">Overall length: 100 cm<\/span><\/p>\n<p style=\"text-align: center;\"><span style=\"vertical-align: inherit;\">Inside leg length: 72 cm<\/span><\/p>\n<p style=\"text-align: center;\"><span style=\"vertical-align: inherit;\">Waist width: 39-50 cm<\/span><\/p>\n<p style=\"text-align: center;\"><span style=\"vertical-align: inherit;\">Hip width: 49-57 cm<\/span><\/p>\n<h5 style=\"text-align: center;\">L \/ 40<\/h5>\n<p style=\"text-align: center;\"><span style=\"vertical-align: inherit;\">Total length: 101 cm<\/span><\/p>\n<p style=\"text-align: center;\"><span style=\"vertical-align: inherit;\">Inside leg length: 73 cm<\/span><\/p>\n<p style=\"text-align: center;\"><span style=\"vertical-align: inherit;\">Waist width: 41-52 cm<\/span><\/p>\n<p style=\"text-align: center;\"><span style=\"vertical-align: inherit;\">Hip width: 51-59 cm<\/span><\/p>\n<h5 style=\"text-align: center;\">XL \/ 42<\/h5>\n<p style=\"text-align: center;\"><span style=\"vertical-align: inherit;\">Overall length: 102 cm<\/span><\/p>\n<p style=\"text-align: center;\"><span style=\"vertical-align: inherit;\">Inside leg length: 74 cm<\/span><\/p>\n<p style=\"text-align: center;\"><span style=\"vertical-align: inherit;\">Waist width: 43-54 cm<\/span><\/p>\n<p style=\"text-align: center;\"><span style=\"vertical-align: inherit;\">Hip width: 53-61cm<\/span><\/p>\n<p style=\"text-align: center;\"><span style=\"vertical-align: inherit;\"><span style=\"vertical-align: inherit;\">Dimensions may vary from the given +\/- 2cm. <\/span><span style=\"vertical-align: inherit;\">All dimensions given are measured flat.<\/span><\/span><\/p>\n<p>&nbsp;<\/p>\n<p style=\"text-align: center;\">The model has\u00a0<strong>169<\/strong>\u00a0cm tall, wears a size every day\u00a0<strong>S.<\/strong><\/p>\n<p style=\"text-align: center;\">Bust width 91 cm<\/p>\n<p style=\"text-align: center;\">Waist width 71 cm<\/p>\n<p style=\"text-align: center;\">Hip width 96 cm<\/p>\n<p style=\"text-align: center;\">","protected":false},"excerpt":{"rendered":"<p>Spodnie Dresowe Z Emblematem Czarne Wygodne spodnie dresowe to niezast\u0105piony model, kt\u00f3ry musisz mie\u0107 w swojej szafie. Przytulny, ciep\u0142y i mega wygodny jest idealn\u0105 propozycj\u0105 na co dzie\u0144. Wysokiej jako\u015bci z grubszym, mi\u0119sistym materia\u0142em o klasycznym, prostym fasonie dzi\u0119ki czemu nasze Spodnie b\u0119d\u0105 z Tob\u0105 na lata. S\u0105 bardzo wygodne oraz \u0142atwe w \u0142\u0105czeniu, bez<\/p>\n<div class=\"klb-readmore post-buttons\"><a class=\"button black outline size-sm\" href=\"https:\/\/madelinefashion.pl\/en\/product\/spodnie-dresowe-z-emblematem-czarne\/\">Read More <i class=\"klbth-icon-right-arrow\"><\/i><\/a><\/div>","protected":false},"featured_media":111781,"template":"","meta":[],"product_brand":[],"product_cat":[83,395],"product_tag":[475],"class_list":{"0":"post-111785","1":"product","2":"type-product","3":"status-publish","4":"has-post-thumbnail","6":"product_cat-spodnie","7":"product_cat-nowosci","8":"product_tag-spodnie-dlugie","9":"pa_rozmiar-s","10":"pa_rozmiar-m","11":"pa_rozmiar-l","12":"pa_rozmiar-xl","14":"first","15":"instock","16":"purchasable","17":"product-type-variable"},"_links":{"self":[{"href":"https:\/\/madelinefashion.pl\/en\/wp-json\/wp\/v2\/product\/111785","targetHints":{"allow":["GET"]}}],"collection":[{"href":"https:\/\/madelinefashion.pl\/en\/wp-json\/wp\/v2\/product"}],"about":[{"href":"https:\/\/madelinefashion.pl\/en\/wp-json\/wp\/v2\/types\/product"}],"wp:featuredmedia":[{"embeddable":true,"href":"https:\/\/madelinefashion.pl\/en\/wp-json\/wp\/v2\/media\/111781"}],"wp:attachment":[{"href":"https:\/\/madelinefashion.pl\/en\/wp-json\/wp\/v2\/media?parent=111785"}],"wp:term":[{"taxonomy":"product_brand","embeddable":true,"href":"https:\/\/madelinefashion.pl\/en\/wp-json\/wp\/v2\/product_brand?post=111785"},{"taxonomy":"product_cat","embeddable":true,"href":"https:\/\/madelinefashion.pl\/en\/wp-json\/wp\/v2\/product_cat?post=111785"},{"taxonomy":"product_tag","embeddable":true,"href":"https:\/\/madelinefashion.pl\/en\/wp-json\/wp\/v2\/product_tag?post=111785"}],"curies":[{"name":"wp","href":"https:\/\/api.w.org\/{rel}","templated":true}]}}